{"id":3432231,"date":"2025-10-09T22:57:48","date_gmt":"2025-10-10T02:57:48","guid":{"rendered":"https:\/\/stoic-curie.212-227-153-4.plesk.page\/product\/marine-feuerloescher-1-kg-5-a-34-b-c\/"},"modified":"2026-02-24T23:35:10","modified_gmt":"2026-02-24T23:35:10","slug":"marine-feuerloescher-1-kg-5-a-34-b-c","status":"publish","type":"product","link":"https:\/\/stoic-curie.212-227-153-4.plesk.page\/de\/product\/marine-feuerloescher-1-kg-5-a-34-b-c\/","title":{"rendered":"Marine Feuerl\u00f6scher 1 kg ( 5-A-34 B-C)"},"content":{"rendered":"<p>Marine Feuerl\u00f6scher 1 kg ( 5-A-34 B-C) &#8211; <\/p>\n<p>Trockenpulverl\u00f6schger\u00e4t, genehmigt nach M.E.D. 96\/98\/EG und CE 0029 EN3. Es wird mit einem Lade-Manometer und dem gestempelten Herstellungsdatum geliefert. Wird ohne Ablaufdatum verkauft (nicht erforderlich f\u00fcr kleine Boote). F\u00fcr Boote muss das Ablaufdatum bei einer Wartungsfachkraft f\u00fcr L\u00f6schger\u00e4te angefordert werden.<\/p>\n","protected":false},"excerpt":{"rendered":"<p>Marine Feuerl\u00f6scher 1 kg ( 5-A-34 B-C) &#8211; Trockenpulverl\u00f6schger\u00e4t, genehmigt nach M.E.D. 96\/98\/EG und CE 0029 EN3. Es wird mit<\/p>\n","protected":false},"featured_media":5945602,"comment_status":"closed","ping_status":"closed","template":"","meta":[],"product_brand":[2775],"product_cat":[1313],"product_tag":[],"class_list":{"0":"post-3432231","1":"product","2":"type-product","3":"status-publish","4":"has-post-thumbnail","6":"product_brand-anaf-marine-de","7":"product_cat-marine-feuerloescher","9":"first","10":"instock","11":"shipping-taxable","12":"purchasable","13":"product-type-simple"},"_links":{"self":[{"href":"https:\/\/stoic-curie.212-227-153-4.plesk.page\/de\/wp-json\/wp\/v2\/product\/3432231","targetHints":{"allow":["GET"]}}],"collection":[{"href":"https:\/\/stoic-curie.212-227-153-4.plesk.page\/de\/wp-json\/wp\/v2\/product"}],"about":[{"href":"https:\/\/stoic-curie.212-227-153-4.plesk.page\/de\/wp-json\/wp\/v2\/types\/product"}],"replies":[{"embeddable":true,"href":"https:\/\/stoic-curie.212-227-153-4.plesk.page\/de\/wp-json\/wp\/v2\/comments?post=3432231"}],"version-history":[{"count":0,"href":"https:\/\/stoic-curie.212-227-153-4.plesk.page\/de\/wp-json\/wp\/v2\/product\/3432231\/revisions"}],"wp:featuredmedia":[{"embeddable":true,"href":"https:\/\/stoic-curie.212-227-153-4.plesk.page\/de\/wp-json\/wp\/v2\/media\/5945602"}],"wp:attachment":[{"href":"https:\/\/stoic-curie.212-227-153-4.plesk.page\/de\/wp-json\/wp\/v2\/media?parent=3432231"}],"wp:term":[{"taxonomy":"product_brand","embeddable":true,"href":"https:\/\/stoic-curie.212-227-153-4.plesk.page\/de\/wp-json\/wp\/v2\/product_brand?post=3432231"},{"taxonomy":"product_cat","embeddable":true,"href":"https:\/\/stoic-curie.212-227-153-4.plesk.page\/de\/wp-json\/wp\/v2\/product_cat?post=3432231"},{"taxonomy":"product_tag","embeddable":true,"href":"https:\/\/stoic-curie.212-227-153-4.plesk.page\/de\/wp-json\/wp\/v2\/product_tag?post=3432231"}],"curies":[{"name":"wp","href":"https:\/\/api.w.org\/{rel}","templated":true}]}}