{"id":3432346,"date":"2025-10-09T22:57:53","date_gmt":"2025-10-10T02:57:53","guid":{"rendered":"https:\/\/stoic-curie.212-227-153-4.plesk.page\/product\/schwimmender-windegriff-200-mm\/"},"modified":"2026-02-24T23:35:11","modified_gmt":"2026-02-24T23:35:11","slug":"schwimmender-windegriff-200-mm","status":"publish","type":"product","link":"https:\/\/stoic-curie.212-227-153-4.plesk.page\/de\/product\/schwimmender-windegriff-200-mm\/","title":{"rendered":"Schwimmender Windegriff 200 mm"},"content":{"rendered":"<p>Schwimmender Windegriff 200 mm &#8211; <\/p>\n<p>Dieser Griff ist ideal f\u00fcr kleine und mittelgro\u00dfe Segelboote. Er zeichnet sich durch eine leichte und robuste Konstruktion mit einem Schlie\u00dfsystem aus. Er schwimmt.<\/p>\n","protected":false},"excerpt":{"rendered":"<p>Schwimmender Windegriff 200 mm &#8211; Dieser Griff ist ideal f\u00fcr kleine und mittelgro\u00dfe Segelboote. Er zeichnet sich durch eine leichte<\/p>\n","protected":false},"featured_media":5945684,"comment_status":"closed","ping_status":"closed","template":"","meta":[],"product_brand":[3235],"product_cat":[1486],"product_tag":[],"class_list":{"0":"post-3432346","1":"product","2":"type-product","3":"status-publish","4":"has-post-thumbnail","6":"product_brand-osculati-de","7":"product_cat-antal-winden","9":"first","10":"instock","11":"shipping-taxable","12":"purchasable","13":"product-type-simple"},"_links":{"self":[{"href":"https:\/\/stoic-curie.212-227-153-4.plesk.page\/de\/wp-json\/wp\/v2\/product\/3432346","targetHints":{"allow":["GET"]}}],"collection":[{"href":"https:\/\/stoic-curie.212-227-153-4.plesk.page\/de\/wp-json\/wp\/v2\/product"}],"about":[{"href":"https:\/\/stoic-curie.212-227-153-4.plesk.page\/de\/wp-json\/wp\/v2\/types\/product"}],"replies":[{"embeddable":true,"href":"https:\/\/stoic-curie.212-227-153-4.plesk.page\/de\/wp-json\/wp\/v2\/comments?post=3432346"}],"version-history":[{"count":0,"href":"https:\/\/stoic-curie.212-227-153-4.plesk.page\/de\/wp-json\/wp\/v2\/product\/3432346\/revisions"}],"wp:featuredmedia":[{"embeddable":true,"href":"https:\/\/stoic-curie.212-227-153-4.plesk.page\/de\/wp-json\/wp\/v2\/media\/5945684"}],"wp:attachment":[{"href":"https:\/\/stoic-curie.212-227-153-4.plesk.page\/de\/wp-json\/wp\/v2\/media?parent=3432346"}],"wp:term":[{"taxonomy":"product_brand","embeddable":true,"href":"https:\/\/stoic-curie.212-227-153-4.plesk.page\/de\/wp-json\/wp\/v2\/product_brand?post=3432346"},{"taxonomy":"product_cat","embeddable":true,"href":"https:\/\/stoic-curie.212-227-153-4.plesk.page\/de\/wp-json\/wp\/v2\/product_cat?post=3432346"},{"taxonomy":"product_tag","embeddable":true,"href":"https:\/\/stoic-curie.212-227-153-4.plesk.page\/de\/wp-json\/wp\/v2\/product_tag?post=3432346"}],"curies":[{"name":"wp","href":"https:\/\/api.w.org\/{rel}","templated":true}]}}