{"id":3432378,"date":"2025-10-09T22:57:54","date_gmt":"2025-10-10T02:57:54","guid":{"rendered":"https:\/\/stoic-curie.212-227-153-4.plesk.page\/product\/ratschen-gurt-50mm-x-85-m-4000-kg\/"},"modified":"2026-02-24T23:35:11","modified_gmt":"2026-02-24T23:35:11","slug":"ratschen-gurt-50mm-x-85-m-4000-kg","status":"publish","type":"product","link":"https:\/\/stoic-curie.212-227-153-4.plesk.page\/de\/product\/ratschen-gurt-50mm-x-85-m-4000-kg\/","title":{"rendered":"Ratschen-Gurt 50mm x 8,5 m 4000 kg"},"content":{"rendered":"<p>Ratschen-Gurt 50mm x 8,5 m 4000 kg &#8211; <\/p>\n<p>Ratschengurt mit hochfestem Polyesterband und Eisen-Kadmium-Ratsche. Ideal zum Verzurren jeder Ladung auf Booten, Br\u00fccken, Lader\u00e4umen, Wagen und Fahrzeugen. CE-gekennzeichnet gem\u00e4\u00df EN 12195-2.<\/p>\n","protected":false},"excerpt":{"rendered":"<p>Ratschen-Gurt 50mm x 8,5 m 4000 kg &#8211; Ratschengurt mit hochfestem Polyesterband und Eisen-Kadmium-Ratsche. Ideal zum Verzurren jeder Ladung auf<\/p>\n","protected":false},"featured_media":5945688,"comment_status":"closed","ping_status":"closed","template":"","meta":[],"product_brand":[2890],"product_cat":[1551],"product_tag":[],"class_list":{"0":"post-3432378","1":"product","2":"type-product","3":"status-publish","4":"has-post-thumbnail","6":"product_brand-domar-de","7":"product_cat-gurte-und-spanngurte","9":"first","10":"instock","11":"shipping-taxable","12":"purchasable","13":"product-type-simple"},"_links":{"self":[{"href":"https:\/\/stoic-curie.212-227-153-4.plesk.page\/de\/wp-json\/wp\/v2\/product\/3432378","targetHints":{"allow":["GET"]}}],"collection":[{"href":"https:\/\/stoic-curie.212-227-153-4.plesk.page\/de\/wp-json\/wp\/v2\/product"}],"about":[{"href":"https:\/\/stoic-curie.212-227-153-4.plesk.page\/de\/wp-json\/wp\/v2\/types\/product"}],"replies":[{"embeddable":true,"href":"https:\/\/stoic-curie.212-227-153-4.plesk.page\/de\/wp-json\/wp\/v2\/comments?post=3432378"}],"version-history":[{"count":0,"href":"https:\/\/stoic-curie.212-227-153-4.plesk.page\/de\/wp-json\/wp\/v2\/product\/3432378\/revisions"}],"wp:featuredmedia":[{"embeddable":true,"href":"https:\/\/stoic-curie.212-227-153-4.plesk.page\/de\/wp-json\/wp\/v2\/media\/5945688"}],"wp:attachment":[{"href":"https:\/\/stoic-curie.212-227-153-4.plesk.page\/de\/wp-json\/wp\/v2\/media?parent=3432378"}],"wp:term":[{"taxonomy":"product_brand","embeddable":true,"href":"https:\/\/stoic-curie.212-227-153-4.plesk.page\/de\/wp-json\/wp\/v2\/product_brand?post=3432378"},{"taxonomy":"product_cat","embeddable":true,"href":"https:\/\/stoic-curie.212-227-153-4.plesk.page\/de\/wp-json\/wp\/v2\/product_cat?post=3432378"},{"taxonomy":"product_tag","embeddable":true,"href":"https:\/\/stoic-curie.212-227-153-4.plesk.page\/de\/wp-json\/wp\/v2\/product_tag?post=3432378"}],"curies":[{"name":"wp","href":"https:\/\/api.w.org\/{rel}","templated":true}]}}