{"id":3432601,"date":"2025-10-09T22:58:04","date_gmt":"2025-10-10T02:58:04","guid":{"rendered":"https:\/\/stoic-curie.212-227-153-4.plesk.page\/product\/adapterplatte-fuer-lombardini-anoden\/"},"modified":"2026-02-24T23:35:12","modified_gmt":"2026-02-24T23:35:12","slug":"adapterplatte-fuer-lombardini-anoden","status":"publish","type":"product","link":"https:\/\/stoic-curie.212-227-153-4.plesk.page\/de\/product\/adapterplatte-fuer-lombardini-anoden\/","title":{"rendered":"Adapterplatte f\u00fcr Lombardini-Anoden"},"content":{"rendered":"<p>Adapterplatte f\u00fcr Lombardini-Anoden &#8211; <\/p>\n<p>Kranzanode f\u00fcr Lombardini Sail-Drive-Motoren. Die Adapterplatte aus Edelstahl wird zur Montage von zweigeteilten Kr\u00e4nzen an der Stelle des alten einteiligen Kranzes verwendet.<\/p>\n","protected":false},"excerpt":{"rendered":"<p>Adapterplatte f\u00fcr Lombardini-Anoden &#8211; Kranzanode f\u00fcr Lombardini Sail-Drive-Motoren. Die Adapterplatte aus Edelstahl wird zur Montage von zweigeteilten Kr\u00e4nzen an der<\/p>\n","protected":false},"featured_media":5945760,"comment_status":"closed","ping_status":"closed","template":"","meta":[],"product_brand":[3475],"product_cat":[1349],"product_tag":[],"class_list":{"0":"post-3432601","1":"product","2":"type-product","3":"status-publish","4":"has-post-thumbnail","6":"product_brand-tecnoseal-de","7":"product_cat-anoden-fuer-propeller","9":"first","10":"instock","11":"shipping-taxable","12":"purchasable","13":"product-type-simple"},"_links":{"self":[{"href":"https:\/\/stoic-curie.212-227-153-4.plesk.page\/de\/wp-json\/wp\/v2\/product\/3432601","targetHints":{"allow":["GET"]}}],"collection":[{"href":"https:\/\/stoic-curie.212-227-153-4.plesk.page\/de\/wp-json\/wp\/v2\/product"}],"about":[{"href":"https:\/\/stoic-curie.212-227-153-4.plesk.page\/de\/wp-json\/wp\/v2\/types\/product"}],"replies":[{"embeddable":true,"href":"https:\/\/stoic-curie.212-227-153-4.plesk.page\/de\/wp-json\/wp\/v2\/comments?post=3432601"}],"version-history":[{"count":0,"href":"https:\/\/stoic-curie.212-227-153-4.plesk.page\/de\/wp-json\/wp\/v2\/product\/3432601\/revisions"}],"wp:featuredmedia":[{"embeddable":true,"href":"https:\/\/stoic-curie.212-227-153-4.plesk.page\/de\/wp-json\/wp\/v2\/media\/5945760"}],"wp:attachment":[{"href":"https:\/\/stoic-curie.212-227-153-4.plesk.page\/de\/wp-json\/wp\/v2\/media?parent=3432601"}],"wp:term":[{"taxonomy":"product_brand","embeddable":true,"href":"https:\/\/stoic-curie.212-227-153-4.plesk.page\/de\/wp-json\/wp\/v2\/product_brand?post=3432601"},{"taxonomy":"product_cat","embeddable":true,"href":"https:\/\/stoic-curie.212-227-153-4.plesk.page\/de\/wp-json\/wp\/v2\/product_cat?post=3432601"},{"taxonomy":"product_tag","embeddable":true,"href":"https:\/\/stoic-curie.212-227-153-4.plesk.page\/de\/wp-json\/wp\/v2\/product_tag?post=3432601"}],"curies":[{"name":"wp","href":"https:\/\/api.w.org\/{rel}","templated":true}]}}