{"id":3432667,"date":"2025-10-09T22:58:07","date_gmt":"2025-10-10T02:58:07","guid":{"rendered":"https:\/\/stoic-curie.212-227-153-4.plesk.page\/product\/kit-aluminium-anoden-fuer-volvo-penta-290-duo-prop-3\/"},"modified":"2026-02-24T23:35:12","modified_gmt":"2026-02-24T23:35:12","slug":"kit-aluminium-anoden-fuer-volvo-penta-290-duo-prop-3","status":"publish","type":"product","link":"https:\/\/stoic-curie.212-227-153-4.plesk.page\/de\/product\/kit-aluminium-anoden-fuer-volvo-penta-290-duo-prop-3\/","title":{"rendered":"Kit Aluminium-Anoden f\u00fcr Volvo Penta 290 Duo Prop"},"content":{"rendered":"<p>Kit Aluminium-Anoden f\u00fcr Volvo Penta 290 Duo Prop &#8211; <\/p>\n<p>Tecnoseal Aluminiumanoden-Kit f\u00fcr Volvo Penta 290 Duo Prop<br \/> \u2022 Sch\u00fctzt 50 % l\u00e4nger als herk\u00f6mmliche Zinkanoden<br \/> \u2022 Wiegt 50 % weniger als herk\u00f6mmliche Zinkanoden<\/p>\n","protected":false},"excerpt":{"rendered":"<p>Kit Aluminium-Anoden f\u00fcr Volvo Penta 290 Duo Prop &#8211; Tecnoseal Aluminiumanoden-Kit f\u00fcr Volvo Penta 290 Duo Prop \u2022 Sch\u00fctzt 50<\/p>\n","protected":false},"featured_media":5945768,"comment_status":"closed","ping_status":"closed","template":"","meta":[],"product_brand":[3475],"product_cat":[1542],"product_tag":[],"class_list":{"0":"post-3432667","1":"product","2":"type-product","3":"status-publish","4":"has-post-thumbnail","6":"product_brand-tecnoseal-de","7":"product_cat-marine-ersatzteile-fuer-volvo-penta","9":"first","10":"instock","11":"shipping-taxable","12":"purchasable","13":"product-type-simple"},"_links":{"self":[{"href":"https:\/\/stoic-curie.212-227-153-4.plesk.page\/de\/wp-json\/wp\/v2\/product\/3432667","targetHints":{"allow":["GET"]}}],"collection":[{"href":"https:\/\/stoic-curie.212-227-153-4.plesk.page\/de\/wp-json\/wp\/v2\/product"}],"about":[{"href":"https:\/\/stoic-curie.212-227-153-4.plesk.page\/de\/wp-json\/wp\/v2\/types\/product"}],"replies":[{"embeddable":true,"href":"https:\/\/stoic-curie.212-227-153-4.plesk.page\/de\/wp-json\/wp\/v2\/comments?post=3432667"}],"version-history":[{"count":0,"href":"https:\/\/stoic-curie.212-227-153-4.plesk.page\/de\/wp-json\/wp\/v2\/product\/3432667\/revisions"}],"wp:featuredmedia":[{"embeddable":true,"href":"https:\/\/stoic-curie.212-227-153-4.plesk.page\/de\/wp-json\/wp\/v2\/media\/5945768"}],"wp:attachment":[{"href":"https:\/\/stoic-curie.212-227-153-4.plesk.page\/de\/wp-json\/wp\/v2\/media?parent=3432667"}],"wp:term":[{"taxonomy":"product_brand","embeddable":true,"href":"https:\/\/stoic-curie.212-227-153-4.plesk.page\/de\/wp-json\/wp\/v2\/product_brand?post=3432667"},{"taxonomy":"product_cat","embeddable":true,"href":"https:\/\/stoic-curie.212-227-153-4.plesk.page\/de\/wp-json\/wp\/v2\/product_cat?post=3432667"},{"taxonomy":"product_tag","embeddable":true,"href":"https:\/\/stoic-curie.212-227-153-4.plesk.page\/de\/wp-json\/wp\/v2\/product_tag?post=3432667"}],"curies":[{"name":"wp","href":"https:\/\/api.w.org\/{rel}","templated":true}]}}