{"id":3432778,"date":"2025-10-09T22:58:11","date_gmt":"2025-10-10T02:58:11","guid":{"rendered":"https:\/\/stoic-curie.212-227-153-4.plesk.page\/product\/maske-3m-4000-ffa1p2\/"},"modified":"2026-02-24T23:35:12","modified_gmt":"2026-02-24T23:35:12","slug":"maske-3m-4000-ffa1p2","status":"publish","type":"product","link":"https:\/\/stoic-curie.212-227-153-4.plesk.page\/de\/product\/maske-3m-4000-ffa1p2\/","title":{"rendered":"Maske 3M 4000 FFA1P2"},"content":{"rendered":"<p>Maske 3M 4000 FFA1P2 &#8211; <\/p>\n<p>Die 3M 4000 Gasmaske ist mit einem integrierten Paar von Aktivkohlefiltern ausgestattet, die D\u00e4mpfe, sch\u00e4dliche Partikel und Gase im maritimen Sektor herausfiltern. Sie besteht aus leichtem, hypoallergenem Material und verf\u00fcgt \u00fcber ein anatomisches Tragesystem mit einem einfachen Riemenverschluss. Das Design sorgt f\u00fcr ein verbessertes peripheres Sichtfeld. Ausgestattet mit einem parabolischen Ventil, das die W\u00e4rmeansammlung reduziert und das Atmen erleichtert. Entspricht der Norm EN405:2001 CE.<\/p>\n","protected":false},"excerpt":{"rendered":"<p>Maske 3M 4000 FFA1P2 &#8211; Die 3M 4000 Gasmaske ist mit einem integrierten Paar von Aktivkohlefiltern ausgestattet, die D\u00e4mpfe, sch\u00e4dliche<\/p>\n","protected":false},"featured_media":5945858,"comment_status":"closed","ping_status":"closed","template":"","meta":[],"product_brand":[2770],"product_cat":[1345],"product_tag":[],"class_list":{"0":"post-3432778","1":"product","2":"type-product","3":"status-publish","4":"has-post-thumbnail","6":"product_brand-3m-marine-de","7":"product_cat-malerwerkzeug","9":"first","10":"instock","11":"shipping-taxable","12":"purchasable","13":"product-type-simple"},"_links":{"self":[{"href":"https:\/\/stoic-curie.212-227-153-4.plesk.page\/de\/wp-json\/wp\/v2\/product\/3432778","targetHints":{"allow":["GET"]}}],"collection":[{"href":"https:\/\/stoic-curie.212-227-153-4.plesk.page\/de\/wp-json\/wp\/v2\/product"}],"about":[{"href":"https:\/\/stoic-curie.212-227-153-4.plesk.page\/de\/wp-json\/wp\/v2\/types\/product"}],"replies":[{"embeddable":true,"href":"https:\/\/stoic-curie.212-227-153-4.plesk.page\/de\/wp-json\/wp\/v2\/comments?post=3432778"}],"version-history":[{"count":0,"href":"https:\/\/stoic-curie.212-227-153-4.plesk.page\/de\/wp-json\/wp\/v2\/product\/3432778\/revisions"}],"wp:featuredmedia":[{"embeddable":true,"href":"https:\/\/stoic-curie.212-227-153-4.plesk.page\/de\/wp-json\/wp\/v2\/media\/5945858"}],"wp:attachment":[{"href":"https:\/\/stoic-curie.212-227-153-4.plesk.page\/de\/wp-json\/wp\/v2\/media?parent=3432778"}],"wp:term":[{"taxonomy":"product_brand","embeddable":true,"href":"https:\/\/stoic-curie.212-227-153-4.plesk.page\/de\/wp-json\/wp\/v2\/product_brand?post=3432778"},{"taxonomy":"product_cat","embeddable":true,"href":"https:\/\/stoic-curie.212-227-153-4.plesk.page\/de\/wp-json\/wp\/v2\/product_cat?post=3432778"},{"taxonomy":"product_tag","embeddable":true,"href":"https:\/\/stoic-curie.212-227-153-4.plesk.page\/de\/wp-json\/wp\/v2\/product_tag?post=3432778"}],"curies":[{"name":"wp","href":"https:\/\/api.w.org\/{rel}","templated":true}]}}