{"id":3432805,"date":"2025-10-09T22:58:12","date_gmt":"2025-10-10T02:58:12","guid":{"rendered":"https:\/\/stoic-curie.212-227-153-4.plesk.page\/product\/schutzanzug-3m-4520-groesse-xxl\/"},"modified":"2026-02-24T23:35:12","modified_gmt":"2026-02-24T23:35:12","slug":"schutzanzug-3m-4520-groesse-xxl","status":"publish","type":"product","link":"https:\/\/stoic-curie.212-227-153-4.plesk.page\/de\/product\/schutzanzug-3m-4520-groesse-xxl\/","title":{"rendered":"Schutzanzug 3M 4520, Gr\u00f6\u00dfe XXL"},"content":{"rendered":"<p>Schutzanzug 3M 4520, Gr\u00f6\u00dfe XXL &#8211; <\/p>\n<p>Sehr widerstandsf\u00e4higer, atmungsaktiver und komfortabler Schutzhandschuh 3M 4520. Hergestellt aus antistatischem Material mit gestrickten B\u00fcndchen, doppeltem Rei\u00dfverschluss mit \u00dcberlappung, Kapuze, elastischem G\u00fcrtel und Kn\u00f6cheln sowie verst\u00e4rkten N\u00e4hten. CE-konform nach Typ 5 und Typ 6.<\/p>\n","protected":false},"excerpt":{"rendered":"<p>Schutzanzug 3M 4520, Gr\u00f6\u00dfe XXL &#8211; Sehr widerstandsf\u00e4higer, atmungsaktiver und komfortabler Schutzhandschuh 3M 4520. Hergestellt aus antistatischem Material mit gestrickten<\/p>\n","protected":false},"featured_media":5945859,"comment_status":"closed","ping_status":"closed","template":"","meta":[],"product_brand":[2770],"product_cat":[1345],"product_tag":[],"class_list":{"0":"post-3432805","1":"product","2":"type-product","3":"status-publish","4":"has-post-thumbnail","6":"product_brand-3m-marine-de","7":"product_cat-malerwerkzeug","9":"first","10":"instock","11":"shipping-taxable","12":"purchasable","13":"product-type-simple"},"_links":{"self":[{"href":"https:\/\/stoic-curie.212-227-153-4.plesk.page\/de\/wp-json\/wp\/v2\/product\/3432805","targetHints":{"allow":["GET"]}}],"collection":[{"href":"https:\/\/stoic-curie.212-227-153-4.plesk.page\/de\/wp-json\/wp\/v2\/product"}],"about":[{"href":"https:\/\/stoic-curie.212-227-153-4.plesk.page\/de\/wp-json\/wp\/v2\/types\/product"}],"replies":[{"embeddable":true,"href":"https:\/\/stoic-curie.212-227-153-4.plesk.page\/de\/wp-json\/wp\/v2\/comments?post=3432805"}],"version-history":[{"count":0,"href":"https:\/\/stoic-curie.212-227-153-4.plesk.page\/de\/wp-json\/wp\/v2\/product\/3432805\/revisions"}],"wp:featuredmedia":[{"embeddable":true,"href":"https:\/\/stoic-curie.212-227-153-4.plesk.page\/de\/wp-json\/wp\/v2\/media\/5945859"}],"wp:attachment":[{"href":"https:\/\/stoic-curie.212-227-153-4.plesk.page\/de\/wp-json\/wp\/v2\/media?parent=3432805"}],"wp:term":[{"taxonomy":"product_brand","embeddable":true,"href":"https:\/\/stoic-curie.212-227-153-4.plesk.page\/de\/wp-json\/wp\/v2\/product_brand?post=3432805"},{"taxonomy":"product_cat","embeddable":true,"href":"https:\/\/stoic-curie.212-227-153-4.plesk.page\/de\/wp-json\/wp\/v2\/product_cat?post=3432805"},{"taxonomy":"product_tag","embeddable":true,"href":"https:\/\/stoic-curie.212-227-153-4.plesk.page\/de\/wp-json\/wp\/v2\/product_tag?post=3432805"}],"curies":[{"name":"wp","href":"https:\/\/api.w.org\/{rel}","templated":true}]}}