{"id":3432834,"date":"2025-10-09T22:58:13","date_gmt":"2025-10-10T02:58:13","guid":{"rendered":"https:\/\/stoic-curie.212-227-153-4.plesk.page\/product\/set-von-2-einweghandtuechern\/"},"modified":"2026-02-24T23:35:12","modified_gmt":"2026-02-24T23:35:12","slug":"set-von-2-einweghandtuechern","status":"publish","type":"product","link":"https:\/\/stoic-curie.212-227-153-4.plesk.page\/de\/product\/set-von-2-einweghandtuechern\/","title":{"rendered":"Set von 2 Einweghandt\u00fcchern"},"content":{"rendered":"<p>Set von 2 Einweghandt\u00fcchern &#8211; <\/p>\n<p>Set aus 2 Einweg-Handt\u00fcchern (gro\u00df und klein), hergestellt aus biologisch abbaubaren Naturfasern. In verschlossener Verpackung f\u00fcr perfekte Hygiene geliefert. Weich, leicht, atmungsaktiv, hypoallergen und angenehm auf der Haut. Wiederverwendbar f\u00fcr eine Woche. Die ideale L\u00f6sung, um W\u00e4schekosten zu vermeiden oder als Ersatzset f\u00fcr G\u00e4ste.<\/p>\n","protected":false},"excerpt":{"rendered":"<p>Set von 2 Einweghandt\u00fcchern &#8211; Set aus 2 Einweg-Handt\u00fcchern (gro\u00df und klein), hergestellt aus biologisch abbaubaren Naturfasern. In verschlossener Verpackung<\/p>\n","protected":false},"featured_media":5945880,"comment_status":"closed","ping_status":"closed","template":"","meta":[],"product_brand":[3110],"product_cat":[1356],"product_tag":[],"class_list":{"0":"post-3432834","1":"product","2":"type-product","3":"status-publish","4":"has-post-thumbnail","6":"product_brand-marine-business-mb-de","7":"product_cat-teppiche-und-polster","9":"first","10":"instock","11":"shipping-taxable","12":"purchasable","13":"product-type-simple"},"_links":{"self":[{"href":"https:\/\/stoic-curie.212-227-153-4.plesk.page\/de\/wp-json\/wp\/v2\/product\/3432834","targetHints":{"allow":["GET"]}}],"collection":[{"href":"https:\/\/stoic-curie.212-227-153-4.plesk.page\/de\/wp-json\/wp\/v2\/product"}],"about":[{"href":"https:\/\/stoic-curie.212-227-153-4.plesk.page\/de\/wp-json\/wp\/v2\/types\/product"}],"replies":[{"embeddable":true,"href":"https:\/\/stoic-curie.212-227-153-4.plesk.page\/de\/wp-json\/wp\/v2\/comments?post=3432834"}],"version-history":[{"count":0,"href":"https:\/\/stoic-curie.212-227-153-4.plesk.page\/de\/wp-json\/wp\/v2\/product\/3432834\/revisions"}],"wp:featuredmedia":[{"embeddable":true,"href":"https:\/\/stoic-curie.212-227-153-4.plesk.page\/de\/wp-json\/wp\/v2\/media\/5945880"}],"wp:attachment":[{"href":"https:\/\/stoic-curie.212-227-153-4.plesk.page\/de\/wp-json\/wp\/v2\/media?parent=3432834"}],"wp:term":[{"taxonomy":"product_brand","embeddable":true,"href":"https:\/\/stoic-curie.212-227-153-4.plesk.page\/de\/wp-json\/wp\/v2\/product_brand?post=3432834"},{"taxonomy":"product_cat","embeddable":true,"href":"https:\/\/stoic-curie.212-227-153-4.plesk.page\/de\/wp-json\/wp\/v2\/product_cat?post=3432834"},{"taxonomy":"product_tag","embeddable":true,"href":"https:\/\/stoic-curie.212-227-153-4.plesk.page\/de\/wp-json\/wp\/v2\/product_tag?post=3432834"}],"curies":[{"name":"wp","href":"https:\/\/api.w.org\/{rel}","templated":true}]}}