{"id":3432855,"date":"2025-10-09T22:58:14","date_gmt":"2025-10-10T02:58:14","guid":{"rendered":"https:\/\/stoic-curie.212-227-153-4.plesk.page\/product\/aufbewahrungsnetz-mit-weissem-rahmen-26-x-13-cm\/"},"modified":"2026-02-24T23:35:12","modified_gmt":"2026-02-24T23:35:12","slug":"aufbewahrungsnetz-mit-weissem-rahmen-26-x-13-cm","status":"publish","type":"product","link":"https:\/\/stoic-curie.212-227-153-4.plesk.page\/de\/product\/aufbewahrungsnetz-mit-weissem-rahmen-26-x-13-cm\/","title":{"rendered":"Aufbewahrungsnetz mit wei\u00dfem Rahmen 26 x 13 cm"},"content":{"rendered":"<p>Aufbewahrungsnetz mit wei\u00dfem Rahmen 26 x 13 cm &#8211; <\/p>\n<p>Netzfach f\u00fcr Gegenst\u00e4nde mit verst\u00e4rktem Rahmen und Gumminetz.<\/p>\n","protected":false},"excerpt":{"rendered":"<p>Aufbewahrungsnetz mit wei\u00dfem Rahmen 26 x 13 cm &#8211; Netzfach f\u00fcr Gegenst\u00e4nde mit verst\u00e4rktem Rahmen und Gumminetz.<\/p>\n","protected":false},"featured_media":5945886,"comment_status":"closed","ping_status":"closed","template":"","meta":[],"product_brand":[3490],"product_cat":[1357],"product_tag":[],"class_list":{"0":"post-3432855","1":"product","2":"type-product","3":"status-publish","4":"has-post-thumbnail","6":"product_brand-trem-de","7":"product_cat-aufbewahrungszubehoer","9":"first","10":"instock","11":"shipping-taxable","12":"purchasable","13":"product-type-simple"},"_links":{"self":[{"href":"https:\/\/stoic-curie.212-227-153-4.plesk.page\/de\/wp-json\/wp\/v2\/product\/3432855","targetHints":{"allow":["GET"]}}],"collection":[{"href":"https:\/\/stoic-curie.212-227-153-4.plesk.page\/de\/wp-json\/wp\/v2\/product"}],"about":[{"href":"https:\/\/stoic-curie.212-227-153-4.plesk.page\/de\/wp-json\/wp\/v2\/types\/product"}],"replies":[{"embeddable":true,"href":"https:\/\/stoic-curie.212-227-153-4.plesk.page\/de\/wp-json\/wp\/v2\/comments?post=3432855"}],"version-history":[{"count":0,"href":"https:\/\/stoic-curie.212-227-153-4.plesk.page\/de\/wp-json\/wp\/v2\/product\/3432855\/revisions"}],"wp:featuredmedia":[{"embeddable":true,"href":"https:\/\/stoic-curie.212-227-153-4.plesk.page\/de\/wp-json\/wp\/v2\/media\/5945886"}],"wp:attachment":[{"href":"https:\/\/stoic-curie.212-227-153-4.plesk.page\/de\/wp-json\/wp\/v2\/media?parent=3432855"}],"wp:term":[{"taxonomy":"product_brand","embeddable":true,"href":"https:\/\/stoic-curie.212-227-153-4.plesk.page\/de\/wp-json\/wp\/v2\/product_brand?post=3432855"},{"taxonomy":"product_cat","embeddable":true,"href":"https:\/\/stoic-curie.212-227-153-4.plesk.page\/de\/wp-json\/wp\/v2\/product_cat?post=3432855"},{"taxonomy":"product_tag","embeddable":true,"href":"https:\/\/stoic-curie.212-227-153-4.plesk.page\/de\/wp-json\/wp\/v2\/product_tag?post=3432855"}],"curies":[{"name":"wp","href":"https:\/\/api.w.org\/{rel}","templated":true}]}}