{"id":3432917,"date":"2025-10-09T22:58:17","date_gmt":"2025-10-10T02:58:17","guid":{"rendered":"https:\/\/stoic-curie.212-227-153-4.plesk.page\/product\/automatische-bilgepumpe-ocean-laguna-500-gph-12v\/"},"modified":"2026-02-24T23:35:12","modified_gmt":"2026-02-24T23:35:12","slug":"automatische-bilgepumpe-ocean-laguna-500-gph-12v","status":"publish","type":"product","link":"https:\/\/stoic-curie.212-227-153-4.plesk.page\/de\/product\/automatische-bilgepumpe-ocean-laguna-500-gph-12v\/","title":{"rendered":"Automatische Bilgepumpe Ocean Laguna 500 GPH 12V"},"content":{"rendered":"<p>Automatische Bilgepumpe Ocean Laguna 500 GPH 12V &#8211; <\/p>\n<p>Ocean Laguna automatische Bilgenpumpe, die sich automatisch aktiviert, wenn Wasser in der Bilge erkannt wird. Wassergek\u00fchlter Elektromotor f\u00fcr eine erh\u00f6hte Langlebigkeit. Der Filterboden kann zum einfachen Reinigen ge\u00f6ffnet werden.<\/p>\n","protected":false},"excerpt":{"rendered":"<p>Automatische Bilgepumpe Ocean Laguna 500 GPH 12V &#8211; Ocean Laguna automatische Bilgenpumpe, die sich automatisch aktiviert, wenn Wasser in der<\/p>\n","protected":false},"featured_media":5941051,"comment_status":"closed","ping_status":"closed","template":"","meta":[],"product_brand":[3140],"product_cat":[1372],"product_tag":[],"class_list":{"0":"post-3432917","1":"product","2":"type-product","3":"status-publish","4":"has-post-thumbnail","6":"product_brand-matromarine-de","7":"product_cat-elektrische-bilgepumpen","9":"first","10":"instock","11":"shipping-taxable","12":"purchasable","13":"product-type-simple"},"_links":{"self":[{"href":"https:\/\/stoic-curie.212-227-153-4.plesk.page\/de\/wp-json\/wp\/v2\/product\/3432917","targetHints":{"allow":["GET"]}}],"collection":[{"href":"https:\/\/stoic-curie.212-227-153-4.plesk.page\/de\/wp-json\/wp\/v2\/product"}],"about":[{"href":"https:\/\/stoic-curie.212-227-153-4.plesk.page\/de\/wp-json\/wp\/v2\/types\/product"}],"replies":[{"embeddable":true,"href":"https:\/\/stoic-curie.212-227-153-4.plesk.page\/de\/wp-json\/wp\/v2\/comments?post=3432917"}],"version-history":[{"count":0,"href":"https:\/\/stoic-curie.212-227-153-4.plesk.page\/de\/wp-json\/wp\/v2\/product\/3432917\/revisions"}],"wp:featuredmedia":[{"embeddable":true,"href":"https:\/\/stoic-curie.212-227-153-4.plesk.page\/de\/wp-json\/wp\/v2\/media\/5941051"}],"wp:attachment":[{"href":"https:\/\/stoic-curie.212-227-153-4.plesk.page\/de\/wp-json\/wp\/v2\/media?parent=3432917"}],"wp:term":[{"taxonomy":"product_brand","embeddable":true,"href":"https:\/\/stoic-curie.212-227-153-4.plesk.page\/de\/wp-json\/wp\/v2\/product_brand?post=3432917"},{"taxonomy":"product_cat","embeddable":true,"href":"https:\/\/stoic-curie.212-227-153-4.plesk.page\/de\/wp-json\/wp\/v2\/product_cat?post=3432917"},{"taxonomy":"product_tag","embeddable":true,"href":"https:\/\/stoic-curie.212-227-153-4.plesk.page\/de\/wp-json\/wp\/v2\/product_tag?post=3432917"}],"curies":[{"name":"wp","href":"https:\/\/api.w.org\/{rel}","templated":true}]}}