{"id":3432933,"date":"2025-10-09T22:58:17","date_gmt":"2025-10-10T02:58:17","guid":{"rendered":"https:\/\/stoic-curie.212-227-153-4.plesk.page\/product\/windex-jolle\/"},"modified":"2026-02-24T23:35:12","modified_gmt":"2026-02-24T23:35:12","slug":"windex-jolle","status":"publish","type":"product","link":"https:\/\/stoic-curie.212-227-153-4.plesk.page\/de\/product\/windex-jolle\/","title":{"rendered":"Windex Jolle"},"content":{"rendered":"<p>Windex Jolle &#8211; <\/p>\n<p>Der Windex-Windrichtungsanzeiger liefert pr\u00e4zise Informationen zur scheinbaren Windrichtung. Mit Saphir-Juwelenlageraufh\u00e4ngung, Referenzkerben, die von unten ablenken, und einstellbar nach Windrichtung. Optionales LED-Nachtlicht f\u00fcr alle Modelle, optionaler Vogelstachel nur f\u00fcr das 15-Zoll-Modell.<\/p>\n","protected":false},"excerpt":{"rendered":"<p>Windex Jolle &#8211; Der Windex-Windrichtungsanzeiger liefert pr\u00e4zise Informationen zur scheinbaren Windrichtung. Mit Saphir-Juwelenlageraufh\u00e4ngung, Referenzkerben, die von unten ablenken, und einstellbar<\/p>\n","protected":false},"featured_media":5939529,"comment_status":"closed","ping_status":"closed","template":"","meta":[],"product_brand":[3540],"product_cat":[1489,1484],"product_tag":[],"class_list":{"0":"post-3432933","1":"product","2":"type-product","3":"status-publish","4":"has-post-thumbnail","6":"product_brand-windex-de","7":"product_cat-signalignalgeraete","8":"product_cat-zubehoer-fuer-segelboote","10":"first","11":"instock","12":"shipping-taxable","13":"purchasable","14":"product-type-simple"},"_links":{"self":[{"href":"https:\/\/stoic-curie.212-227-153-4.plesk.page\/de\/wp-json\/wp\/v2\/product\/3432933","targetHints":{"allow":["GET"]}}],"collection":[{"href":"https:\/\/stoic-curie.212-227-153-4.plesk.page\/de\/wp-json\/wp\/v2\/product"}],"about":[{"href":"https:\/\/stoic-curie.212-227-153-4.plesk.page\/de\/wp-json\/wp\/v2\/types\/product"}],"replies":[{"embeddable":true,"href":"https:\/\/stoic-curie.212-227-153-4.plesk.page\/de\/wp-json\/wp\/v2\/comments?post=3432933"}],"version-history":[{"count":0,"href":"https:\/\/stoic-curie.212-227-153-4.plesk.page\/de\/wp-json\/wp\/v2\/product\/3432933\/revisions"}],"wp:featuredmedia":[{"embeddable":true,"href":"https:\/\/stoic-curie.212-227-153-4.plesk.page\/de\/wp-json\/wp\/v2\/media\/5939529"}],"wp:attachment":[{"href":"https:\/\/stoic-curie.212-227-153-4.plesk.page\/de\/wp-json\/wp\/v2\/media?parent=3432933"}],"wp:term":[{"taxonomy":"product_brand","embeddable":true,"href":"https:\/\/stoic-curie.212-227-153-4.plesk.page\/de\/wp-json\/wp\/v2\/product_brand?post=3432933"},{"taxonomy":"product_cat","embeddable":true,"href":"https:\/\/stoic-curie.212-227-153-4.plesk.page\/de\/wp-json\/wp\/v2\/product_cat?post=3432933"},{"taxonomy":"product_tag","embeddable":true,"href":"https:\/\/stoic-curie.212-227-153-4.plesk.page\/de\/wp-json\/wp\/v2\/product_tag?post=3432933"}],"curies":[{"name":"wp","href":"https:\/\/api.w.org\/{rel}","templated":true}]}}