{"id":3432941,"date":"2025-10-09T22:58:18","date_gmt":"2025-10-10T02:58:18","guid":{"rendered":"https:\/\/stoic-curie.212-227-153-4.plesk.page\/product\/windex-10-windanzeiger\/"},"modified":"2026-02-24T23:35:12","modified_gmt":"2026-02-24T23:35:12","slug":"windex-10-windanzeiger","status":"publish","type":"product","link":"https:\/\/stoic-curie.212-227-153-4.plesk.page\/de\/product\/windex-10-windanzeiger\/","title":{"rendered":"Windex 10&#8243; Windanzeiger"},"content":{"rendered":"<p>Windex 10&#8243; Windanzeiger &#8211; <\/p>\n<p>Der Windex Windrichtung-Indikator liefert pr\u00e4zise Informationen \u00fcber die scheinbare Windrichtung. Saphir-Juwel-Lageraufh\u00e4ngung, Referenzkerben brechen von unten und sind am Windwinkel verstellbar. Optionales LED-Nachtlicht f\u00fcr alle Modelle, optionaler Vogelschutz nur f\u00fcr das 15-Zoll-Modell.<\/p>\n","protected":false},"excerpt":{"rendered":"<p>Windex 10&#8243; Windanzeiger &#8211; Der Windex Windrichtung-Indikator liefert pr\u00e4zise Informationen \u00fcber die scheinbare Windrichtung. Saphir-Juwel-Lageraufh\u00e4ngung, Referenzkerben brechen von unten und<\/p>\n","protected":false},"featured_media":5939529,"comment_status":"closed","ping_status":"closed","template":"","meta":[],"product_brand":[3540],"product_cat":[1489,1484],"product_tag":[],"class_list":{"0":"post-3432941","1":"product","2":"type-product","3":"status-publish","4":"has-post-thumbnail","6":"product_brand-windex-de","7":"product_cat-signalignalgeraete","8":"product_cat-zubehoer-fuer-segelboote","10":"first","11":"instock","12":"shipping-taxable","13":"purchasable","14":"product-type-simple"},"_links":{"self":[{"href":"https:\/\/stoic-curie.212-227-153-4.plesk.page\/de\/wp-json\/wp\/v2\/product\/3432941","targetHints":{"allow":["GET"]}}],"collection":[{"href":"https:\/\/stoic-curie.212-227-153-4.plesk.page\/de\/wp-json\/wp\/v2\/product"}],"about":[{"href":"https:\/\/stoic-curie.212-227-153-4.plesk.page\/de\/wp-json\/wp\/v2\/types\/product"}],"replies":[{"embeddable":true,"href":"https:\/\/stoic-curie.212-227-153-4.plesk.page\/de\/wp-json\/wp\/v2\/comments?post=3432941"}],"version-history":[{"count":0,"href":"https:\/\/stoic-curie.212-227-153-4.plesk.page\/de\/wp-json\/wp\/v2\/product\/3432941\/revisions"}],"wp:featuredmedia":[{"embeddable":true,"href":"https:\/\/stoic-curie.212-227-153-4.plesk.page\/de\/wp-json\/wp\/v2\/media\/5939529"}],"wp:attachment":[{"href":"https:\/\/stoic-curie.212-227-153-4.plesk.page\/de\/wp-json\/wp\/v2\/media?parent=3432941"}],"wp:term":[{"taxonomy":"product_brand","embeddable":true,"href":"https:\/\/stoic-curie.212-227-153-4.plesk.page\/de\/wp-json\/wp\/v2\/product_brand?post=3432941"},{"taxonomy":"product_cat","embeddable":true,"href":"https:\/\/stoic-curie.212-227-153-4.plesk.page\/de\/wp-json\/wp\/v2\/product_cat?post=3432941"},{"taxonomy":"product_tag","embeddable":true,"href":"https:\/\/stoic-curie.212-227-153-4.plesk.page\/de\/wp-json\/wp\/v2\/product_tag?post=3432941"}],"curies":[{"name":"wp","href":"https:\/\/api.w.org\/{rel}","templated":true}]}}