{"id":3432978,"date":"2025-10-09T22:58:19","date_gmt":"2025-10-10T02:58:19","guid":{"rendered":"https:\/\/stoic-curie.212-227-153-4.plesk.page\/product\/wasserdichte-tasche-fuer-telefone-aquapac-195-x-115-x-h160mm\/"},"modified":"2026-02-24T23:35:12","modified_gmt":"2026-02-24T23:35:12","slug":"wasserdichte-tasche-fuer-telefone-aquapac-195-x-115-x-h160mm","status":"publish","type":"product","link":"https:\/\/stoic-curie.212-227-153-4.plesk.page\/de\/product\/wasserdichte-tasche-fuer-telefone-aquapac-195-x-115-x-h160mm\/","title":{"rendered":"Wasserdichte Tasche f\u00fcr Telefone Aquapac 195 x 115 x H160mm"},"content":{"rendered":"<p>Wasserdichte Tasche f\u00fcr Telefone Aquapac 195 x 115 x H160mm &#8211; <\/p>\n<p>Bis zu 10 m wasserdichtes Geh\u00e4use f\u00fcr Smartphones. Das doppelte Lenzlex-Linsenfenster erm\u00f6glicht gro\u00dfartige Aufnahmen sowohl unter Wasser als auch an Land, w\u00e4hrend das Smartphone vollst\u00e4ndig gesch\u00fctzt bleibt. Alle Tasten, Funktionen und der Touchscreen funktionieren normal durch das Geh\u00e4use. Komplett mit Tragegurt.<\/p>\n","protected":false},"excerpt":{"rendered":"<p>Wasserdichte Tasche f\u00fcr Telefone Aquapac 195 x 115 x H160mm &#8211; Bis zu 10 m wasserdichtes Geh\u00e4use f\u00fcr Smartphones. Das<\/p>\n","protected":false},"featured_media":5945906,"comment_status":"closed","ping_status":"closed","template":"","meta":[],"product_brand":[2795],"product_cat":[1568],"product_tag":[],"class_list":{"0":"post-3432978","1":"product","2":"type-product","3":"status-publish","4":"has-post-thumbnail","6":"product_brand-aquapac-de","7":"product_cat-trockensaecke","9":"first","10":"instock","11":"shipping-taxable","12":"purchasable","13":"product-type-simple"},"_links":{"self":[{"href":"https:\/\/stoic-curie.212-227-153-4.plesk.page\/de\/wp-json\/wp\/v2\/product\/3432978","targetHints":{"allow":["GET"]}}],"collection":[{"href":"https:\/\/stoic-curie.212-227-153-4.plesk.page\/de\/wp-json\/wp\/v2\/product"}],"about":[{"href":"https:\/\/stoic-curie.212-227-153-4.plesk.page\/de\/wp-json\/wp\/v2\/types\/product"}],"replies":[{"embeddable":true,"href":"https:\/\/stoic-curie.212-227-153-4.plesk.page\/de\/wp-json\/wp\/v2\/comments?post=3432978"}],"version-history":[{"count":0,"href":"https:\/\/stoic-curie.212-227-153-4.plesk.page\/de\/wp-json\/wp\/v2\/product\/3432978\/revisions"}],"wp:featuredmedia":[{"embeddable":true,"href":"https:\/\/stoic-curie.212-227-153-4.plesk.page\/de\/wp-json\/wp\/v2\/media\/5945906"}],"wp:attachment":[{"href":"https:\/\/stoic-curie.212-227-153-4.plesk.page\/de\/wp-json\/wp\/v2\/media?parent=3432978"}],"wp:term":[{"taxonomy":"product_brand","embeddable":true,"href":"https:\/\/stoic-curie.212-227-153-4.plesk.page\/de\/wp-json\/wp\/v2\/product_brand?post=3432978"},{"taxonomy":"product_cat","embeddable":true,"href":"https:\/\/stoic-curie.212-227-153-4.plesk.page\/de\/wp-json\/wp\/v2\/product_cat?post=3432978"},{"taxonomy":"product_tag","embeddable":true,"href":"https:\/\/stoic-curie.212-227-153-4.plesk.page\/de\/wp-json\/wp\/v2\/product_tag?post=3432978"}],"curies":[{"name":"wp","href":"https:\/\/api.w.org\/{rel}","templated":true}]}}