{"id":3432992,"date":"2025-10-09T22:58:20","date_gmt":"2025-10-10T02:58:20","guid":{"rendered":"https:\/\/stoic-curie.212-227-153-4.plesk.page\/product\/tauch-handy-huelle-aquapac-190-x-h180mm\/"},"modified":"2026-02-24T23:35:12","modified_gmt":"2026-02-24T23:35:12","slug":"tauch-handy-huelle-aquapac-190-x-h180mm","status":"publish","type":"product","link":"https:\/\/stoic-curie.212-227-153-4.plesk.page\/de\/product\/tauch-handy-huelle-aquapac-190-x-h180mm\/","title":{"rendered":"Tauch-Handy-H\u00fclle Aquapac 190 x H180mm"},"content":{"rendered":"<p>Tauch-Handy-H\u00fclle Aquapac 190 x H180mm &#8211; <\/p>\n<p>Wasserdichter Armguertel-Handy-Halter mit einer maximalen Tauchtiefe von 10 m. Einfach zu tragen, eignet er sich ideal f\u00fcr Wassersportaktivit\u00e4ten, damit Sie immer Ihr Smartphone, GPS oder VHF dabei haben. Er erm\u00f6glicht die normale Nutzung des Telefons und bewahrt die Empfindlichkeit des Touchscreens. C = Innendurchmesser.<\/p>\n","protected":false},"excerpt":{"rendered":"<p>Tauch-Handy-H\u00fclle Aquapac 190 x H180mm &#8211; Wasserdichter Armguertel-Handy-Halter mit einer maximalen Tauchtiefe von 10 m. Einfach zu tragen, eignet er<\/p>\n","protected":false},"featured_media":5945909,"comment_status":"closed","ping_status":"closed","template":"","meta":[],"product_brand":[2795],"product_cat":[1568],"product_tag":[],"class_list":{"0":"post-3432992","1":"product","2":"type-product","3":"status-publish","4":"has-post-thumbnail","6":"product_brand-aquapac-de","7":"product_cat-trockensaecke","9":"first","10":"instock","11":"shipping-taxable","12":"purchasable","13":"product-type-simple"},"_links":{"self":[{"href":"https:\/\/stoic-curie.212-227-153-4.plesk.page\/de\/wp-json\/wp\/v2\/product\/3432992","targetHints":{"allow":["GET"]}}],"collection":[{"href":"https:\/\/stoic-curie.212-227-153-4.plesk.page\/de\/wp-json\/wp\/v2\/product"}],"about":[{"href":"https:\/\/stoic-curie.212-227-153-4.plesk.page\/de\/wp-json\/wp\/v2\/types\/product"}],"replies":[{"embeddable":true,"href":"https:\/\/stoic-curie.212-227-153-4.plesk.page\/de\/wp-json\/wp\/v2\/comments?post=3432992"}],"version-history":[{"count":0,"href":"https:\/\/stoic-curie.212-227-153-4.plesk.page\/de\/wp-json\/wp\/v2\/product\/3432992\/revisions"}],"wp:featuredmedia":[{"embeddable":true,"href":"https:\/\/stoic-curie.212-227-153-4.plesk.page\/de\/wp-json\/wp\/v2\/media\/5945909"}],"wp:attachment":[{"href":"https:\/\/stoic-curie.212-227-153-4.plesk.page\/de\/wp-json\/wp\/v2\/media?parent=3432992"}],"wp:term":[{"taxonomy":"product_brand","embeddable":true,"href":"https:\/\/stoic-curie.212-227-153-4.plesk.page\/de\/wp-json\/wp\/v2\/product_brand?post=3432992"},{"taxonomy":"product_cat","embeddable":true,"href":"https:\/\/stoic-curie.212-227-153-4.plesk.page\/de\/wp-json\/wp\/v2\/product_cat?post=3432992"},{"taxonomy":"product_tag","embeddable":true,"href":"https:\/\/stoic-curie.212-227-153-4.plesk.page\/de\/wp-json\/wp\/v2\/product_tag?post=3432992"}],"curies":[{"name":"wp","href":"https:\/\/api.w.org\/{rel}","templated":true}]}}