{"id":3433029,"date":"2025-10-09T22:58:21","date_gmt":"2025-10-10T02:58:21","guid":{"rendered":"https:\/\/stoic-curie.212-227-153-4.plesk.page\/product\/weisse-brandklappe-fuer-feuerloescher-45mm-ausschnitt-68mm-ad\/"},"modified":"2026-02-24T23:35:12","modified_gmt":"2026-02-24T23:35:12","slug":"weisse-brandklappe-fuer-feuerloescher-45mm-ausschnitt-68mm-ad","status":"publish","type":"product","link":"https:\/\/stoic-curie.212-227-153-4.plesk.page\/de\/product\/weisse-brandklappe-fuer-feuerloescher-45mm-ausschnitt-68mm-ad\/","title":{"rendered":"Wei\u00dfe Brandklappe f\u00fcr Feuerl\u00f6scher (45mm Ausschnitt, 68mm AD)"},"content":{"rendered":"<p>Wei\u00dfe Brandklappe f\u00fcr Feuerl\u00f6scher (45mm Ausschnitt, 68mm AD) &#8211; <\/p>\n<div class=\"col-24 col-md-15\">\n<p>Der Feuerport bietet eine kosteng\u00fcnstige L\u00f6sung zum Schutz Ihrer Passagiere und Besatzung an Bord Ihres Bootes, indem Sie visuell einen Feuerl\u00f6scher im Maschinenraum oder in anderen geschlossenen Bereichen inspizieren und entleeren k\u00f6nnen, wenn ein Feuer vorhanden ist. Der Feuerport wird mit einem wei\u00dfen Kunststoffflansch, einem wasserdichten transparenten Inspektionsport und einer wei\u00dfen Kunststoffmontagemutter geliefert.<\/p>\n<p>Im Falle eines Feuers kann einfach die D\u00fcse des Feuerl\u00f6schers durch den Feuerport geschoben und entleert werden, um das Feuer zu l\u00f6schen, ohne zus\u00e4tzliche Inspektionsluken zu \u00f6ffnen, was wahrscheinlich zus\u00e4tzliches Sauerstoff in das Feuer bringen und es anheizen w\u00fcrde, was das Risiko erh\u00f6ht. Da der Feuerport ohne das \u00d6ffnen weiterer Luken verwendet werden kann, kann der Inhalt des L\u00f6schers gezielt auf den betroffenen Bereich gerichtet werden, ohne in andere Bereiche des Bootes zu gelangen.<\/p>\n<p>Die Installation eines Feuerports wird dringend von CE- und A.B.Y.C. Vorschriften empfohlen und kann leicht installiert werden, indem einfach die erforderliche Ausschnittgr\u00f6\u00dfe von 38 mm ausgeschnitten wird.<\/p>\n<\/div>\n<p><\/p>\n<table class=\"table\">\n<tbody>\n<tr>\n<td><strong>Farbe<\/strong><\/td>\n<td>Wei\u00df<\/td>\n<\/tr>\n<tr>\n<td><strong>Bauweise<\/strong><\/td>\n<td>Kunststoffflansch, Montagemutter und PVC-Membran<\/td>\n<\/tr>\n<tr>\n<td><strong>Durchmesser<\/strong><\/td>\n<td>Ausschnitt: 45 mm (1.8&#8243;), Au\u00dfendurchmesser: 68 mm (2.7&#8243;)<\/td>\n<\/tr>\n<\/tbody>\n<\/table>\n","protected":false},"excerpt":{"rendered":"<p>Wei\u00dfe Brandklappe f\u00fcr Feuerl\u00f6scher (45mm Ausschnitt, 68mm AD) &#8211; Der Feuerport bietet eine kosteng\u00fcnstige L\u00f6sung zum Schutz Ihrer Passagiere und<\/p>\n","protected":false},"featured_media":5945919,"comment_status":"closed","ping_status":"closed","template":"","meta":[],"product_brand":[2860],"product_cat":[1313],"product_tag":[],"class_list":{"0":"post-3433029","1":"product","2":"type-product","3":"status-publish","4":"has-post-thumbnail","6":"product_brand-ceredi-de","7":"product_cat-marine-feuerloescher","9":"first","10":"instock","11":"shipping-taxable","12":"purchasable","13":"product-type-simple"},"_links":{"self":[{"href":"https:\/\/stoic-curie.212-227-153-4.plesk.page\/de\/wp-json\/wp\/v2\/product\/3433029","targetHints":{"allow":["GET"]}}],"collection":[{"href":"https:\/\/stoic-curie.212-227-153-4.plesk.page\/de\/wp-json\/wp\/v2\/product"}],"about":[{"href":"https:\/\/stoic-curie.212-227-153-4.plesk.page\/de\/wp-json\/wp\/v2\/types\/product"}],"replies":[{"embeddable":true,"href":"https:\/\/stoic-curie.212-227-153-4.plesk.page\/de\/wp-json\/wp\/v2\/comments?post=3433029"}],"version-history":[{"count":0,"href":"https:\/\/stoic-curie.212-227-153-4.plesk.page\/de\/wp-json\/wp\/v2\/product\/3433029\/revisions"}],"wp:featuredmedia":[{"embeddable":true,"href":"https:\/\/stoic-curie.212-227-153-4.plesk.page\/de\/wp-json\/wp\/v2\/media\/5945919"}],"wp:attachment":[{"href":"https:\/\/stoic-curie.212-227-153-4.plesk.page\/de\/wp-json\/wp\/v2\/media?parent=3433029"}],"wp:term":[{"taxonomy":"product_brand","embeddable":true,"href":"https:\/\/stoic-curie.212-227-153-4.plesk.page\/de\/wp-json\/wp\/v2\/product_brand?post=3433029"},{"taxonomy":"product_cat","embeddable":true,"href":"https:\/\/stoic-curie.212-227-153-4.plesk.page\/de\/wp-json\/wp\/v2\/product_cat?post=3433029"},{"taxonomy":"product_tag","embeddable":true,"href":"https:\/\/stoic-curie.212-227-153-4.plesk.page\/de\/wp-json\/wp\/v2\/product_tag?post=3433029"}],"curies":[{"name":"wp","href":"https:\/\/api.w.org\/{rel}","templated":true}]}}