{"id":3433046,"date":"2025-10-09T22:58:22","date_gmt":"2025-10-10T02:58:22","guid":{"rendered":"https:\/\/stoic-curie.212-227-153-4.plesk.page\/product\/johnson-mc97-pumpenlaufrad-09-806b-fuer-johnson-f35-pumpen-6-blatt\/"},"modified":"2026-02-24T23:35:12","modified_gmt":"2026-02-24T23:35:12","slug":"johnson-mc97-pumpenlaufrad-09-806b-fuer-johnson-f35-pumpen-6-blatt","status":"publish","type":"product","link":"https:\/\/stoic-curie.212-227-153-4.plesk.page\/de\/product\/johnson-mc97-pumpenlaufrad-09-806b-fuer-johnson-f35-pumpen-6-blatt\/","title":{"rendered":"Johnson MC97 Pumpenlaufrad 09-806B f\u00fcr Johnson F35 Pumpen (6 Blatt)"},"content":{"rendered":"<p>Johnson MC97 Pumpenlaufrad 09-806B f\u00fcr Johnson F35 Pumpen (6 Blatt) &#8211; Der genuine Johnson MC97 Flexible Impeller eignet sich f\u00fcr allgemeine Wasserpumpenaufgaben wie Motork\u00fchlung, Wassertransfer, Reinigung und Pumpe von Bilgewasser. Der flexible Johnson-Pumpenimpeller wurde f\u00fcr bestimmte Modelle der F35-Reihe von Johnson Pumps entwickelt, die zu den unten angegebenen Abmessungen passen. Der MC97 wurde entwickelt, um neuen Umweltvorschriften f\u00fcr die Gummiherstellung zu entsprechen und ersetzt das regul\u00e4re Johnson-Neopren-Impeller-Material. Die Entwicklung des MC97 hat auch zu einer verl\u00e4ngerten Lebensdauer des Impellers im Vergleich zu Neopren-Impellern gef\u00fchrt. Der flexible Johnson-Pumpenimpeller hat sechs Bl\u00e4tter und wird komplett mit Dichtungen, Schmiergel und einer Anleitung geliefert, um die Installation des Impellers in die flexible Impellerpumpe zu erleichtern. Der Johnson 09-806B-1 kann den Jabsco 4528-0001 Europa und USA flexiblen Impeller ersetzen. Es wird dringend empfohlen, einen originalen Pumpenimpeller f\u00fcr Ihre flexible Impellerpumpe zu verwenden, da dies sicherstellt, dass die Qualit\u00e4t den Leistungs- und Abmessungsanforderungen f\u00fcr jeden Pumpentyp entspricht. Johnson Pump-Impeller werden in strikter \u00dcbereinstimmung mit den Pumpenspezifikationen hergestellt, die von den Motorenherstellern festgelegt wurden.<\/p>\n","protected":false},"excerpt":{"rendered":"<p>Johnson MC97 Pumpenlaufrad 09-806B f\u00fcr Johnson F35 Pumpen (6 Blatt) &#8211; Der genuine Johnson MC97 Flexible Impeller eignet sich f\u00fcr<\/p>\n","protected":false},"featured_media":5945921,"comment_status":"closed","ping_status":"closed","template":"","meta":[],"product_brand":[3045],"product_cat":[1522],"product_tag":[],"class_list":{"0":"post-3433046","1":"product","2":"type-product","3":"status-publish","4":"has-post-thumbnail","6":"product_brand-johnson-marine-de","7":"product_cat-motorkuehlpumpen","9":"first","10":"instock","11":"shipping-taxable","12":"purchasable","13":"product-type-simple"},"_links":{"self":[{"href":"https:\/\/stoic-curie.212-227-153-4.plesk.page\/de\/wp-json\/wp\/v2\/product\/3433046","targetHints":{"allow":["GET"]}}],"collection":[{"href":"https:\/\/stoic-curie.212-227-153-4.plesk.page\/de\/wp-json\/wp\/v2\/product"}],"about":[{"href":"https:\/\/stoic-curie.212-227-153-4.plesk.page\/de\/wp-json\/wp\/v2\/types\/product"}],"replies":[{"embeddable":true,"href":"https:\/\/stoic-curie.212-227-153-4.plesk.page\/de\/wp-json\/wp\/v2\/comments?post=3433046"}],"version-history":[{"count":0,"href":"https:\/\/stoic-curie.212-227-153-4.plesk.page\/de\/wp-json\/wp\/v2\/product\/3433046\/revisions"}],"wp:featuredmedia":[{"embeddable":true,"href":"https:\/\/stoic-curie.212-227-153-4.plesk.page\/de\/wp-json\/wp\/v2\/media\/5945921"}],"wp:attachment":[{"href":"https:\/\/stoic-curie.212-227-153-4.plesk.page\/de\/wp-json\/wp\/v2\/media?parent=3433046"}],"wp:term":[{"taxonomy":"product_brand","embeddable":true,"href":"https:\/\/stoic-curie.212-227-153-4.plesk.page\/de\/wp-json\/wp\/v2\/product_brand?post=3433046"},{"taxonomy":"product_cat","embeddable":true,"href":"https:\/\/stoic-curie.212-227-153-4.plesk.page\/de\/wp-json\/wp\/v2\/product_cat?post=3433046"},{"taxonomy":"product_tag","embeddable":true,"href":"https:\/\/stoic-curie.212-227-153-4.plesk.page\/de\/wp-json\/wp\/v2\/product_tag?post=3433046"}],"curies":[{"name":"wp","href":"https:\/\/api.w.org\/{rel}","templated":true}]}}