{"id":3433048,"date":"2025-10-09T22:58:22","date_gmt":"2025-10-10T02:58:22","guid":{"rendered":"https:\/\/stoic-curie.212-227-153-4.plesk.page\/product\/nitrilimpeller-jabsco-7273-0003\/"},"modified":"2026-02-24T23:35:12","modified_gmt":"2026-02-24T23:35:12","slug":"nitrilimpeller-jabsco-7273-0003","status":"publish","type":"product","link":"https:\/\/stoic-curie.212-227-153-4.plesk.page\/de\/product\/nitrilimpeller-jabsco-7273-0003\/","title":{"rendered":"Nitrilimpeller Jabsco 7273-0003"},"content":{"rendered":"<p>Nitrilimpeller Jabsco 7273-0003 &#8211; <\/p>\n<div class=\"col-24 col-md-15\">\n<p>Der flexible Nitril-Impeller Jabsco 7273-0003 verf\u00fcgt \u00fcber 6 Impellerbl\u00e4tter und einen einzelnen flachen Antrieb.<\/p>\n<p>Der flexible Nitril-Impeller Jabsco 7273-0003 ersetzt die Impeller Jabsco 6303-0003 und 7273-0003.<\/p>\n<p>Der Impeller passt zu den Jabsco Water Puppy Bilgenpumpen und den Jabsco Pumpen 12520-0003, 12520-1003, 12520-0273 und 12520-1273.<\/p>\n<p>Der flexible Pumpenimpeller aus Nitril von Jabsco eignet sich zum Pumpen von Kraftstoff oder mit \u00d6l oder Diesel stark kontaminiertem Wasser. Die flexiblen Impeller von Jabsco unterliegen strengen Qualit\u00e4tsprozessen, um eine zuverl\u00e4ssige, effiziente und langlebige Leistung sicherzustellen.<\/p>\n<p>Sie sollten Ihre flexiblen Pumpenimpeller mindestens einmal im Jahr oder fr\u00fcher wechseln, abh\u00e4ngig von der Nutzung. Bei korrekter Installation kann ein Impeller mehrere Jahre halten, es ist jedoch immer ratsam, einen pr\u00e4ventiven Wartungsplan einzuhalten, anstatt sich auf Korrekturma\u00dfnahmen zu verlassen.<\/p>\n<p>Dieser Impeller hat ein G-Profil.<\/p>\n<\/div>\n<p><\/p>\n<table class=\"table\">\n<tbody>\n<tr>\n<td><strong>Marke<\/strong><\/td>\n<td>Jabsco<\/td>\n<\/tr>\n<tr>\n<td><strong>Impellerwelle Durchmesser<\/strong><\/td>\n<td>8mm<\/td>\n<\/tr>\n<tr>\n<td><strong>Anzahl der Impellerbl\u00e4tter<\/strong><\/td>\n<td>6<\/td>\n<\/tr>\n<tr>\n<td><strong>Profil<\/strong><\/td>\n<td>G<\/td>\n<\/tr>\n<tr>\n<td><strong>Bauweise<\/strong><\/td>\n<td>Nitril-Impeller mit Kunststoffeinlage<\/td>\n<\/tr>\n<tr>\n<td><strong>Durchmesser<\/strong><\/td>\n<td>51mm (2&#8243;), Welle 8mm (5\/16&#8243;)<\/td>\n<\/tr>\n<tr>\n<td><strong>Antriebstyp<\/strong><\/td>\n<td>Einzelner flacher Antrieb<\/td>\n<\/tr>\n<tr>\n<td><strong>Modell<\/strong><\/td>\n<td>7273-0003<\/td>\n<\/tr>\n<tr>\n<td><strong>Ersetzt<\/strong><\/td>\n<td>Jabsco-Impeller: 6303-0003 &#038; 7273-0003.<\/td>\n<\/tr>\n<tr>\n<td><strong>Eignung<\/strong><\/td>\n<td>Jabsco Water Puppy Bilgenpumpen &#038; Jabsco Pumpen: 12520-0003, 12520-1003, 12520-0273 &#038; 12520-1273<\/td>\n<\/tr>\n<tr>\n<td><strong>Tiefe<\/strong><\/td>\n<td>22mm (7\/8&#8243;)<\/td>\n<\/tr>\n<\/tbody>\n<\/table>\n","protected":false},"excerpt":{"rendered":"<p>Nitrilimpeller Jabsco 7273-0003 &#8211; Der flexible Nitril-Impeller Jabsco 7273-0003 verf\u00fcgt \u00fcber 6 Impellerbl\u00e4tter und einen einzelnen flachen Antrieb. Der flexible<\/p>\n","protected":false},"featured_media":5945924,"comment_status":"closed","ping_status":"closed","template":"","meta":[],"product_brand":[3030],"product_cat":[1522],"product_tag":[],"class_list":{"0":"post-3433048","1":"product","2":"type-product","3":"status-publish","4":"has-post-thumbnail","6":"product_brand-jabsco-marine-de","7":"product_cat-motorkuehlpumpen","9":"first","10":"instock","11":"shipping-taxable","12":"purchasable","13":"product-type-simple"},"_links":{"self":[{"href":"https:\/\/stoic-curie.212-227-153-4.plesk.page\/de\/wp-json\/wp\/v2\/product\/3433048","targetHints":{"allow":["GET"]}}],"collection":[{"href":"https:\/\/stoic-curie.212-227-153-4.plesk.page\/de\/wp-json\/wp\/v2\/product"}],"about":[{"href":"https:\/\/stoic-curie.212-227-153-4.plesk.page\/de\/wp-json\/wp\/v2\/types\/product"}],"replies":[{"embeddable":true,"href":"https:\/\/stoic-curie.212-227-153-4.plesk.page\/de\/wp-json\/wp\/v2\/comments?post=3433048"}],"version-history":[{"count":0,"href":"https:\/\/stoic-curie.212-227-153-4.plesk.page\/de\/wp-json\/wp\/v2\/product\/3433048\/revisions"}],"wp:featuredmedia":[{"embeddable":true,"href":"https:\/\/stoic-curie.212-227-153-4.plesk.page\/de\/wp-json\/wp\/v2\/media\/5945924"}],"wp:attachment":[{"href":"https:\/\/stoic-curie.212-227-153-4.plesk.page\/de\/wp-json\/wp\/v2\/media?parent=3433048"}],"wp:term":[{"taxonomy":"product_brand","embeddable":true,"href":"https:\/\/stoic-curie.212-227-153-4.plesk.page\/de\/wp-json\/wp\/v2\/product_brand?post=3433048"},{"taxonomy":"product_cat","embeddable":true,"href":"https:\/\/stoic-curie.212-227-153-4.plesk.page\/de\/wp-json\/wp\/v2\/product_cat?post=3433048"},{"taxonomy":"product_tag","embeddable":true,"href":"https:\/\/stoic-curie.212-227-153-4.plesk.page\/de\/wp-json\/wp\/v2\/product_tag?post=3433048"}],"curies":[{"name":"wp","href":"https:\/\/api.w.org\/{rel}","templated":true}]}}