{"id":3433081,"date":"2025-10-09T22:58:23","date_gmt":"2025-10-10T02:58:23","guid":{"rendered":"https:\/\/stoic-curie.212-227-153-4.plesk.page\/product\/zugelassene-rettungsweste-plastimo-baby-15-30-kg-100n\/"},"modified":"2026-02-24T23:35:12","modified_gmt":"2026-02-24T23:35:12","slug":"zugelassene-rettungsweste-plastimo-baby-15-30-kg-100n","status":"publish","type":"product","link":"https:\/\/stoic-curie.212-227-153-4.plesk.page\/de\/product\/zugelassene-rettungsweste-plastimo-baby-15-30-kg-100n\/","title":{"rendered":"Zugelassene Rettungsweste Plastimo Baby 15-30 kg 100N"},"content":{"rendered":"<p>Zugelassene Rettungsweste Plastimo Baby 15-30 kg 100N &#8211; <\/p>\n<p>Mit einer Auftriebsf\u00e4higkeit, die den Kopf \u00fcber Wasser h\u00e4lt. Auftrieb durch Polyethylen-Schaum, gro\u00dfe Kragenform mit erh\u00f6htem Auftrieb, die zus\u00e4tzlichen Komfort und bessere Kopfunterst\u00fctzung bietet. Helle orange Farbe und retroreflektierende B\u00e4nder. Frontschwimmer in 2 Teile unterteilt, verstellbarer Stoffslip, verstellbarer G\u00fcrtel mit Kunststoffschnalle und Kordelzug f\u00fcr einen sicheren Sitz, Halsverschlussband, Rettungsgriff und Sicherungsring auf der R\u00fcckseite. Ausgestattet mit einer Pfeife.<\/p>\n","protected":false},"excerpt":{"rendered":"<p>Zugelassene Rettungsweste Plastimo Baby 15-30 kg 100N &#8211; Mit einer Auftriebsf\u00e4higkeit, die den Kopf \u00fcber Wasser h\u00e4lt. Auftrieb durch Polyethylen-Schaum,<\/p>\n","protected":false},"featured_media":5945949,"comment_status":"closed","ping_status":"closed","template":"","meta":[],"product_brand":[3205],"product_cat":[1319],"product_tag":[],"class_list":{"0":"post-3433081","1":"product","2":"type-product","3":"status-publish","4":"has-post-thumbnail","6":"product_brand-nova-argonautica-de","7":"product_cat-rettungswesten-fuer-kinder","9":"first","10":"instock","11":"shipping-taxable","12":"purchasable","13":"product-type-simple"},"_links":{"self":[{"href":"https:\/\/stoic-curie.212-227-153-4.plesk.page\/de\/wp-json\/wp\/v2\/product\/3433081","targetHints":{"allow":["GET"]}}],"collection":[{"href":"https:\/\/stoic-curie.212-227-153-4.plesk.page\/de\/wp-json\/wp\/v2\/product"}],"about":[{"href":"https:\/\/stoic-curie.212-227-153-4.plesk.page\/de\/wp-json\/wp\/v2\/types\/product"}],"replies":[{"embeddable":true,"href":"https:\/\/stoic-curie.212-227-153-4.plesk.page\/de\/wp-json\/wp\/v2\/comments?post=3433081"}],"version-history":[{"count":0,"href":"https:\/\/stoic-curie.212-227-153-4.plesk.page\/de\/wp-json\/wp\/v2\/product\/3433081\/revisions"}],"wp:featuredmedia":[{"embeddable":true,"href":"https:\/\/stoic-curie.212-227-153-4.plesk.page\/de\/wp-json\/wp\/v2\/media\/5945949"}],"wp:attachment":[{"href":"https:\/\/stoic-curie.212-227-153-4.plesk.page\/de\/wp-json\/wp\/v2\/media?parent=3433081"}],"wp:term":[{"taxonomy":"product_brand","embeddable":true,"href":"https:\/\/stoic-curie.212-227-153-4.plesk.page\/de\/wp-json\/wp\/v2\/product_brand?post=3433081"},{"taxonomy":"product_cat","embeddable":true,"href":"https:\/\/stoic-curie.212-227-153-4.plesk.page\/de\/wp-json\/wp\/v2\/product_cat?post=3433081"},{"taxonomy":"product_tag","embeddable":true,"href":"https:\/\/stoic-curie.212-227-153-4.plesk.page\/de\/wp-json\/wp\/v2\/product_tag?post=3433081"}],"curies":[{"name":"wp","href":"https:\/\/api.w.org\/{rel}","templated":true}]}}