{"id":3433089,"date":"2025-10-09T22:58:24","date_gmt":"2025-10-10T02:58:24","guid":{"rendered":"https:\/\/stoic-curie.212-227-153-4.plesk.page\/product\/weisses-netz-fuer-sicherheitshalteseil-h400mm\/"},"modified":"2026-02-24T23:35:12","modified_gmt":"2026-02-24T23:35:12","slug":"weisses-netz-fuer-sicherheitshalteseil-h400mm","status":"publish","type":"product","link":"https:\/\/stoic-curie.212-227-153-4.plesk.page\/de\/product\/weisses-netz-fuer-sicherheitshalteseil-h400mm\/","title":{"rendered":"Wei\u00dfes Netz f\u00fcr Sicherheitshalteseil H400mm"},"content":{"rendered":"<p>Wei\u00dfes Netz f\u00fcr Sicherheitshalteseil H400mm &#8211; <\/p>\n<p>Schutznetz f\u00fcr Boote, geeignet zur Befestigung am Gel\u00e4nder, an der Pulpit oder als Stauraum. Geflochten mit hochfestem Nylon. \u00d8 mm 2, quadratisches Maschenbild 45&#215;45 mm, von Hand geknotet. H\u00f6he 40 cm, L\u00e4nge 30 Meter<\/p>\n","protected":false},"excerpt":{"rendered":"<p>Wei\u00dfes Netz f\u00fcr Sicherheitshalteseil H400mm &#8211; Schutznetz f\u00fcr Boote, geeignet zur Befestigung am Gel\u00e4nder, an der Pulpit oder als Stauraum.<\/p>\n","protected":false},"featured_media":5945264,"comment_status":"closed","ping_status":"closed","template":"","meta":[],"product_brand":[3490],"product_cat":[1318,1471,1484],"product_tag":[],"class_list":{"0":"post-3433089","1":"product","2":"type-product","3":"status-publish","4":"has-post-thumbnail","6":"product_brand-trem-de","7":"product_cat-sicherheitszubehoer","8":"product_cat-stuetzen","9":"product_cat-zubehoer-fuer-segelboote","11":"first","12":"instock","13":"shipping-taxable","14":"purchasable","15":"product-type-simple"},"_links":{"self":[{"href":"https:\/\/stoic-curie.212-227-153-4.plesk.page\/de\/wp-json\/wp\/v2\/product\/3433089","targetHints":{"allow":["GET"]}}],"collection":[{"href":"https:\/\/stoic-curie.212-227-153-4.plesk.page\/de\/wp-json\/wp\/v2\/product"}],"about":[{"href":"https:\/\/stoic-curie.212-227-153-4.plesk.page\/de\/wp-json\/wp\/v2\/types\/product"}],"replies":[{"embeddable":true,"href":"https:\/\/stoic-curie.212-227-153-4.plesk.page\/de\/wp-json\/wp\/v2\/comments?post=3433089"}],"version-history":[{"count":0,"href":"https:\/\/stoic-curie.212-227-153-4.plesk.page\/de\/wp-json\/wp\/v2\/product\/3433089\/revisions"}],"wp:featuredmedia":[{"embeddable":true,"href":"https:\/\/stoic-curie.212-227-153-4.plesk.page\/de\/wp-json\/wp\/v2\/media\/5945264"}],"wp:attachment":[{"href":"https:\/\/stoic-curie.212-227-153-4.plesk.page\/de\/wp-json\/wp\/v2\/media?parent=3433089"}],"wp:term":[{"taxonomy":"product_brand","embeddable":true,"href":"https:\/\/stoic-curie.212-227-153-4.plesk.page\/de\/wp-json\/wp\/v2\/product_brand?post=3433089"},{"taxonomy":"product_cat","embeddable":true,"href":"https:\/\/stoic-curie.212-227-153-4.plesk.page\/de\/wp-json\/wp\/v2\/product_cat?post=3433089"},{"taxonomy":"product_tag","embeddable":true,"href":"https:\/\/stoic-curie.212-227-153-4.plesk.page\/de\/wp-json\/wp\/v2\/product_tag?post=3433089"}],"curies":[{"name":"wp","href":"https:\/\/api.w.org\/{rel}","templated":true}]}}