{"id":3433100,"date":"2025-10-09T22:58:24","date_gmt":"2025-10-10T02:58:24","guid":{"rendered":"https:\/\/stoic-curie.212-227-153-4.plesk.page\/product\/geflochtene-leine-weiss-8-mm\/"},"modified":"2026-02-24T23:35:12","modified_gmt":"2026-02-24T23:35:12","slug":"geflochtene-leine-weiss-8-mm","status":"publish","type":"product","link":"https:\/\/stoic-curie.212-227-153-4.plesk.page\/de\/product\/geflochtene-leine-weiss-8-mm\/","title":{"rendered":"Geflochtene Leine wei\u00df 8 mm"},"content":{"rendered":"<p>Geflochtene Leine wei\u00df 8 mm &#8211; <\/p>\n<p>Doppelzopf 100 % Polyester mit hoher Zugfestigkeit, \u00e4u\u00dferer Socke mit farbigem Marker und innerem Kern, der mit gegens\u00e4tzlichen und ausgewogenen Drehungen verflochten ist, um die beste Abriebfestigkeit, maximale H\u00e4rte und Widerstandsf\u00e4higkeit zu gew\u00e4hrleisten. Vorab gestreckt, weich, leicht zu handhaben und mit begrenzter Dehnung, ideal f\u00fcr Fallen und Schoten auf Kreuzfahrtbooten.<\/p>\n","protected":false},"excerpt":{"rendered":"<p>Geflochtene Leine wei\u00df 8 mm &#8211; Doppelzopf 100 % Polyester mit hoher Zugfestigkeit, \u00e4u\u00dferer Socke mit farbigem Marker und innerem<\/p>\n","protected":false},"featured_media":5945953,"comment_status":"closed","ping_status":"closed","template":"","meta":[],"product_brand":[3065],"product_cat":[1481],"product_tag":[],"class_list":{"0":"post-3433100","1":"product","2":"type-product","3":"status-publish","4":"has-post-thumbnail","6":"product_brand-liros-de","7":"product_cat-schoten-und-taljen","9":"first","10":"instock","11":"shipping-taxable","12":"purchasable","13":"product-type-simple"},"_links":{"self":[{"href":"https:\/\/stoic-curie.212-227-153-4.plesk.page\/de\/wp-json\/wp\/v2\/product\/3433100","targetHints":{"allow":["GET"]}}],"collection":[{"href":"https:\/\/stoic-curie.212-227-153-4.plesk.page\/de\/wp-json\/wp\/v2\/product"}],"about":[{"href":"https:\/\/stoic-curie.212-227-153-4.plesk.page\/de\/wp-json\/wp\/v2\/types\/product"}],"replies":[{"embeddable":true,"href":"https:\/\/stoic-curie.212-227-153-4.plesk.page\/de\/wp-json\/wp\/v2\/comments?post=3433100"}],"version-history":[{"count":0,"href":"https:\/\/stoic-curie.212-227-153-4.plesk.page\/de\/wp-json\/wp\/v2\/product\/3433100\/revisions"}],"wp:featuredmedia":[{"embeddable":true,"href":"https:\/\/stoic-curie.212-227-153-4.plesk.page\/de\/wp-json\/wp\/v2\/media\/5945953"}],"wp:attachment":[{"href":"https:\/\/stoic-curie.212-227-153-4.plesk.page\/de\/wp-json\/wp\/v2\/media?parent=3433100"}],"wp:term":[{"taxonomy":"product_brand","embeddable":true,"href":"https:\/\/stoic-curie.212-227-153-4.plesk.page\/de\/wp-json\/wp\/v2\/product_brand?post=3433100"},{"taxonomy":"product_cat","embeddable":true,"href":"https:\/\/stoic-curie.212-227-153-4.plesk.page\/de\/wp-json\/wp\/v2\/product_cat?post=3433100"},{"taxonomy":"product_tag","embeddable":true,"href":"https:\/\/stoic-curie.212-227-153-4.plesk.page\/de\/wp-json\/wp\/v2\/product_tag?post=3433100"}],"curies":[{"name":"wp","href":"https:\/\/api.w.org\/{rel}","templated":true}]}}