{"id":3433105,"date":"2025-10-09T22:58:24","date_gmt":"2025-10-10T02:58:24","guid":{"rendered":"https:\/\/stoic-curie.212-227-153-4.plesk.page\/product\/geflochtene-leine-gelb-6-mm\/"},"modified":"2026-02-24T23:35:12","modified_gmt":"2026-02-24T23:35:12","slug":"geflochtene-leine-gelb-6-mm","status":"publish","type":"product","link":"https:\/\/stoic-curie.212-227-153-4.plesk.page\/de\/product\/geflochtene-leine-gelb-6-mm\/","title":{"rendered":"Geflochtene Leine gelb 6 mm"},"content":{"rendered":"<p>Geflochtene Leine gelb 6 mm &#8211; <\/p>\n<p>Doppeltgeflecht aus 100% Polyester mit hoher Festigkeit, einem \u00e4u\u00dferen Schlauch mit farbiger Markierung und einem innenliegenden Kern, der mit gegens\u00e4tzlichen und ausgewogenen Drehungen geflochten ist, um die beste Abriebfestigkeit, maximale Z\u00e4higkeit und Widerstandsf\u00e4higkeit zu gew\u00e4hrleisten. Vorgezogen, weich, leicht zu handhaben und mit begrenzter Dehnung, ideal f\u00fcr Schoten und Fallen auf Kreuzfahrtschiffen.<\/p>\n","protected":false},"excerpt":{"rendered":"<p>Geflochtene Leine gelb 6 mm &#8211; Doppeltgeflecht aus 100% Polyester mit hoher Festigkeit, einem \u00e4u\u00dferen Schlauch mit farbiger Markierung und<\/p>\n","protected":false},"featured_media":5945955,"comment_status":"closed","ping_status":"closed","template":"","meta":[],"product_brand":[3065],"product_cat":[1481],"product_tag":[],"class_list":{"0":"post-3433105","1":"product","2":"type-product","3":"status-publish","4":"has-post-thumbnail","6":"product_brand-liros-de","7":"product_cat-schoten-und-taljen","9":"first","10":"instock","11":"shipping-taxable","12":"purchasable","13":"product-type-simple"},"_links":{"self":[{"href":"https:\/\/stoic-curie.212-227-153-4.plesk.page\/de\/wp-json\/wp\/v2\/product\/3433105","targetHints":{"allow":["GET"]}}],"collection":[{"href":"https:\/\/stoic-curie.212-227-153-4.plesk.page\/de\/wp-json\/wp\/v2\/product"}],"about":[{"href":"https:\/\/stoic-curie.212-227-153-4.plesk.page\/de\/wp-json\/wp\/v2\/types\/product"}],"replies":[{"embeddable":true,"href":"https:\/\/stoic-curie.212-227-153-4.plesk.page\/de\/wp-json\/wp\/v2\/comments?post=3433105"}],"version-history":[{"count":0,"href":"https:\/\/stoic-curie.212-227-153-4.plesk.page\/de\/wp-json\/wp\/v2\/product\/3433105\/revisions"}],"wp:featuredmedia":[{"embeddable":true,"href":"https:\/\/stoic-curie.212-227-153-4.plesk.page\/de\/wp-json\/wp\/v2\/media\/5945955"}],"wp:attachment":[{"href":"https:\/\/stoic-curie.212-227-153-4.plesk.page\/de\/wp-json\/wp\/v2\/media?parent=3433105"}],"wp:term":[{"taxonomy":"product_brand","embeddable":true,"href":"https:\/\/stoic-curie.212-227-153-4.plesk.page\/de\/wp-json\/wp\/v2\/product_brand?post=3433105"},{"taxonomy":"product_cat","embeddable":true,"href":"https:\/\/stoic-curie.212-227-153-4.plesk.page\/de\/wp-json\/wp\/v2\/product_cat?post=3433105"},{"taxonomy":"product_tag","embeddable":true,"href":"https:\/\/stoic-curie.212-227-153-4.plesk.page\/de\/wp-json\/wp\/v2\/product_tag?post=3433105"}],"curies":[{"name":"wp","href":"https:\/\/api.w.org\/{rel}","templated":true}]}}