{"id":3433121,"date":"2025-10-09T22:58:25","date_gmt":"2025-10-10T02:58:25","guid":{"rendered":"https:\/\/stoic-curie.212-227-153-4.plesk.page\/product\/polyester-geflechtschnur-rot-8-mm\/"},"modified":"2026-02-24T23:35:12","modified_gmt":"2026-02-24T23:35:12","slug":"polyester-geflechtschnur-rot-8-mm","status":"publish","type":"product","link":"https:\/\/stoic-curie.212-227-153-4.plesk.page\/de\/product\/polyester-geflechtschnur-rot-8-mm\/","title":{"rendered":"Polyester-Geflechtschnur Rot 8 mm"},"content":{"rendered":"<p>Polyester-Geflechtschnur Rot 8 mm &#8211; <\/p>\n<p>Hochfeste Doppelflechtung mit einer \u00e4u\u00dferen Polyester-Stapelsocke, die farbige Markierungen aufweist (rutschfest, was maximalen Halt und Griff sowohl bei N\u00e4sse als auch bei Trockenheit garantiert) und einem inneren Kern, der aus hochfestem Polyester mit entgegengesetzten und ausgewogenen Drehungen geflochten ist. Ideal f\u00fcr Schoten auf Kreuzfahrtschiffen und Jollen.<\/p>\n","protected":false},"excerpt":{"rendered":"<p>Polyester-Geflechtschnur Rot 8 mm &#8211; Hochfeste Doppelflechtung mit einer \u00e4u\u00dferen Polyester-Stapelsocke, die farbige Markierungen aufweist (rutschfest, was maximalen Halt und<\/p>\n","protected":false},"featured_media":5945959,"comment_status":"closed","ping_status":"closed","template":"","meta":[],"product_brand":[3065],"product_cat":[1481],"product_tag":[],"class_list":{"0":"post-3433121","1":"product","2":"type-product","3":"status-publish","4":"has-post-thumbnail","6":"product_brand-liros-de","7":"product_cat-schoten-und-taljen","9":"first","10":"instock","11":"shipping-taxable","12":"purchasable","13":"product-type-simple"},"_links":{"self":[{"href":"https:\/\/stoic-curie.212-227-153-4.plesk.page\/de\/wp-json\/wp\/v2\/product\/3433121","targetHints":{"allow":["GET"]}}],"collection":[{"href":"https:\/\/stoic-curie.212-227-153-4.plesk.page\/de\/wp-json\/wp\/v2\/product"}],"about":[{"href":"https:\/\/stoic-curie.212-227-153-4.plesk.page\/de\/wp-json\/wp\/v2\/types\/product"}],"replies":[{"embeddable":true,"href":"https:\/\/stoic-curie.212-227-153-4.plesk.page\/de\/wp-json\/wp\/v2\/comments?post=3433121"}],"version-history":[{"count":0,"href":"https:\/\/stoic-curie.212-227-153-4.plesk.page\/de\/wp-json\/wp\/v2\/product\/3433121\/revisions"}],"wp:featuredmedia":[{"embeddable":true,"href":"https:\/\/stoic-curie.212-227-153-4.plesk.page\/de\/wp-json\/wp\/v2\/media\/5945959"}],"wp:attachment":[{"href":"https:\/\/stoic-curie.212-227-153-4.plesk.page\/de\/wp-json\/wp\/v2\/media?parent=3433121"}],"wp:term":[{"taxonomy":"product_brand","embeddable":true,"href":"https:\/\/stoic-curie.212-227-153-4.plesk.page\/de\/wp-json\/wp\/v2\/product_brand?post=3433121"},{"taxonomy":"product_cat","embeddable":true,"href":"https:\/\/stoic-curie.212-227-153-4.plesk.page\/de\/wp-json\/wp\/v2\/product_cat?post=3433121"},{"taxonomy":"product_tag","embeddable":true,"href":"https:\/\/stoic-curie.212-227-153-4.plesk.page\/de\/wp-json\/wp\/v2\/product_tag?post=3433121"}],"curies":[{"name":"wp","href":"https:\/\/api.w.org\/{rel}","templated":true}]}}