{"id":3433124,"date":"2025-10-09T22:58:25","date_gmt":"2025-10-10T02:58:25","guid":{"rendered":"https:\/\/stoic-curie.212-227-153-4.plesk.page\/product\/polyester-geflechtschnur-rot-10-mm\/"},"modified":"2026-02-24T23:35:12","modified_gmt":"2026-02-24T23:35:12","slug":"polyester-geflechtschnur-rot-10-mm","status":"publish","type":"product","link":"https:\/\/stoic-curie.212-227-153-4.plesk.page\/de\/product\/polyester-geflechtschnur-rot-10-mm\/","title":{"rendered":"Polyester-Geflechtschnur Rot 10 mm"},"content":{"rendered":"<p>Polyester-Geflechtschnur Rot 10 mm &#8211; <\/p>\n<p>Hochtenazit\u00e4ts-Doppelflechtleine mit einer \u00e4u\u00dferen Socke aus Polyester-Stapelfaser, die mit farbigen Markierungen versehen ist (rutschfest, was maximalen Grip und Halt sowohl bei N\u00e4sse als auch bei Trockenheit garantiert), und einem inneren Kern, der aus hochfestem Polyester mit gegenl\u00e4ufigen und ausgewogenen Zwists geflochten ist. Ideal f\u00fcr Schoten auf Kreuzfahrtschiffen und Beibooten.<\/p>\n","protected":false},"excerpt":{"rendered":"<p>Polyester-Geflechtschnur Rot 10 mm &#8211; Hochtenazit\u00e4ts-Doppelflechtleine mit einer \u00e4u\u00dferen Socke aus Polyester-Stapelfaser, die mit farbigen Markierungen versehen ist (rutschfest, was<\/p>\n","protected":false},"featured_media":5945961,"comment_status":"closed","ping_status":"closed","template":"","meta":[],"product_brand":[3065],"product_cat":[1481],"product_tag":[],"class_list":{"0":"post-3433124","1":"product","2":"type-product","3":"status-publish","4":"has-post-thumbnail","6":"product_brand-liros-de","7":"product_cat-schoten-und-taljen","9":"first","10":"instock","11":"shipping-taxable","12":"purchasable","13":"product-type-simple"},"_links":{"self":[{"href":"https:\/\/stoic-curie.212-227-153-4.plesk.page\/de\/wp-json\/wp\/v2\/product\/3433124","targetHints":{"allow":["GET"]}}],"collection":[{"href":"https:\/\/stoic-curie.212-227-153-4.plesk.page\/de\/wp-json\/wp\/v2\/product"}],"about":[{"href":"https:\/\/stoic-curie.212-227-153-4.plesk.page\/de\/wp-json\/wp\/v2\/types\/product"}],"replies":[{"embeddable":true,"href":"https:\/\/stoic-curie.212-227-153-4.plesk.page\/de\/wp-json\/wp\/v2\/comments?post=3433124"}],"version-history":[{"count":0,"href":"https:\/\/stoic-curie.212-227-153-4.plesk.page\/de\/wp-json\/wp\/v2\/product\/3433124\/revisions"}],"wp:featuredmedia":[{"embeddable":true,"href":"https:\/\/stoic-curie.212-227-153-4.plesk.page\/de\/wp-json\/wp\/v2\/media\/5945961"}],"wp:attachment":[{"href":"https:\/\/stoic-curie.212-227-153-4.plesk.page\/de\/wp-json\/wp\/v2\/media?parent=3433124"}],"wp:term":[{"taxonomy":"product_brand","embeddable":true,"href":"https:\/\/stoic-curie.212-227-153-4.plesk.page\/de\/wp-json\/wp\/v2\/product_brand?post=3433124"},{"taxonomy":"product_cat","embeddable":true,"href":"https:\/\/stoic-curie.212-227-153-4.plesk.page\/de\/wp-json\/wp\/v2\/product_cat?post=3433124"},{"taxonomy":"product_tag","embeddable":true,"href":"https:\/\/stoic-curie.212-227-153-4.plesk.page\/de\/wp-json\/wp\/v2\/product_tag?post=3433124"}],"curies":[{"name":"wp","href":"https:\/\/api.w.org\/{rel}","templated":true}]}}