{"id":3433131,"date":"2025-10-09T22:58:25","date_gmt":"2025-10-10T02:58:25","guid":{"rendered":"https:\/\/stoic-curie.212-227-153-4.plesk.page\/product\/geflochtene-leine-blau-6-mm\/"},"modified":"2026-02-24T23:35:12","modified_gmt":"2026-02-24T23:35:12","slug":"geflochtene-leine-blau-6-mm","status":"publish","type":"product","link":"https:\/\/stoic-curie.212-227-153-4.plesk.page\/de\/product\/geflochtene-leine-blau-6-mm\/","title":{"rendered":"Geflochtene Leine blau 6 mm"},"content":{"rendered":"<p>Geflochtene Leine blau 6 mm &#8211; <\/p>\n<p>Doppelverdrilltes 100% Polyester mit hoher Festigkeit, ausgestattet mit einem \u00e4u\u00dferen Socken mit farbigem Marker und einem inneren Kern, der mit entgegengesetzten und ausgewogenen Wendungen gewebt ist, um den besten Widerstand gegen Abrieb, maximale H\u00e4rte und Haltbarkeit zu gew\u00e4hrleisten. Vorgezogen, weich, leicht zu handhaben und mit begrenztem Dehnungsverhalten, ideal f\u00fcr Fallen und Schoten auf Fahrtenbooten.<\/p>\n","protected":false},"excerpt":{"rendered":"<p>Geflochtene Leine blau 6 mm &#8211; Doppelverdrilltes 100% Polyester mit hoher Festigkeit, ausgestattet mit einem \u00e4u\u00dferen Socken mit farbigem Marker<\/p>\n","protected":false},"featured_media":5945963,"comment_status":"closed","ping_status":"closed","template":"","meta":[],"product_brand":[3065],"product_cat":[1481],"product_tag":[],"class_list":{"0":"post-3433131","1":"product","2":"type-product","3":"status-publish","4":"has-post-thumbnail","6":"product_brand-liros-de","7":"product_cat-schoten-und-taljen","9":"first","10":"instock","11":"shipping-taxable","12":"purchasable","13":"product-type-simple"},"_links":{"self":[{"href":"https:\/\/stoic-curie.212-227-153-4.plesk.page\/de\/wp-json\/wp\/v2\/product\/3433131","targetHints":{"allow":["GET"]}}],"collection":[{"href":"https:\/\/stoic-curie.212-227-153-4.plesk.page\/de\/wp-json\/wp\/v2\/product"}],"about":[{"href":"https:\/\/stoic-curie.212-227-153-4.plesk.page\/de\/wp-json\/wp\/v2\/types\/product"}],"replies":[{"embeddable":true,"href":"https:\/\/stoic-curie.212-227-153-4.plesk.page\/de\/wp-json\/wp\/v2\/comments?post=3433131"}],"version-history":[{"count":0,"href":"https:\/\/stoic-curie.212-227-153-4.plesk.page\/de\/wp-json\/wp\/v2\/product\/3433131\/revisions"}],"wp:featuredmedia":[{"embeddable":true,"href":"https:\/\/stoic-curie.212-227-153-4.plesk.page\/de\/wp-json\/wp\/v2\/media\/5945963"}],"wp:attachment":[{"href":"https:\/\/stoic-curie.212-227-153-4.plesk.page\/de\/wp-json\/wp\/v2\/media?parent=3433131"}],"wp:term":[{"taxonomy":"product_brand","embeddable":true,"href":"https:\/\/stoic-curie.212-227-153-4.plesk.page\/de\/wp-json\/wp\/v2\/product_brand?post=3433131"},{"taxonomy":"product_cat","embeddable":true,"href":"https:\/\/stoic-curie.212-227-153-4.plesk.page\/de\/wp-json\/wp\/v2\/product_cat?post=3433131"},{"taxonomy":"product_tag","embeddable":true,"href":"https:\/\/stoic-curie.212-227-153-4.plesk.page\/de\/wp-json\/wp\/v2\/product_tag?post=3433131"}],"curies":[{"name":"wp","href":"https:\/\/api.w.org\/{rel}","templated":true}]}}