{"id":3433133,"date":"2025-10-09T22:58:26","date_gmt":"2025-10-10T02:58:26","guid":{"rendered":"https:\/\/stoic-curie.212-227-153-4.plesk.page\/product\/geflochtene-leine-blau-8-mm\/"},"modified":"2026-02-24T23:35:12","modified_gmt":"2026-02-24T23:35:12","slug":"geflochtene-leine-blau-8-mm","status":"publish","type":"product","link":"https:\/\/stoic-curie.212-227-153-4.plesk.page\/de\/product\/geflochtene-leine-blau-8-mm\/","title":{"rendered":"Geflochtene Leine blau 8 mm"},"content":{"rendered":"<p>Geflochtene Leine blau 8 mm &#8211; <\/p>\n<p>Doppelt geflochtenes 100% Polyester mit hoher Zugfestigkeit und einem \u00e4u\u00dferen Socken mit farbigem Marker sowie einem inneren Kern, der mit entgegengesetzten und ausgewogenen Zwirnen verwebt ist, um den besten Verschlei\u00dfschutz, maximale Festigkeit und Widerstandsf\u00e4higkeit zu gew\u00e4hrleisten. Vorgezogen, weich, leicht zu handhaben und mit begrenztem Dehnungsverhalten, ideal f\u00fcr Halyards und Fallen auf Fahrtenyachten.<\/p>\n","protected":false},"excerpt":{"rendered":"<p>Geflochtene Leine blau 8 mm &#8211; Doppelt geflochtenes 100% Polyester mit hoher Zugfestigkeit und einem \u00e4u\u00dferen Socken mit farbigem Marker<\/p>\n","protected":false},"featured_media":5945965,"comment_status":"closed","ping_status":"closed","template":"","meta":[],"product_brand":[3065],"product_cat":[1481],"product_tag":[],"class_list":{"0":"post-3433133","1":"product","2":"type-product","3":"status-publish","4":"has-post-thumbnail","6":"product_brand-liros-de","7":"product_cat-schoten-und-taljen","9":"first","10":"instock","11":"shipping-taxable","12":"purchasable","13":"product-type-simple"},"_links":{"self":[{"href":"https:\/\/stoic-curie.212-227-153-4.plesk.page\/de\/wp-json\/wp\/v2\/product\/3433133","targetHints":{"allow":["GET"]}}],"collection":[{"href":"https:\/\/stoic-curie.212-227-153-4.plesk.page\/de\/wp-json\/wp\/v2\/product"}],"about":[{"href":"https:\/\/stoic-curie.212-227-153-4.plesk.page\/de\/wp-json\/wp\/v2\/types\/product"}],"replies":[{"embeddable":true,"href":"https:\/\/stoic-curie.212-227-153-4.plesk.page\/de\/wp-json\/wp\/v2\/comments?post=3433133"}],"version-history":[{"count":0,"href":"https:\/\/stoic-curie.212-227-153-4.plesk.page\/de\/wp-json\/wp\/v2\/product\/3433133\/revisions"}],"wp:featuredmedia":[{"embeddable":true,"href":"https:\/\/stoic-curie.212-227-153-4.plesk.page\/de\/wp-json\/wp\/v2\/media\/5945965"}],"wp:attachment":[{"href":"https:\/\/stoic-curie.212-227-153-4.plesk.page\/de\/wp-json\/wp\/v2\/media?parent=3433133"}],"wp:term":[{"taxonomy":"product_brand","embeddable":true,"href":"https:\/\/stoic-curie.212-227-153-4.plesk.page\/de\/wp-json\/wp\/v2\/product_brand?post=3433133"},{"taxonomy":"product_cat","embeddable":true,"href":"https:\/\/stoic-curie.212-227-153-4.plesk.page\/de\/wp-json\/wp\/v2\/product_cat?post=3433133"},{"taxonomy":"product_tag","embeddable":true,"href":"https:\/\/stoic-curie.212-227-153-4.plesk.page\/de\/wp-json\/wp\/v2\/product_tag?post=3433133"}],"curies":[{"name":"wp","href":"https:\/\/api.w.org\/{rel}","templated":true}]}}