{"id":3433151,"date":"2025-10-09T22:58:26","date_gmt":"2025-10-10T02:58:26","guid":{"rendered":"https:\/\/stoic-curie.212-227-153-4.plesk.page\/product\/geflochtene-leine-blau-12-mm\/"},"modified":"2026-02-24T23:35:12","modified_gmt":"2026-02-24T23:35:12","slug":"geflochtene-leine-blau-12-mm","status":"publish","type":"product","link":"https:\/\/stoic-curie.212-227-153-4.plesk.page\/de\/product\/geflochtene-leine-blau-12-mm\/","title":{"rendered":"Geflochtene Leine blau 12 mm"},"content":{"rendered":"<p>Geflochtene Leine blau 12 mm &#8211; <\/p>\n<p>Doppelgeflecht aus 100% Polyester mit hoher Rei\u00dffestigkeit, ausgestattet mit einem \u00e4u\u00dferen Socken mit farbigem Marker und einem inneren Kern, der mit gegens\u00e4tzlichen und ausgewogenen Zwirnen verwoben ist, um die beste Abriebfestigkeit, maximale Robustheit und Widerstandsf\u00e4higkeit zu gew\u00e4hrleisten. Vorbestreckt, weich, leicht zu handhaben und mit begrenzter Dehnung, ideal f\u00fcr Schoten und Fallen auf Kreuzfahrtbooten.<\/p>\n","protected":false},"excerpt":{"rendered":"<p>Geflochtene Leine blau 12 mm &#8211; Doppelgeflecht aus 100% Polyester mit hoher Rei\u00dffestigkeit, ausgestattet mit einem \u00e4u\u00dferen Socken mit farbigem<\/p>\n","protected":false},"featured_media":5945969,"comment_status":"closed","ping_status":"closed","template":"","meta":[],"product_brand":[3065],"product_cat":[1481],"product_tag":[],"class_list":{"0":"post-3433151","1":"product","2":"type-product","3":"status-publish","4":"has-post-thumbnail","6":"product_brand-liros-de","7":"product_cat-schoten-und-taljen","9":"first","10":"instock","11":"shipping-taxable","12":"purchasable","13":"product-type-simple"},"_links":{"self":[{"href":"https:\/\/stoic-curie.212-227-153-4.plesk.page\/de\/wp-json\/wp\/v2\/product\/3433151","targetHints":{"allow":["GET"]}}],"collection":[{"href":"https:\/\/stoic-curie.212-227-153-4.plesk.page\/de\/wp-json\/wp\/v2\/product"}],"about":[{"href":"https:\/\/stoic-curie.212-227-153-4.plesk.page\/de\/wp-json\/wp\/v2\/types\/product"}],"replies":[{"embeddable":true,"href":"https:\/\/stoic-curie.212-227-153-4.plesk.page\/de\/wp-json\/wp\/v2\/comments?post=3433151"}],"version-history":[{"count":0,"href":"https:\/\/stoic-curie.212-227-153-4.plesk.page\/de\/wp-json\/wp\/v2\/product\/3433151\/revisions"}],"wp:featuredmedia":[{"embeddable":true,"href":"https:\/\/stoic-curie.212-227-153-4.plesk.page\/de\/wp-json\/wp\/v2\/media\/5945969"}],"wp:attachment":[{"href":"https:\/\/stoic-curie.212-227-153-4.plesk.page\/de\/wp-json\/wp\/v2\/media?parent=3433151"}],"wp:term":[{"taxonomy":"product_brand","embeddable":true,"href":"https:\/\/stoic-curie.212-227-153-4.plesk.page\/de\/wp-json\/wp\/v2\/product_brand?post=3433151"},{"taxonomy":"product_cat","embeddable":true,"href":"https:\/\/stoic-curie.212-227-153-4.plesk.page\/de\/wp-json\/wp\/v2\/product_cat?post=3433151"},{"taxonomy":"product_tag","embeddable":true,"href":"https:\/\/stoic-curie.212-227-153-4.plesk.page\/de\/wp-json\/wp\/v2\/product_tag?post=3433151"}],"curies":[{"name":"wp","href":"https:\/\/api.w.org\/{rel}","templated":true}]}}