{"id":3433293,"date":"2025-10-09T22:58:32","date_gmt":"2025-10-10T02:58:32","guid":{"rendered":"https:\/\/stoic-curie.212-227-153-4.plesk.page\/product\/kanister-sb-rechteckiger-fernkraftstofftank-mit-sichtanzeige-24-liter-fassungsvermoegen\/"},"modified":"2026-02-24T23:35:12","modified_gmt":"2026-02-24T23:35:12","slug":"kanister-sb-rechteckiger-fernkraftstofftank-mit-sichtanzeige-24-liter-fassungsvermoegen","status":"publish","type":"product","link":"https:\/\/stoic-curie.212-227-153-4.plesk.page\/de\/product\/kanister-sb-rechteckiger-fernkraftstofftank-mit-sichtanzeige-24-liter-fassungsvermoegen\/","title":{"rendered":"Kanister SB Rechteckiger Fernkraftstofftank mit Sichtanzeige (24 Liter Fassungsverm\u00f6gen)"},"content":{"rendered":"<p>Kanister SB Rechteckiger Fernkraftstofftank mit Sichtanzeige (24 Liter Fassungsverm\u00f6gen) &#8211; <\/p>\n<div class=\"col-24 col-md-15\">\n<p>Der Can SB Fernf\u00fclltank eignet sich f\u00fcr die horizontale Montage und verf\u00fcgt \u00fcber ein Kraftstofftauchrohr, einen Tankdeckel, ein Entl\u00fcftungsventil und ein geformtes Sichtfenster.<\/p>\n<p>Der rechteckige Kunststoffkraftstofftank hat eine Kapazit\u00e4t von 24 Litern mit einem Reserveinhalt von 3 Litern.<\/p>\n<\/div>\n<p><\/p>\n<table class=\"table\">\n<tbody>\n<tr>\n<td><strong>Zulassungen<\/strong><\/td>\n<td>Entspricht den RINA\/CE-Vorschriften, zertifiziert f\u00fcr den Transport von Gefahrgut (ADR)<\/td>\n<\/tr>\n<tr>\n<td><strong>Kapazit\u00e4t<\/strong><\/td>\n<td>24 Liter<\/td>\n<\/tr>\n<tr>\n<td><strong>H\u00f6he<\/strong><\/td>\n<td>460 mm<\/td>\n<\/tr>\n<tr>\n<td><strong>Breite<\/strong><\/td>\n<td>340 mm<\/td>\n<\/tr>\n<tr>\n<td><strong>Marke<\/strong><\/td>\n<td>Can SB<\/td>\n<\/tr>\n<tr>\n<td><strong>Tankdesign<\/strong><\/td>\n<td>Steife Tanks<\/td>\n<\/tr>\n<tr>\n<td><strong>Verbindungen<\/strong><\/td>\n<td>8 mm Schlauch<\/td>\n<\/tr>\n<tr>\n<td><strong>Form<\/strong><\/td>\n<td>Rechteck<\/td>\n<\/tr>\n<tr>\n<td><strong>Tiefe<\/strong><\/td>\n<td>230 mm<\/td>\n<\/tr>\n<\/tbody>\n<\/table>\n","protected":false},"excerpt":{"rendered":"<p>Kanister SB Rechteckiger Fernkraftstofftank mit Sichtanzeige (24 Liter Fassungsverm\u00f6gen) &#8211; Der Can SB Fernf\u00fclltank eignet sich f\u00fcr die horizontale Montage<\/p>\n","protected":false},"featured_media":5946051,"comment_status":"closed","ping_status":"closed","template":"","meta":[],"product_brand":[2855],"product_cat":[1513,1540],"product_tag":[],"class_list":{"0":"post-3433293","1":"product","2":"type-product","3":"status-publish","4":"has-post-thumbnail","6":"product_brand-can-marine-de","7":"product_cat-kraftstofftanks","8":"product_cat-zubehoer-fuer-aussenborder","10":"first","11":"instock","12":"shipping-taxable","13":"purchasable","14":"product-type-simple"},"_links":{"self":[{"href":"https:\/\/stoic-curie.212-227-153-4.plesk.page\/de\/wp-json\/wp\/v2\/product\/3433293","targetHints":{"allow":["GET"]}}],"collection":[{"href":"https:\/\/stoic-curie.212-227-153-4.plesk.page\/de\/wp-json\/wp\/v2\/product"}],"about":[{"href":"https:\/\/stoic-curie.212-227-153-4.plesk.page\/de\/wp-json\/wp\/v2\/types\/product"}],"replies":[{"embeddable":true,"href":"https:\/\/stoic-curie.212-227-153-4.plesk.page\/de\/wp-json\/wp\/v2\/comments?post=3433293"}],"version-history":[{"count":0,"href":"https:\/\/stoic-curie.212-227-153-4.plesk.page\/de\/wp-json\/wp\/v2\/product\/3433293\/revisions"}],"wp:featuredmedia":[{"embeddable":true,"href":"https:\/\/stoic-curie.212-227-153-4.plesk.page\/de\/wp-json\/wp\/v2\/media\/5946051"}],"wp:attachment":[{"href":"https:\/\/stoic-curie.212-227-153-4.plesk.page\/de\/wp-json\/wp\/v2\/media?parent=3433293"}],"wp:term":[{"taxonomy":"product_brand","embeddable":true,"href":"https:\/\/stoic-curie.212-227-153-4.plesk.page\/de\/wp-json\/wp\/v2\/product_brand?post=3433293"},{"taxonomy":"product_cat","embeddable":true,"href":"https:\/\/stoic-curie.212-227-153-4.plesk.page\/de\/wp-json\/wp\/v2\/product_cat?post=3433293"},{"taxonomy":"product_tag","embeddable":true,"href":"https:\/\/stoic-curie.212-227-153-4.plesk.page\/de\/wp-json\/wp\/v2\/product_tag?post=3433293"}],"curies":[{"name":"wp","href":"https:\/\/api.w.org\/{rel}","templated":true}]}}