{"id":3433346,"date":"2025-10-09T22:58:35","date_gmt":"2025-10-10T02:58:35","guid":{"rendered":"https:\/\/stoic-curie.212-227-153-4.plesk.page\/product\/verstellbare-wischerarme-roca-474-612mm-fuer-wischer-w12\/"},"modified":"2026-02-24T23:35:12","modified_gmt":"2026-02-24T23:35:12","slug":"verstellbare-wischerarme-roca-474-612mm-fuer-wischer-w12","status":"publish","type":"product","link":"https:\/\/stoic-curie.212-227-153-4.plesk.page\/de\/product\/verstellbare-wischerarme-roca-474-612mm-fuer-wischer-w12\/","title":{"rendered":"Verstellbare Wischerarme Roca 474-612mm f\u00fcr Wischer W12"},"content":{"rendered":"<p>Verstellbare Wischerarme Roca 474-612mm f\u00fcr Wischer W12 &#8211; <\/p>\n<p>Roca geb\u00fcrstete Edelstahl-justierbare Wischerarme mit J-Haken-Verbindung. F\u00fcr W10\/W12 Wischer und f\u00fcr jeden Wischer mit 13,8 mm Achse. Klassischer S-Typ Wischwinkel.<\/p>\n","protected":false},"excerpt":{"rendered":"<p>Verstellbare Wischerarme Roca 474-612mm f\u00fcr Wischer W12 &#8211; Roca geb\u00fcrstete Edelstahl-justierbare Wischerarme mit J-Haken-Verbindung. F\u00fcr W10\/W12 Wischer und f\u00fcr jeden<\/p>\n","protected":false},"featured_media":5946062,"comment_status":"closed","ping_status":"closed","template":"","meta":[],"product_brand":[3315],"product_cat":[1448],"product_tag":[],"class_list":{"0":"post-3433346","1":"product","2":"type-product","3":"status-publish","4":"has-post-thumbnail","6":"product_brand-roca-marine-de","7":"product_cat-scheibenwischer","9":"first","10":"instock","11":"shipping-taxable","12":"purchasable","13":"product-type-simple"},"_links":{"self":[{"href":"https:\/\/stoic-curie.212-227-153-4.plesk.page\/de\/wp-json\/wp\/v2\/product\/3433346","targetHints":{"allow":["GET"]}}],"collection":[{"href":"https:\/\/stoic-curie.212-227-153-4.plesk.page\/de\/wp-json\/wp\/v2\/product"}],"about":[{"href":"https:\/\/stoic-curie.212-227-153-4.plesk.page\/de\/wp-json\/wp\/v2\/types\/product"}],"replies":[{"embeddable":true,"href":"https:\/\/stoic-curie.212-227-153-4.plesk.page\/de\/wp-json\/wp\/v2\/comments?post=3433346"}],"version-history":[{"count":0,"href":"https:\/\/stoic-curie.212-227-153-4.plesk.page\/de\/wp-json\/wp\/v2\/product\/3433346\/revisions"}],"wp:featuredmedia":[{"embeddable":true,"href":"https:\/\/stoic-curie.212-227-153-4.plesk.page\/de\/wp-json\/wp\/v2\/media\/5946062"}],"wp:attachment":[{"href":"https:\/\/stoic-curie.212-227-153-4.plesk.page\/de\/wp-json\/wp\/v2\/media?parent=3433346"}],"wp:term":[{"taxonomy":"product_brand","embeddable":true,"href":"https:\/\/stoic-curie.212-227-153-4.plesk.page\/de\/wp-json\/wp\/v2\/product_brand?post=3433346"},{"taxonomy":"product_cat","embeddable":true,"href":"https:\/\/stoic-curie.212-227-153-4.plesk.page\/de\/wp-json\/wp\/v2\/product_cat?post=3433346"},{"taxonomy":"product_tag","embeddable":true,"href":"https:\/\/stoic-curie.212-227-153-4.plesk.page\/de\/wp-json\/wp\/v2\/product_tag?post=3433346"}],"curies":[{"name":"wp","href":"https:\/\/api.w.org\/{rel}","templated":true}]}}