{"id":3433396,"date":"2025-10-09T22:58:36","date_gmt":"2025-10-10T02:58:36","guid":{"rendered":"https:\/\/stoic-curie.212-227-153-4.plesk.page\/product\/crc-teflub-spray-400ml\/"},"modified":"2026-02-24T23:35:12","modified_gmt":"2026-02-24T23:35:12","slug":"crc-teflub-spray-400ml","status":"publish","type":"product","link":"https:\/\/stoic-curie.212-227-153-4.plesk.page\/de\/product\/crc-teflub-spray-400ml\/","title":{"rendered":"CRC Teflub Spray 400ml"},"content":{"rendered":"<p>CRC Teflub Spray 400ml &#8211; <\/p>\n<p>Teflub wei\u00dfes Fett auf der Basis von festem PTFE-Schmiermittel mit verl\u00e4ngerter Wirkung. Es reduziert den Reibungskoeffizienten und gew\u00e4hrleistet mechanischen Abriebschutz und Festfressen. Enth\u00e4lt Korrosionsinhibitoren, widersteht dem Abwaschen selbst bei hohen Temperaturen von bis zu 90 \u00c2\u00b0. Betriebstemperatur von -20 bis +160 \u00c2\u00b0C. Speziell f\u00fcr Metall- und Kunststoffkupplungen, f\u00fcr Hardware, Schiffsantriebe und jedes Element, das Kondensation, Regen oder Wasserstrahlen ausgesetzt ist.<\/p>\n","protected":false},"excerpt":{"rendered":"<p>CRC Teflub Spray 400ml &#8211; Teflub wei\u00dfes Fett auf der Basis von festem PTFE-Schmiermittel mit verl\u00e4ngerter Wirkung. Es reduziert den<\/p>\n","protected":false},"featured_media":5946082,"comment_status":"closed","ping_status":"closed","template":"","meta":[],"product_brand":[2870],"product_cat":[1508],"product_tag":[],"class_list":{"0":"post-3433396","1":"product","2":"type-product","3":"status-publish","4":"has-post-thumbnail","6":"product_brand-crc-marine-de","7":"product_cat-marine-schmierstoffe","9":"first","10":"instock","11":"shipping-taxable","12":"purchasable","13":"product-type-simple"},"_links":{"self":[{"href":"https:\/\/stoic-curie.212-227-153-4.plesk.page\/de\/wp-json\/wp\/v2\/product\/3433396","targetHints":{"allow":["GET"]}}],"collection":[{"href":"https:\/\/stoic-curie.212-227-153-4.plesk.page\/de\/wp-json\/wp\/v2\/product"}],"about":[{"href":"https:\/\/stoic-curie.212-227-153-4.plesk.page\/de\/wp-json\/wp\/v2\/types\/product"}],"replies":[{"embeddable":true,"href":"https:\/\/stoic-curie.212-227-153-4.plesk.page\/de\/wp-json\/wp\/v2\/comments?post=3433396"}],"version-history":[{"count":0,"href":"https:\/\/stoic-curie.212-227-153-4.plesk.page\/de\/wp-json\/wp\/v2\/product\/3433396\/revisions"}],"wp:featuredmedia":[{"embeddable":true,"href":"https:\/\/stoic-curie.212-227-153-4.plesk.page\/de\/wp-json\/wp\/v2\/media\/5946082"}],"wp:attachment":[{"href":"https:\/\/stoic-curie.212-227-153-4.plesk.page\/de\/wp-json\/wp\/v2\/media?parent=3433396"}],"wp:term":[{"taxonomy":"product_brand","embeddable":true,"href":"https:\/\/stoic-curie.212-227-153-4.plesk.page\/de\/wp-json\/wp\/v2\/product_brand?post=3433396"},{"taxonomy":"product_cat","embeddable":true,"href":"https:\/\/stoic-curie.212-227-153-4.plesk.page\/de\/wp-json\/wp\/v2\/product_cat?post=3433396"},{"taxonomy":"product_tag","embeddable":true,"href":"https:\/\/stoic-curie.212-227-153-4.plesk.page\/de\/wp-json\/wp\/v2\/product_tag?post=3433396"}],"curies":[{"name":"wp","href":"https:\/\/api.w.org\/{rel}","templated":true}]}}