{"id":3433403,"date":"2025-10-09T22:58:37","date_gmt":"2025-10-10T02:58:37","guid":{"rendered":"https:\/\/stoic-curie.212-227-153-4.plesk.page\/product\/kraftstoffanschluss-mercury-mariner-75-115-ps-22-816856q-3\/"},"modified":"2026-02-24T23:35:12","modified_gmt":"2026-02-24T23:35:12","slug":"kraftstoffanschluss-mercury-mariner-75-115-ps-22-816856q-3","status":"publish","type":"product","link":"https:\/\/stoic-curie.212-227-153-4.plesk.page\/de\/product\/kraftstoffanschluss-mercury-mariner-75-115-ps-22-816856q-3\/","title":{"rendered":"Kraftstoffanschluss Mercury Mariner 75-115 PS 22-816856Q 3"},"content":{"rendered":"<p>Kraftstoffanschluss Mercury Mariner 75-115 PS 22-816856Q 3 &#8211; <\/p>\n<h2 class=\"ProductDescription__title\">Beschreibung<\/h2>\n<div class=\"ProductDescription__text\">\n<div itemprop=\"description\">\n<ul>\n<li>Wird am Motor mit Schnelltrenn-, Clip-On-Fittings befestigt.<\/li>\n<li>Enth\u00e4lt Brennstoffanschluss und Schlauchschelle.<\/li>\n<li>Ersetzen Sie \u00e4ltere Benzinleitungen und Primer-Gummis, wenn Sie Ihren Anschluss wechseln.<\/li>\n<li>Produziert von Mercury Marine gem\u00e4\u00df unseren strengen Originalhersteller-Spezifikationen, um die Leistung Ihres Mercury und Mariner Au\u00dfenbordmotors oder MerCruiser-Antriebs zu maximieren.<\/li>\n<\/ul>\n<ul>\n<li><span class=\"import_usa\">Importiert aus den USA<\/span>.<\/li>\n<\/ul>\n<p>Dieses Schnelltrennfitting-Kit ist f\u00fcr alle Mercury und<br \/>Mariner Au\u00dfenbordmotoren gedacht, die die Clip-On-Schnelltrennfitting verwenden. Das Benzinleitungs-Barb-Fitting ist f\u00fcr 5\/16&#8243; (8mm) ID-Benzin<\/p>\n<\/div>\n<\/div>\n<\/div>\n","protected":false},"excerpt":{"rendered":"<p>Kraftstoffanschluss Mercury Mariner 75-115 PS 22-816856Q 3 &#8211; Beschreibung Wird am Motor mit Schnelltrenn-, Clip-On-Fittings befestigt. Enth\u00e4lt Brennstoffanschluss und Schlauchschelle.<\/p>\n","protected":false},"featured_media":5946083,"comment_status":"closed","ping_status":"closed","template":"","meta":[],"product_brand":[3285],"product_cat":[1528,1540],"product_tag":[],"class_list":{"0":"post-3433403","1":"product","2":"type-product","3":"status-publish","4":"has-post-thumbnail","6":"product_brand-quicksilver-de","7":"product_cat-marine-ersatzteile-fuer-mercury-und-mariner","8":"product_cat-zubehoer-fuer-aussenborder","10":"first","11":"instock","12":"shipping-taxable","13":"purchasable","14":"product-type-simple"},"_links":{"self":[{"href":"https:\/\/stoic-curie.212-227-153-4.plesk.page\/de\/wp-json\/wp\/v2\/product\/3433403","targetHints":{"allow":["GET"]}}],"collection":[{"href":"https:\/\/stoic-curie.212-227-153-4.plesk.page\/de\/wp-json\/wp\/v2\/product"}],"about":[{"href":"https:\/\/stoic-curie.212-227-153-4.plesk.page\/de\/wp-json\/wp\/v2\/types\/product"}],"replies":[{"embeddable":true,"href":"https:\/\/stoic-curie.212-227-153-4.plesk.page\/de\/wp-json\/wp\/v2\/comments?post=3433403"}],"version-history":[{"count":0,"href":"https:\/\/stoic-curie.212-227-153-4.plesk.page\/de\/wp-json\/wp\/v2\/product\/3433403\/revisions"}],"wp:featuredmedia":[{"embeddable":true,"href":"https:\/\/stoic-curie.212-227-153-4.plesk.page\/de\/wp-json\/wp\/v2\/media\/5946083"}],"wp:attachment":[{"href":"https:\/\/stoic-curie.212-227-153-4.plesk.page\/de\/wp-json\/wp\/v2\/media?parent=3433403"}],"wp:term":[{"taxonomy":"product_brand","embeddable":true,"href":"https:\/\/stoic-curie.212-227-153-4.plesk.page\/de\/wp-json\/wp\/v2\/product_brand?post=3433403"},{"taxonomy":"product_cat","embeddable":true,"href":"https:\/\/stoic-curie.212-227-153-4.plesk.page\/de\/wp-json\/wp\/v2\/product_cat?post=3433403"},{"taxonomy":"product_tag","embeddable":true,"href":"https:\/\/stoic-curie.212-227-153-4.plesk.page\/de\/wp-json\/wp\/v2\/product_tag?post=3433403"}],"curies":[{"name":"wp","href":"https:\/\/api.w.org\/{rel}","templated":true}]}}