{"id":3433429,"date":"2025-10-09T22:58:38","date_gmt":"2025-10-10T02:58:38","guid":{"rendered":"https:\/\/stoic-curie.212-227-153-4.plesk.page\/product\/schlauch-5m-fuer-windschutzscheibe-roca\/"},"modified":"2026-02-24T23:35:12","modified_gmt":"2026-02-24T23:35:12","slug":"schlauch-5m-fuer-windschutzscheibe-roca","status":"publish","type":"product","link":"https:\/\/stoic-curie.212-227-153-4.plesk.page\/de\/product\/schlauch-5m-fuer-windschutzscheibe-roca\/","title":{"rendered":"Schlauch 5m f\u00fcr Windschutzscheibe Roca"},"content":{"rendered":"<p>Schlauch 5m f\u00fcr Windschutzscheibe Roca &#8211; <\/p>\n<p>Wischermaschinen-Spritzd\u00fcsen mit 4 mm Schlauchanschluss, komplett mit einem 110 cm langen Schlauch. M8-Gewinde-Durchf\u00fchrungsverschraubung mit 4 mm Schlauchanschluss. 5 Meter EPDM-Gummiwasserschlauch mit UV-Schutz, Durchmesser 4 mm, \u00e4u\u00dferer Durchmesser 7 mm.<\/p>\n","protected":false},"excerpt":{"rendered":"<p>Schlauch 5m f\u00fcr Windschutzscheibe Roca &#8211; Wischermaschinen-Spritzd\u00fcsen mit 4 mm Schlauchanschluss, komplett mit einem 110 cm langen Schlauch. M8-Gewinde-Durchf\u00fchrungsverschraubung mit<\/p>\n","protected":false},"featured_media":5946096,"comment_status":"closed","ping_status":"closed","template":"","meta":[],"product_brand":[3315],"product_cat":[1448],"product_tag":[],"class_list":{"0":"post-3433429","1":"product","2":"type-product","3":"status-publish","4":"has-post-thumbnail","6":"product_brand-roca-marine-de","7":"product_cat-scheibenwischer","9":"first","10":"instock","11":"shipping-taxable","12":"purchasable","13":"product-type-simple"},"_links":{"self":[{"href":"https:\/\/stoic-curie.212-227-153-4.plesk.page\/de\/wp-json\/wp\/v2\/product\/3433429","targetHints":{"allow":["GET"]}}],"collection":[{"href":"https:\/\/stoic-curie.212-227-153-4.plesk.page\/de\/wp-json\/wp\/v2\/product"}],"about":[{"href":"https:\/\/stoic-curie.212-227-153-4.plesk.page\/de\/wp-json\/wp\/v2\/types\/product"}],"replies":[{"embeddable":true,"href":"https:\/\/stoic-curie.212-227-153-4.plesk.page\/de\/wp-json\/wp\/v2\/comments?post=3433429"}],"version-history":[{"count":0,"href":"https:\/\/stoic-curie.212-227-153-4.plesk.page\/de\/wp-json\/wp\/v2\/product\/3433429\/revisions"}],"wp:featuredmedia":[{"embeddable":true,"href":"https:\/\/stoic-curie.212-227-153-4.plesk.page\/de\/wp-json\/wp\/v2\/media\/5946096"}],"wp:attachment":[{"href":"https:\/\/stoic-curie.212-227-153-4.plesk.page\/de\/wp-json\/wp\/v2\/media?parent=3433429"}],"wp:term":[{"taxonomy":"product_brand","embeddable":true,"href":"https:\/\/stoic-curie.212-227-153-4.plesk.page\/de\/wp-json\/wp\/v2\/product_brand?post=3433429"},{"taxonomy":"product_cat","embeddable":true,"href":"https:\/\/stoic-curie.212-227-153-4.plesk.page\/de\/wp-json\/wp\/v2\/product_cat?post=3433429"},{"taxonomy":"product_tag","embeddable":true,"href":"https:\/\/stoic-curie.212-227-153-4.plesk.page\/de\/wp-json\/wp\/v2\/product_tag?post=3433429"}],"curies":[{"name":"wp","href":"https:\/\/api.w.org\/{rel}","templated":true}]}}