{"id":3433689,"date":"2025-10-09T22:58:49","date_gmt":"2025-10-10T02:58:49","guid":{"rendered":"https:\/\/stoic-curie.212-227-153-4.plesk.page\/product\/edelstahl-tuerschloss-40-x-40-x-h6-5mm\/"},"modified":"2026-02-24T23:35:12","modified_gmt":"2026-02-24T23:35:12","slug":"edelstahl-tuerschloss-40-x-40-x-h6-5mm","status":"publish","type":"product","link":"https:\/\/stoic-curie.212-227-153-4.plesk.page\/de\/product\/edelstahl-tuerschloss-40-x-40-x-h6-5mm\/","title":{"rendered":"Edelstahl-T\u00fcrschloss 40 x 40 x H6.5mm"},"content":{"rendered":"<p>Edelstahl-T\u00fcrschloss 40 x 40 x H6.5mm &#8211; <\/p>\n<p>Doppelschl\u00fcssel- beschichtetes Legierungs- gestanztes kompaktes Schloss f\u00fcr Schubladen, T\u00fcren und Luken.<\/p>\n","protected":false},"excerpt":{"rendered":"<p>Edelstahl-T\u00fcrschloss 40 x 40 x H6.5mm &#8211; Doppelschl\u00fcssel- beschichtetes Legierungs- gestanztes kompaktes Schloss f\u00fcr Schubladen, T\u00fcren und Luken.<\/p>\n","protected":false},"featured_media":5946220,"comment_status":"closed","ping_status":"closed","template":"","meta":[],"product_brand":[3135],"product_cat":[1421],"product_tag":[],"class_list":{"0":"post-3433689","1":"product","2":"type-product","3":"status-publish","4":"has-post-thumbnail","6":"product_brand-masterlock-de","7":"product_cat-tuerschloesser","9":"first","10":"instock","11":"shipping-taxable","12":"purchasable","13":"product-type-simple"},"_links":{"self":[{"href":"https:\/\/stoic-curie.212-227-153-4.plesk.page\/de\/wp-json\/wp\/v2\/product\/3433689","targetHints":{"allow":["GET"]}}],"collection":[{"href":"https:\/\/stoic-curie.212-227-153-4.plesk.page\/de\/wp-json\/wp\/v2\/product"}],"about":[{"href":"https:\/\/stoic-curie.212-227-153-4.plesk.page\/de\/wp-json\/wp\/v2\/types\/product"}],"replies":[{"embeddable":true,"href":"https:\/\/stoic-curie.212-227-153-4.plesk.page\/de\/wp-json\/wp\/v2\/comments?post=3433689"}],"version-history":[{"count":0,"href":"https:\/\/stoic-curie.212-227-153-4.plesk.page\/de\/wp-json\/wp\/v2\/product\/3433689\/revisions"}],"wp:featuredmedia":[{"embeddable":true,"href":"https:\/\/stoic-curie.212-227-153-4.plesk.page\/de\/wp-json\/wp\/v2\/media\/5946220"}],"wp:attachment":[{"href":"https:\/\/stoic-curie.212-227-153-4.plesk.page\/de\/wp-json\/wp\/v2\/media?parent=3433689"}],"wp:term":[{"taxonomy":"product_brand","embeddable":true,"href":"https:\/\/stoic-curie.212-227-153-4.plesk.page\/de\/wp-json\/wp\/v2\/product_brand?post=3433689"},{"taxonomy":"product_cat","embeddable":true,"href":"https:\/\/stoic-curie.212-227-153-4.plesk.page\/de\/wp-json\/wp\/v2\/product_cat?post=3433689"},{"taxonomy":"product_tag","embeddable":true,"href":"https:\/\/stoic-curie.212-227-153-4.plesk.page\/de\/wp-json\/wp\/v2\/product_tag?post=3433689"}],"curies":[{"name":"wp","href":"https:\/\/api.w.org\/{rel}","templated":true}]}}