{"id":3433691,"date":"2025-10-09T22:58:49","date_gmt":"2025-10-10T02:58:49","guid":{"rendered":"https:\/\/stoic-curie.212-227-153-4.plesk.page\/product\/eingelassene-basis-fuer-festen-garelick-pedestal-fuer-tische\/"},"modified":"2026-02-24T23:35:12","modified_gmt":"2026-02-24T23:35:12","slug":"eingelassene-basis-fuer-festen-garelick-pedestal-fuer-tische","status":"publish","type":"product","link":"https:\/\/stoic-curie.212-227-153-4.plesk.page\/de\/product\/eingelassene-basis-fuer-festen-garelick-pedestal-fuer-tische\/","title":{"rendered":"Eingelassene Basis f\u00fcr festen Garelick-Pedestal f\u00fcr Tische"},"content":{"rendered":"<p>Eingelassene Basis f\u00fcr festen Garelick-Pedestal f\u00fcr Tische &#8211; <\/p>\n<p>Fester H\u00f6he, satinierter Marinentischst\u00e4nder aus anodisiertem Aluminium. Die optionale fl\u00e4chenb\u00fcndige Montagebasis erm\u00f6glicht es, die Unterst\u00fctzung in die zweite Position zu verschieben oder sie von der Hauptposition zu entfernen, um das Deck freizuhalten. Durchmesser des Rohrs 60 mm, Durchmesser der Basis 180 mm.<\/p>\n","protected":false},"excerpt":{"rendered":"<p>Eingelassene Basis f\u00fcr festen Garelick-Pedestal f\u00fcr Tische &#8211; Fester H\u00f6he, satinierter Marinentischst\u00e4nder aus anodisiertem Aluminium. Die optionale fl\u00e4chenb\u00fcndige Montagebasis erm\u00f6glicht<\/p>\n","protected":false},"featured_media":5946222,"comment_status":"closed","ping_status":"closed","template":"","meta":[],"product_brand":[2965],"product_cat":[1355],"product_tag":[],"class_list":{"0":"post-3433691","1":"product","2":"type-product","3":"status-publish","4":"has-post-thumbnail","6":"product_brand-garelick-de","7":"product_cat-stuehle-und-tische","9":"first","10":"instock","11":"shipping-taxable","12":"purchasable","13":"product-type-simple"},"_links":{"self":[{"href":"https:\/\/stoic-curie.212-227-153-4.plesk.page\/de\/wp-json\/wp\/v2\/product\/3433691","targetHints":{"allow":["GET"]}}],"collection":[{"href":"https:\/\/stoic-curie.212-227-153-4.plesk.page\/de\/wp-json\/wp\/v2\/product"}],"about":[{"href":"https:\/\/stoic-curie.212-227-153-4.plesk.page\/de\/wp-json\/wp\/v2\/types\/product"}],"replies":[{"embeddable":true,"href":"https:\/\/stoic-curie.212-227-153-4.plesk.page\/de\/wp-json\/wp\/v2\/comments?post=3433691"}],"version-history":[{"count":0,"href":"https:\/\/stoic-curie.212-227-153-4.plesk.page\/de\/wp-json\/wp\/v2\/product\/3433691\/revisions"}],"wp:featuredmedia":[{"embeddable":true,"href":"https:\/\/stoic-curie.212-227-153-4.plesk.page\/de\/wp-json\/wp\/v2\/media\/5946222"}],"wp:attachment":[{"href":"https:\/\/stoic-curie.212-227-153-4.plesk.page\/de\/wp-json\/wp\/v2\/media?parent=3433691"}],"wp:term":[{"taxonomy":"product_brand","embeddable":true,"href":"https:\/\/stoic-curie.212-227-153-4.plesk.page\/de\/wp-json\/wp\/v2\/product_brand?post=3433691"},{"taxonomy":"product_cat","embeddable":true,"href":"https:\/\/stoic-curie.212-227-153-4.plesk.page\/de\/wp-json\/wp\/v2\/product_cat?post=3433691"},{"taxonomy":"product_tag","embeddable":true,"href":"https:\/\/stoic-curie.212-227-153-4.plesk.page\/de\/wp-json\/wp\/v2\/product_tag?post=3433691"}],"curies":[{"name":"wp","href":"https:\/\/api.w.org\/{rel}","templated":true}]}}