{"id":3433746,"date":"2025-10-09T22:58:51","date_gmt":"2025-10-10T02:58:51","guid":{"rendered":"https:\/\/stoic-curie.212-227-153-4.plesk.page\/product\/kit-armaturen-fuer-wassertanks-can-sb\/"},"modified":"2026-02-24T23:35:14","modified_gmt":"2026-02-24T23:35:14","slug":"kit-armaturen-fuer-wassertanks-can-sb","status":"publish","type":"product","link":"https:\/\/stoic-curie.212-227-153-4.plesk.page\/de\/product\/kit-armaturen-fuer-wassertanks-can-sb\/","title":{"rendered":"Kit Armaturen f\u00fcr Wassertanks Can-SB"},"content":{"rendered":"<p>Kit Armaturen f\u00fcr Wassertanks Can-SB &#8211; <\/p>\n<p>Pumpenanschlusskit f\u00fcr Frischwassertanks. Es erm\u00f6glicht die Verbindung der Frischwasserpumpe mit dem Wassertank und dem Bordnetz. Das Set besteht aus einem 1&#8243;1\/2 x 38 mm drehbaren Winkelanschluss, zwei geraden Anschl\u00fcssen 3\/8&#8243; x 10\/12\/16\/18 mm, einem 3\/8&#8243; x 13 mm Winkelanschluss, Dichtungen, einem 12 mm Spiralschlauch (L40 cm) mit zwei Klemmen und 4 M5 Schrauben zur Befestigung der Pumpe am Tank.<\/p>\n","protected":false},"excerpt":{"rendered":"<p>Kit Armaturen f\u00fcr Wassertanks Can-SB &#8211; Pumpenanschlusskit f\u00fcr Frischwassertanks. Es erm\u00f6glicht die Verbindung der Frischwasserpumpe mit dem Wassertank und dem<\/p>\n","protected":false},"featured_media":5946252,"comment_status":"closed","ping_status":"closed","template":"","meta":[],"product_brand":[2855],"product_cat":[1377],"product_tag":[],"class_list":{"0":"post-3433746","1":"product","2":"type-product","3":"status-publish","4":"has-post-thumbnail","6":"product_brand-can-marine-de","7":"product_cat-wassertanks","9":"first","10":"instock","11":"shipping-taxable","12":"purchasable","13":"product-type-simple"},"_links":{"self":[{"href":"https:\/\/stoic-curie.212-227-153-4.plesk.page\/de\/wp-json\/wp\/v2\/product\/3433746","targetHints":{"allow":["GET"]}}],"collection":[{"href":"https:\/\/stoic-curie.212-227-153-4.plesk.page\/de\/wp-json\/wp\/v2\/product"}],"about":[{"href":"https:\/\/stoic-curie.212-227-153-4.plesk.page\/de\/wp-json\/wp\/v2\/types\/product"}],"replies":[{"embeddable":true,"href":"https:\/\/stoic-curie.212-227-153-4.plesk.page\/de\/wp-json\/wp\/v2\/comments?post=3433746"}],"version-history":[{"count":0,"href":"https:\/\/stoic-curie.212-227-153-4.plesk.page\/de\/wp-json\/wp\/v2\/product\/3433746\/revisions"}],"wp:featuredmedia":[{"embeddable":true,"href":"https:\/\/stoic-curie.212-227-153-4.plesk.page\/de\/wp-json\/wp\/v2\/media\/5946252"}],"wp:attachment":[{"href":"https:\/\/stoic-curie.212-227-153-4.plesk.page\/de\/wp-json\/wp\/v2\/media?parent=3433746"}],"wp:term":[{"taxonomy":"product_brand","embeddable":true,"href":"https:\/\/stoic-curie.212-227-153-4.plesk.page\/de\/wp-json\/wp\/v2\/product_brand?post=3433746"},{"taxonomy":"product_cat","embeddable":true,"href":"https:\/\/stoic-curie.212-227-153-4.plesk.page\/de\/wp-json\/wp\/v2\/product_cat?post=3433746"},{"taxonomy":"product_tag","embeddable":true,"href":"https:\/\/stoic-curie.212-227-153-4.plesk.page\/de\/wp-json\/wp\/v2\/product_tag?post=3433746"}],"curies":[{"name":"wp","href":"https:\/\/api.w.org\/{rel}","templated":true}]}}