{"id":3433990,"date":"2025-10-09T22:59:01","date_gmt":"2025-10-10T02:59:01","guid":{"rendered":"https:\/\/stoic-curie.212-227-153-4.plesk.page\/product\/morsesteuerkabel-riviera-f05-2-44mt\/"},"modified":"2026-02-24T23:35:14","modified_gmt":"2026-02-24T23:35:14","slug":"morsesteuerkabel-riviera-f05-2-44mt","status":"publish","type":"product","link":"https:\/\/stoic-curie.212-227-153-4.plesk.page\/de\/product\/morsesteuerkabel-riviera-f05-2-44mt\/","title":{"rendered":"Morsesteuerkabel Riviera F05 2.44mt"},"content":{"rendered":"<p>Morsesteuerkabel Riviera F05 2.44mt &#8211; <\/p>\n<p>Fernbedienungskabel f\u00fcr Mercury- und Mercruiser-Motoren mit Steuerger\u00e4ten der Mercury Generation II. Edelstahlanschl\u00fcsse, 2 mm Edelstahlkern, 95 mm Hub, 7 mm Durchmesser der H\u00fclle.<\/p>\n","protected":false},"excerpt":{"rendered":"<p>Morsesteuerkabel Riviera F05 2.44mt &#8211; Fernbedienungskabel f\u00fcr Mercury- und Mercruiser-Motoren mit Steuerger\u00e4ten der Mercury Generation II. Edelstahlanschl\u00fcsse, 2 mm Edelstahlkern,<\/p>\n","protected":false},"featured_media":5946295,"comment_status":"closed","ping_status":"closed","template":"","meta":[],"product_brand":[3305],"product_cat":[1497],"product_tag":[],"class_list":{"0":"post-3433990","1":"product","2":"type-product","3":"status-publish","4":"has-post-thumbnail","6":"product_brand-riviera-de","7":"product_cat-morse-steuerkabel","9":"first","10":"instock","11":"shipping-taxable","12":"purchasable","13":"product-type-simple"},"_links":{"self":[{"href":"https:\/\/stoic-curie.212-227-153-4.plesk.page\/de\/wp-json\/wp\/v2\/product\/3433990","targetHints":{"allow":["GET"]}}],"collection":[{"href":"https:\/\/stoic-curie.212-227-153-4.plesk.page\/de\/wp-json\/wp\/v2\/product"}],"about":[{"href":"https:\/\/stoic-curie.212-227-153-4.plesk.page\/de\/wp-json\/wp\/v2\/types\/product"}],"replies":[{"embeddable":true,"href":"https:\/\/stoic-curie.212-227-153-4.plesk.page\/de\/wp-json\/wp\/v2\/comments?post=3433990"}],"version-history":[{"count":0,"href":"https:\/\/stoic-curie.212-227-153-4.plesk.page\/de\/wp-json\/wp\/v2\/product\/3433990\/revisions"}],"wp:featuredmedia":[{"embeddable":true,"href":"https:\/\/stoic-curie.212-227-153-4.plesk.page\/de\/wp-json\/wp\/v2\/media\/5946295"}],"wp:attachment":[{"href":"https:\/\/stoic-curie.212-227-153-4.plesk.page\/de\/wp-json\/wp\/v2\/media?parent=3433990"}],"wp:term":[{"taxonomy":"product_brand","embeddable":true,"href":"https:\/\/stoic-curie.212-227-153-4.plesk.page\/de\/wp-json\/wp\/v2\/product_brand?post=3433990"},{"taxonomy":"product_cat","embeddable":true,"href":"https:\/\/stoic-curie.212-227-153-4.plesk.page\/de\/wp-json\/wp\/v2\/product_cat?post=3433990"},{"taxonomy":"product_tag","embeddable":true,"href":"https:\/\/stoic-curie.212-227-153-4.plesk.page\/de\/wp-json\/wp\/v2\/product_tag?post=3433990"}],"curies":[{"name":"wp","href":"https:\/\/api.w.org\/{rel}","templated":true}]}}