{"id":3433992,"date":"2025-10-09T22:59:01","date_gmt":"2025-10-10T02:59:01","guid":{"rendered":"https:\/\/stoic-curie.212-227-153-4.plesk.page\/product\/morsesteuerkabel-riviera-f05-2-75mt\/"},"modified":"2026-02-24T23:35:14","modified_gmt":"2026-02-24T23:35:14","slug":"morsesteuerkabel-riviera-f05-2-75mt","status":"publish","type":"product","link":"https:\/\/stoic-curie.212-227-153-4.plesk.page\/de\/product\/morsesteuerkabel-riviera-f05-2-75mt\/","title":{"rendered":"Morsesteuerkabel Riviera F05 2.75mt"},"content":{"rendered":"<p>Morsesteuerkabel Riviera F05 2.75mt &#8211; <\/p>\n<p>Fernbedienungskabel f\u00fcr Mercury- und Mercruiser-Motoren mit Mercury Generation II Steuerboxen. Edelstahlanschl\u00fcsse, 2 mm Edelstahlkern, 95 mm Hub, 7 mm Durchmesser der Schutzh\u00fclle.<\/p>\n","protected":false},"excerpt":{"rendered":"<p>Morsesteuerkabel Riviera F05 2.75mt &#8211; Fernbedienungskabel f\u00fcr Mercury- und Mercruiser-Motoren mit Mercury Generation II Steuerboxen. Edelstahlanschl\u00fcsse, 2 mm Edelstahlkern, 95<\/p>\n","protected":false},"featured_media":5946295,"comment_status":"closed","ping_status":"closed","template":"","meta":[],"product_brand":[3305],"product_cat":[1543,1528,1497],"product_tag":[],"class_list":{"0":"post-3433992","1":"product","2":"type-product","3":"status-publish","4":"has-post-thumbnail","6":"product_brand-riviera-de","7":"product_cat-marine-ersatzteile-fuer-mercruiser","8":"product_cat-marine-ersatzteile-fuer-mercury-und-mariner","9":"product_cat-morse-steuerkabel","11":"first","12":"instock","13":"shipping-taxable","14":"purchasable","15":"product-type-simple"},"_links":{"self":[{"href":"https:\/\/stoic-curie.212-227-153-4.plesk.page\/de\/wp-json\/wp\/v2\/product\/3433992","targetHints":{"allow":["GET"]}}],"collection":[{"href":"https:\/\/stoic-curie.212-227-153-4.plesk.page\/de\/wp-json\/wp\/v2\/product"}],"about":[{"href":"https:\/\/stoic-curie.212-227-153-4.plesk.page\/de\/wp-json\/wp\/v2\/types\/product"}],"replies":[{"embeddable":true,"href":"https:\/\/stoic-curie.212-227-153-4.plesk.page\/de\/wp-json\/wp\/v2\/comments?post=3433992"}],"version-history":[{"count":0,"href":"https:\/\/stoic-curie.212-227-153-4.plesk.page\/de\/wp-json\/wp\/v2\/product\/3433992\/revisions"}],"wp:featuredmedia":[{"embeddable":true,"href":"https:\/\/stoic-curie.212-227-153-4.plesk.page\/de\/wp-json\/wp\/v2\/media\/5946295"}],"wp:attachment":[{"href":"https:\/\/stoic-curie.212-227-153-4.plesk.page\/de\/wp-json\/wp\/v2\/media?parent=3433992"}],"wp:term":[{"taxonomy":"product_brand","embeddable":true,"href":"https:\/\/stoic-curie.212-227-153-4.plesk.page\/de\/wp-json\/wp\/v2\/product_brand?post=3433992"},{"taxonomy":"product_cat","embeddable":true,"href":"https:\/\/stoic-curie.212-227-153-4.plesk.page\/de\/wp-json\/wp\/v2\/product_cat?post=3433992"},{"taxonomy":"product_tag","embeddable":true,"href":"https:\/\/stoic-curie.212-227-153-4.plesk.page\/de\/wp-json\/wp\/v2\/product_tag?post=3433992"}],"curies":[{"name":"wp","href":"https:\/\/api.w.org\/{rel}","templated":true}]}}