{"id":3434129,"date":"2025-10-09T22:59:06","date_gmt":"2025-10-10T02:59:06","guid":{"rendered":"https:\/\/stoic-curie.212-227-153-4.plesk.page\/product\/zwei-schalter-panel-fuer-unterwasser-led-licht-wk\/"},"modified":"2026-02-24T23:35:14","modified_gmt":"2026-02-24T23:35:14","slug":"zwei-schalter-panel-fuer-unterwasser-led-licht-wk","status":"publish","type":"product","link":"https:\/\/stoic-curie.212-227-153-4.plesk.page\/de\/product\/zwei-schalter-panel-fuer-unterwasser-led-licht-wk\/","title":{"rendered":"Zwei-Schalter-Panel f\u00fcr Unterwasser-LED-Licht WK"},"content":{"rendered":"<p>Zwei-Schalter-Panel f\u00fcr Unterwasser-LED-Licht WK &#8211; <\/p>\n<p>Duale Farb 9-32V hochlumineszente Unterwasser-LED-Leuchte. IP68 wasserdichte Geh\u00e4use aus 316er Edelstahl mit silikongesch\u00fctzten Elektronikbauteilen. Mit integriertem Treiber und \u00dcberhitzungsschutz. 1,5 m Stromkabel. 5 ausw\u00e4hlbare Lichtmodi: pulsierendes Wei\u00df und Blau, stabiles Blau, stabiles Wei\u00df, stabiles Wei\u00df und Blau, blinkendes Wei\u00df und Blau. 12\/24V Schalttafel, IP65.<\/p>\n","protected":false},"excerpt":{"rendered":"<p>Zwei-Schalter-Panel f\u00fcr Unterwasser-LED-Licht WK &#8211; Duale Farb 9-32V hochlumineszente Unterwasser-LED-Leuchte. IP68 wasserdichte Geh\u00e4use aus 316er Edelstahl mit silikongesch\u00fctzten Elektronikbauteilen. Mit<\/p>\n","protected":false},"featured_media":5946337,"comment_status":"closed","ping_status":"closed","template":"","meta":[],"product_brand":[3220],"product_cat":[1444],"product_tag":[],"class_list":{"0":"post-3434129","1":"product","2":"type-product","3":"status-publish","4":"has-post-thumbnail","6":"product_brand-oceanled-de","7":"product_cat-unterwasser-led-leuchten","9":"first","10":"instock","11":"shipping-taxable","12":"purchasable","13":"product-type-simple"},"_links":{"self":[{"href":"https:\/\/stoic-curie.212-227-153-4.plesk.page\/de\/wp-json\/wp\/v2\/product\/3434129","targetHints":{"allow":["GET"]}}],"collection":[{"href":"https:\/\/stoic-curie.212-227-153-4.plesk.page\/de\/wp-json\/wp\/v2\/product"}],"about":[{"href":"https:\/\/stoic-curie.212-227-153-4.plesk.page\/de\/wp-json\/wp\/v2\/types\/product"}],"replies":[{"embeddable":true,"href":"https:\/\/stoic-curie.212-227-153-4.plesk.page\/de\/wp-json\/wp\/v2\/comments?post=3434129"}],"version-history":[{"count":0,"href":"https:\/\/stoic-curie.212-227-153-4.plesk.page\/de\/wp-json\/wp\/v2\/product\/3434129\/revisions"}],"wp:featuredmedia":[{"embeddable":true,"href":"https:\/\/stoic-curie.212-227-153-4.plesk.page\/de\/wp-json\/wp\/v2\/media\/5946337"}],"wp:attachment":[{"href":"https:\/\/stoic-curie.212-227-153-4.plesk.page\/de\/wp-json\/wp\/v2\/media?parent=3434129"}],"wp:term":[{"taxonomy":"product_brand","embeddable":true,"href":"https:\/\/stoic-curie.212-227-153-4.plesk.page\/de\/wp-json\/wp\/v2\/product_brand?post=3434129"},{"taxonomy":"product_cat","embeddable":true,"href":"https:\/\/stoic-curie.212-227-153-4.plesk.page\/de\/wp-json\/wp\/v2\/product_cat?post=3434129"},{"taxonomy":"product_tag","embeddable":true,"href":"https:\/\/stoic-curie.212-227-153-4.plesk.page\/de\/wp-json\/wp\/v2\/product_tag?post=3434129"}],"curies":[{"name":"wp","href":"https:\/\/api.w.org\/{rel}","templated":true}]}}