{"id":3434137,"date":"2025-10-09T22:59:06","date_gmt":"2025-10-10T02:59:06","guid":{"rendered":"https:\/\/stoic-curie.212-227-153-4.plesk.page\/product\/orbitrade-19018-zinkanode-fuer-volvo-penta-faltpropeller\/"},"modified":"2026-02-24T23:35:14","modified_gmt":"2026-02-24T23:35:14","slug":"orbitrade-19018-zinkanode-fuer-volvo-penta-faltpropeller","status":"publish","type":"product","link":"https:\/\/stoic-curie.212-227-153-4.plesk.page\/de\/product\/orbitrade-19018-zinkanode-fuer-volvo-penta-faltpropeller\/","title":{"rendered":"Orbitrade 19018 Zinkanode f\u00fcr Volvo Penta Faltpropeller"},"content":{"rendered":"<p>Orbitrade 19018 Zinkanode f\u00fcr Volvo Penta Faltpropeller &#8211; <\/p>\n<div class=\"col-24 col-md-15\">\n<p>Die Orbitrade Marine Zinkanode ist speziell zur Ersetzung der Volvo-Teilenummer 852018 konzipiert. Diese Anode ist f\u00fcr den Einsatz mit 2-bl\u00e4ttrigen Klappenpropellern geeignet und wird mit den erforderlichen Schrauben geliefert. Die Zinkanode sch\u00fctzt vor elektrolytischer Korrosion f\u00fcr die folgenden Volvo Penta Sterndrive-Modelle:<\/p>\n<p>110S, 120S, 120SB, 120S-D, S120C.<\/p>\n<\/div>\n<p><\/p>\n<table class=\"table\">\n<tbody>\n<tr>\n<td><strong>Anwendung<\/strong><\/td>\n<td>Volvo Penta: 120S-D, 120S-B, 110S, 120S, S120C<\/td>\n<\/tr>\n<tr>\n<td><strong>Marke<\/strong><\/td>\n<td>Orbitrade<\/td>\n<\/tr>\n<tr>\n<td><strong>Eignung F\u00fcr<\/strong><\/td>\n<td>Volvo<\/td>\n<\/tr>\n<tr>\n<td><strong>Ersetzt<\/strong><\/td>\n<td>Volvo 852018<\/td>\n<\/tr>\n<\/tbody>\n<\/table>\n","protected":false},"excerpt":{"rendered":"<p>Orbitrade 19018 Zinkanode f\u00fcr Volvo Penta Faltpropeller &#8211; Die Orbitrade Marine Zinkanode ist speziell zur Ersetzung der Volvo-Teilenummer 852018 konzipiert.<\/p>\n","protected":false},"featured_media":5946340,"comment_status":"closed","ping_status":"closed","template":"","meta":[],"product_brand":[3225],"product_cat":[1542],"product_tag":[],"class_list":{"0":"post-3434137","1":"product","2":"type-product","3":"status-publish","4":"has-post-thumbnail","6":"product_brand-orbitrade-marine-de","7":"product_cat-marine-ersatzteile-fuer-volvo-penta","9":"first","10":"instock","11":"shipping-taxable","12":"purchasable","13":"product-type-simple"},"_links":{"self":[{"href":"https:\/\/stoic-curie.212-227-153-4.plesk.page\/de\/wp-json\/wp\/v2\/product\/3434137","targetHints":{"allow":["GET"]}}],"collection":[{"href":"https:\/\/stoic-curie.212-227-153-4.plesk.page\/de\/wp-json\/wp\/v2\/product"}],"about":[{"href":"https:\/\/stoic-curie.212-227-153-4.plesk.page\/de\/wp-json\/wp\/v2\/types\/product"}],"replies":[{"embeddable":true,"href":"https:\/\/stoic-curie.212-227-153-4.plesk.page\/de\/wp-json\/wp\/v2\/comments?post=3434137"}],"version-history":[{"count":0,"href":"https:\/\/stoic-curie.212-227-153-4.plesk.page\/de\/wp-json\/wp\/v2\/product\/3434137\/revisions"}],"wp:featuredmedia":[{"embeddable":true,"href":"https:\/\/stoic-curie.212-227-153-4.plesk.page\/de\/wp-json\/wp\/v2\/media\/5946340"}],"wp:attachment":[{"href":"https:\/\/stoic-curie.212-227-153-4.plesk.page\/de\/wp-json\/wp\/v2\/media?parent=3434137"}],"wp:term":[{"taxonomy":"product_brand","embeddable":true,"href":"https:\/\/stoic-curie.212-227-153-4.plesk.page\/de\/wp-json\/wp\/v2\/product_brand?post=3434137"},{"taxonomy":"product_cat","embeddable":true,"href":"https:\/\/stoic-curie.212-227-153-4.plesk.page\/de\/wp-json\/wp\/v2\/product_cat?post=3434137"},{"taxonomy":"product_tag","embeddable":true,"href":"https:\/\/stoic-curie.212-227-153-4.plesk.page\/de\/wp-json\/wp\/v2\/product_tag?post=3434137"}],"curies":[{"name":"wp","href":"https:\/\/api.w.org\/{rel}","templated":true}]}}