{"id":3434178,"date":"2025-10-09T22:59:08","date_gmt":"2025-10-10T02:59:08","guid":{"rendered":"https:\/\/stoic-curie.212-227-153-4.plesk.page\/product\/viking-universelles-durch-deck-kit\/"},"modified":"2026-02-24T23:35:14","modified_gmt":"2026-02-24T23:35:14","slug":"viking-universelles-durch-deck-kit","status":"publish","type":"product","link":"https:\/\/stoic-curie.212-227-153-4.plesk.page\/de\/product\/viking-universelles-durch-deck-kit\/","title":{"rendered":"Viking Universelles Durch-Deck-Kit"},"content":{"rendered":"<p>Viking Universelles Durch-Deck-Kit &#8211; <\/p>\n<p>Robuste, selbstansaugende Handbilgepumpe f\u00fcr nahezu jede Art von Installation. Die Montagehalterung erm\u00f6glicht die vertikale oder horizontale Montage auf der Oberfl\u00e4che. Mit dem optionalen Durchdeck-Kit kann die Pumpe hinter Bulkheads oder unter dem Deck installiert werden.<\/p>\n","protected":false},"excerpt":{"rendered":"<p>Viking Universelles Durch-Deck-Kit &#8211; Robuste, selbstansaugende Handbilgepumpe f\u00fcr nahezu jede Art von Installation. Die Montagehalterung erm\u00f6glicht die vertikale oder horizontale<\/p>\n","protected":false},"featured_media":5946358,"comment_status":"closed","ping_status":"closed","template":"","meta":[],"product_brand":[3045],"product_cat":[1367],"product_tag":[],"class_list":{"0":"post-3434178","1":"product","2":"type-product","3":"status-publish","4":"has-post-thumbnail","6":"product_brand-johnson-marine-de","7":"product_cat-manuelle-bilgepumpen","9":"first","10":"instock","11":"shipping-taxable","12":"purchasable","13":"product-type-simple"},"_links":{"self":[{"href":"https:\/\/stoic-curie.212-227-153-4.plesk.page\/de\/wp-json\/wp\/v2\/product\/3434178","targetHints":{"allow":["GET"]}}],"collection":[{"href":"https:\/\/stoic-curie.212-227-153-4.plesk.page\/de\/wp-json\/wp\/v2\/product"}],"about":[{"href":"https:\/\/stoic-curie.212-227-153-4.plesk.page\/de\/wp-json\/wp\/v2\/types\/product"}],"replies":[{"embeddable":true,"href":"https:\/\/stoic-curie.212-227-153-4.plesk.page\/de\/wp-json\/wp\/v2\/comments?post=3434178"}],"version-history":[{"count":0,"href":"https:\/\/stoic-curie.212-227-153-4.plesk.page\/de\/wp-json\/wp\/v2\/product\/3434178\/revisions"}],"wp:featuredmedia":[{"embeddable":true,"href":"https:\/\/stoic-curie.212-227-153-4.plesk.page\/de\/wp-json\/wp\/v2\/media\/5946358"}],"wp:attachment":[{"href":"https:\/\/stoic-curie.212-227-153-4.plesk.page\/de\/wp-json\/wp\/v2\/media?parent=3434178"}],"wp:term":[{"taxonomy":"product_brand","embeddable":true,"href":"https:\/\/stoic-curie.212-227-153-4.plesk.page\/de\/wp-json\/wp\/v2\/product_brand?post=3434178"},{"taxonomy":"product_cat","embeddable":true,"href":"https:\/\/stoic-curie.212-227-153-4.plesk.page\/de\/wp-json\/wp\/v2\/product_cat?post=3434178"},{"taxonomy":"product_tag","embeddable":true,"href":"https:\/\/stoic-curie.212-227-153-4.plesk.page\/de\/wp-json\/wp\/v2\/product_tag?post=3434178"}],"curies":[{"name":"wp","href":"https:\/\/api.w.org\/{rel}","templated":true}]}}