{"id":3434200,"date":"2025-10-09T22:59:09","date_gmt":"2025-10-10T02:59:09","guid":{"rendered":"https:\/\/stoic-curie.212-227-153-4.plesk.page\/product\/rettungsweste-fuer-hunde-25-60-kg\/"},"modified":"2026-02-24T23:35:14","modified_gmt":"2026-02-24T23:35:14","slug":"rettungsweste-fuer-hunde-25-60-kg","status":"publish","type":"product","link":"https:\/\/stoic-curie.212-227-153-4.plesk.page\/de\/product\/rettungsweste-fuer-hunde-25-60-kg\/","title":{"rendered":"Rettungsweste f\u00fcr Hunde 25-60 kg"},"content":{"rendered":"<p>Rettungsweste f\u00fcr Hunde 25-60 kg &#8211; <\/p>\n<p>Exzellente, genehmigte Schwimmwesten f\u00fcr Hunde und Katzen. Ausgestattet mit einem Haltegriff, l\u00e4sst sich leicht anpassen.<\/p>\n","protected":false},"excerpt":{"rendered":"<p>Rettungsweste f\u00fcr Hunde 25-60 kg &#8211; Exzellente, genehmigte Schwimmwesten f\u00fcr Hunde und Katzen. Ausgestattet mit einem Haltegriff, l\u00e4sst sich leicht<\/p>\n","protected":false},"featured_media":5939609,"comment_status":"closed","ping_status":"closed","template":"","meta":[],"product_brand":[3515],"product_cat":[1314],"product_tag":[],"class_list":{"0":"post-3434200","1":"product","2":"type-product","3":"status-publish","4":"has-post-thumbnail","6":"product_brand-veleria-san-giorgio-de","7":"product_cat-zugelassene-rettungswesten","9":"first","10":"instock","11":"shipping-taxable","12":"purchasable","13":"product-type-simple"},"_links":{"self":[{"href":"https:\/\/stoic-curie.212-227-153-4.plesk.page\/de\/wp-json\/wp\/v2\/product\/3434200","targetHints":{"allow":["GET"]}}],"collection":[{"href":"https:\/\/stoic-curie.212-227-153-4.plesk.page\/de\/wp-json\/wp\/v2\/product"}],"about":[{"href":"https:\/\/stoic-curie.212-227-153-4.plesk.page\/de\/wp-json\/wp\/v2\/types\/product"}],"replies":[{"embeddable":true,"href":"https:\/\/stoic-curie.212-227-153-4.plesk.page\/de\/wp-json\/wp\/v2\/comments?post=3434200"}],"version-history":[{"count":0,"href":"https:\/\/stoic-curie.212-227-153-4.plesk.page\/de\/wp-json\/wp\/v2\/product\/3434200\/revisions"}],"wp:featuredmedia":[{"embeddable":true,"href":"https:\/\/stoic-curie.212-227-153-4.plesk.page\/de\/wp-json\/wp\/v2\/media\/5939609"}],"wp:attachment":[{"href":"https:\/\/stoic-curie.212-227-153-4.plesk.page\/de\/wp-json\/wp\/v2\/media?parent=3434200"}],"wp:term":[{"taxonomy":"product_brand","embeddable":true,"href":"https:\/\/stoic-curie.212-227-153-4.plesk.page\/de\/wp-json\/wp\/v2\/product_brand?post=3434200"},{"taxonomy":"product_cat","embeddable":true,"href":"https:\/\/stoic-curie.212-227-153-4.plesk.page\/de\/wp-json\/wp\/v2\/product_cat?post=3434200"},{"taxonomy":"product_tag","embeddable":true,"href":"https:\/\/stoic-curie.212-227-153-4.plesk.page\/de\/wp-json\/wp\/v2\/product_tag?post=3434200"}],"curies":[{"name":"wp","href":"https:\/\/api.w.org\/{rel}","templated":true}]}}