{"id":3434214,"date":"2025-10-09T22:59:10","date_gmt":"2025-10-10T02:59:10","guid":{"rendered":"https:\/\/stoic-curie.212-227-153-4.plesk.page\/product\/wasserdichte-tasche-aquapac-195-x-115mm\/"},"modified":"2026-02-24T23:35:14","modified_gmt":"2026-02-24T23:35:14","slug":"wasserdichte-tasche-aquapac-195-x-115mm","status":"publish","type":"product","link":"https:\/\/stoic-curie.212-227-153-4.plesk.page\/de\/product\/wasserdichte-tasche-aquapac-195-x-115mm\/","title":{"rendered":"Wasserdichte Tasche Aquapac 195 x 115mm"},"content":{"rendered":"<p>Wasserdichte Tasche Aquapac 195 x 115mm &#8211; <\/p>\n<p>Bis zu 10 m wasserdichtes Unterwassergeh\u00e4use f\u00fcr Smartphones. Das doppelte Lenzlex-Glasfenster erm\u00f6glicht gro\u00dfartige Aufnahmen unter Wasser oder an Land und sch\u00fctzt das Smartphone vollst\u00e4ndig. Alle Tasten, Funktionen und der Touchscreen funktionieren normal durch das Geh\u00e4use. Inklusive Lanyard.<\/p>\n","protected":false},"excerpt":{"rendered":"<p>Wasserdichte Tasche Aquapac 195 x 115mm &#8211; Bis zu 10 m wasserdichtes Unterwassergeh\u00e4use f\u00fcr Smartphones. Das doppelte Lenzlex-Glasfenster erm\u00f6glicht gro\u00dfartige<\/p>\n","protected":false},"featured_media":5946365,"comment_status":"closed","ping_status":"closed","template":"","meta":[],"product_brand":[2795],"product_cat":[1568],"product_tag":[],"class_list":{"0":"post-3434214","1":"product","2":"type-product","3":"status-publish","4":"has-post-thumbnail","6":"product_brand-aquapac-de","7":"product_cat-trockensaecke","9":"first","10":"instock","11":"shipping-taxable","12":"purchasable","13":"product-type-simple"},"_links":{"self":[{"href":"https:\/\/stoic-curie.212-227-153-4.plesk.page\/de\/wp-json\/wp\/v2\/product\/3434214","targetHints":{"allow":["GET"]}}],"collection":[{"href":"https:\/\/stoic-curie.212-227-153-4.plesk.page\/de\/wp-json\/wp\/v2\/product"}],"about":[{"href":"https:\/\/stoic-curie.212-227-153-4.plesk.page\/de\/wp-json\/wp\/v2\/types\/product"}],"replies":[{"embeddable":true,"href":"https:\/\/stoic-curie.212-227-153-4.plesk.page\/de\/wp-json\/wp\/v2\/comments?post=3434214"}],"version-history":[{"count":0,"href":"https:\/\/stoic-curie.212-227-153-4.plesk.page\/de\/wp-json\/wp\/v2\/product\/3434214\/revisions"}],"wp:featuredmedia":[{"embeddable":true,"href":"https:\/\/stoic-curie.212-227-153-4.plesk.page\/de\/wp-json\/wp\/v2\/media\/5946365"}],"wp:attachment":[{"href":"https:\/\/stoic-curie.212-227-153-4.plesk.page\/de\/wp-json\/wp\/v2\/media?parent=3434214"}],"wp:term":[{"taxonomy":"product_brand","embeddable":true,"href":"https:\/\/stoic-curie.212-227-153-4.plesk.page\/de\/wp-json\/wp\/v2\/product_brand?post=3434214"},{"taxonomy":"product_cat","embeddable":true,"href":"https:\/\/stoic-curie.212-227-153-4.plesk.page\/de\/wp-json\/wp\/v2\/product_cat?post=3434214"},{"taxonomy":"product_tag","embeddable":true,"href":"https:\/\/stoic-curie.212-227-153-4.plesk.page\/de\/wp-json\/wp\/v2\/product_tag?post=3434214"}],"curies":[{"name":"wp","href":"https:\/\/api.w.org\/{rel}","templated":true}]}}