{"id":3434227,"date":"2025-10-09T22:59:10","date_gmt":"2025-10-10T02:59:10","guid":{"rendered":"https:\/\/stoic-curie.212-227-153-4.plesk.page\/product\/dry-bag-aquapac-363-phone-gruen-215-x-130mm\/"},"modified":"2026-02-24T23:35:14","modified_gmt":"2026-02-24T23:35:14","slug":"dry-bag-aquapac-363-phone-gruen-215-x-130mm","status":"publish","type":"product","link":"https:\/\/stoic-curie.212-227-153-4.plesk.page\/de\/product\/dry-bag-aquapac-363-phone-gruen-215-x-130mm\/","title":{"rendered":"Dry Bag Aquapac 363 Phone Gr\u00fcn 215 x 130mm"},"content":{"rendered":"<p>Dry Bag Aquapac 363 Phone Gr\u00fcn 215 x 130mm &#8211; <\/p>\n<p>Bis zu 10 m wasserdichte Schutzh\u00fclle f\u00fcr Smartphones. Das doppelte Lenzlex-Linsenfenster erm\u00f6glicht gro\u00dfartige Aufnahmen im Wasser oder an Land, w\u00e4hrend das Smartphone vollkommen sicher bleibt. Alle Tasten, Funktionen und der Touchscreen funktionieren normal durch die H\u00fclle. Inklusive Umh\u00e4ngeband.<\/p>\n","protected":false},"excerpt":{"rendered":"<p>Dry Bag Aquapac 363 Phone Gr\u00fcn 215 x 130mm &#8211; Bis zu 10 m wasserdichte Schutzh\u00fclle f\u00fcr Smartphones. Das doppelte<\/p>\n","protected":false},"featured_media":5946380,"comment_status":"closed","ping_status":"closed","template":"","meta":[],"product_brand":[2795],"product_cat":[1568],"product_tag":[],"class_list":{"0":"post-3434227","1":"product","2":"type-product","3":"status-publish","4":"has-post-thumbnail","6":"product_brand-aquapac-de","7":"product_cat-trockensaecke","9":"first","10":"instock","11":"shipping-taxable","12":"purchasable","13":"product-type-simple"},"_links":{"self":[{"href":"https:\/\/stoic-curie.212-227-153-4.plesk.page\/de\/wp-json\/wp\/v2\/product\/3434227","targetHints":{"allow":["GET"]}}],"collection":[{"href":"https:\/\/stoic-curie.212-227-153-4.plesk.page\/de\/wp-json\/wp\/v2\/product"}],"about":[{"href":"https:\/\/stoic-curie.212-227-153-4.plesk.page\/de\/wp-json\/wp\/v2\/types\/product"}],"replies":[{"embeddable":true,"href":"https:\/\/stoic-curie.212-227-153-4.plesk.page\/de\/wp-json\/wp\/v2\/comments?post=3434227"}],"version-history":[{"count":0,"href":"https:\/\/stoic-curie.212-227-153-4.plesk.page\/de\/wp-json\/wp\/v2\/product\/3434227\/revisions"}],"wp:featuredmedia":[{"embeddable":true,"href":"https:\/\/stoic-curie.212-227-153-4.plesk.page\/de\/wp-json\/wp\/v2\/media\/5946380"}],"wp:attachment":[{"href":"https:\/\/stoic-curie.212-227-153-4.plesk.page\/de\/wp-json\/wp\/v2\/media?parent=3434227"}],"wp:term":[{"taxonomy":"product_brand","embeddable":true,"href":"https:\/\/stoic-curie.212-227-153-4.plesk.page\/de\/wp-json\/wp\/v2\/product_brand?post=3434227"},{"taxonomy":"product_cat","embeddable":true,"href":"https:\/\/stoic-curie.212-227-153-4.plesk.page\/de\/wp-json\/wp\/v2\/product_cat?post=3434227"},{"taxonomy":"product_tag","embeddable":true,"href":"https:\/\/stoic-curie.212-227-153-4.plesk.page\/de\/wp-json\/wp\/v2\/product_tag?post=3434227"}],"curies":[{"name":"wp","href":"https:\/\/api.w.org\/{rel}","templated":true}]}}