{"id":3434281,"date":"2025-10-09T22:59:12","date_gmt":"2025-10-10T02:59:12","guid":{"rendered":"https:\/\/stoic-curie.212-227-153-4.plesk.page\/product\/yachtreinigungsbuersten-harte-weisse-buerste\/"},"modified":"2026-02-24T23:35:14","modified_gmt":"2026-02-24T23:35:14","slug":"yachtreinigungsbuersten-harte-weisse-buerste","status":"publish","type":"product","link":"https:\/\/stoic-curie.212-227-153-4.plesk.page\/de\/product\/yachtreinigungsbuersten-harte-weisse-buerste\/","title":{"rendered":"Yachtreinigungsb\u00fcrsten harte wei\u00dfe B\u00fcrste"},"content":{"rendered":"<p>Yachtreinigungsb\u00fcrsten harte wei\u00dfe B\u00fcrste &#8211; <\/p>\n<p>Vernisste Buchenholz-Waschb\u00fcrsten mit sto\u00dffestem Gummirand, zu erg\u00e4nzen mit einem Griff. Gelbe B\u00fcrste &#8211; weiche Borsten: perfekt zum Waschen von Fenstern und Seiten. Blaue B\u00fcrste &#8211; mittlere Borsten: ideal f\u00fcr die allgemeine Reinigung. Wei\u00dfe B\u00fcrste &#8211; harte Borsten: perfekt zum Reinigen von Decks, rauen und besonders verschmutzten Oberfl\u00e4chen.<\/p>\n","protected":false},"excerpt":{"rendered":"<p>Yachtreinigungsb\u00fcrsten harte wei\u00dfe B\u00fcrste &#8211; Vernisste Buchenholz-Waschb\u00fcrsten mit sto\u00dffestem Gummirand, zu erg\u00e4nzen mit einem Griff. Gelbe B\u00fcrste &#8211; weiche Borsten:<\/p>\n","protected":false},"featured_media":5946405,"comment_status":"closed","ping_status":"closed","template":"","meta":[],"product_brand":[3235],"product_cat":[1346],"product_tag":[],"class_list":{"0":"post-3434281","1":"product","2":"type-product","3":"status-publish","4":"has-post-thumbnail","6":"product_brand-osculati-de","7":"product_cat-reinigungsbuersten","9":"first","10":"instock","11":"shipping-taxable","12":"purchasable","13":"product-type-simple"},"_links":{"self":[{"href":"https:\/\/stoic-curie.212-227-153-4.plesk.page\/de\/wp-json\/wp\/v2\/product\/3434281","targetHints":{"allow":["GET"]}}],"collection":[{"href":"https:\/\/stoic-curie.212-227-153-4.plesk.page\/de\/wp-json\/wp\/v2\/product"}],"about":[{"href":"https:\/\/stoic-curie.212-227-153-4.plesk.page\/de\/wp-json\/wp\/v2\/types\/product"}],"replies":[{"embeddable":true,"href":"https:\/\/stoic-curie.212-227-153-4.plesk.page\/de\/wp-json\/wp\/v2\/comments?post=3434281"}],"version-history":[{"count":0,"href":"https:\/\/stoic-curie.212-227-153-4.plesk.page\/de\/wp-json\/wp\/v2\/product\/3434281\/revisions"}],"wp:featuredmedia":[{"embeddable":true,"href":"https:\/\/stoic-curie.212-227-153-4.plesk.page\/de\/wp-json\/wp\/v2\/media\/5946405"}],"wp:attachment":[{"href":"https:\/\/stoic-curie.212-227-153-4.plesk.page\/de\/wp-json\/wp\/v2\/media?parent=3434281"}],"wp:term":[{"taxonomy":"product_brand","embeddable":true,"href":"https:\/\/stoic-curie.212-227-153-4.plesk.page\/de\/wp-json\/wp\/v2\/product_brand?post=3434281"},{"taxonomy":"product_cat","embeddable":true,"href":"https:\/\/stoic-curie.212-227-153-4.plesk.page\/de\/wp-json\/wp\/v2\/product_cat?post=3434281"},{"taxonomy":"product_tag","embeddable":true,"href":"https:\/\/stoic-curie.212-227-153-4.plesk.page\/de\/wp-json\/wp\/v2\/product_tag?post=3434281"}],"curies":[{"name":"wp","href":"https:\/\/api.w.org\/{rel}","templated":true}]}}