{"id":3434321,"date":"2025-10-09T22:59:14","date_gmt":"2025-10-10T02:59:14","guid":{"rendered":"https:\/\/stoic-curie.212-227-153-4.plesk.page\/product\/sicherungsautomat-mtm-150a\/"},"modified":"2026-02-24T23:35:15","modified_gmt":"2026-02-24T23:35:15","slug":"sicherungsautomat-mtm-150a","status":"publish","type":"product","link":"https:\/\/stoic-curie.212-227-153-4.plesk.page\/de\/product\/sicherungsautomat-mtm-150a\/","title":{"rendered":"Sicherungsautomat MTM 150A"},"content":{"rendered":"<p>Sicherungsautomat MTM 150A &#8211; <\/p>\n<p>Oberfl\u00e4chenmontierter Hi-Amp Marinequalit\u00e4t Sicherungsautomat. Kombiniert Schaltung und Schutz in einem Ger\u00e4t. IP67 wasserdicht, produziert keine Funken und kann auf Booten mit Benzin verwendet werden.<\/p>\n","protected":false},"excerpt":{"rendered":"<p>Sicherungsautomat MTM 150A &#8211; Oberfl\u00e4chenmontierter Hi-Amp Marinequalit\u00e4t Sicherungsautomat. Kombiniert Schaltung und Schutz in einem Ger\u00e4t. IP67 wasserdicht, produziert keine Funken<\/p>\n","protected":false},"featured_media":5946432,"comment_status":"closed","ping_status":"closed","template":"","meta":[],"product_brand":[2830],"product_cat":[1461],"product_tag":[],"class_list":{"0":"post-3434321","1":"product","2":"type-product","3":"status-publish","4":"has-post-thumbnail","6":"product_brand-blue-sea-systems-de","7":"product_cat-sicherungsschalter-und-relais","9":"first","10":"instock","11":"shipping-taxable","12":"purchasable","13":"product-type-simple"},"_links":{"self":[{"href":"https:\/\/stoic-curie.212-227-153-4.plesk.page\/de\/wp-json\/wp\/v2\/product\/3434321","targetHints":{"allow":["GET"]}}],"collection":[{"href":"https:\/\/stoic-curie.212-227-153-4.plesk.page\/de\/wp-json\/wp\/v2\/product"}],"about":[{"href":"https:\/\/stoic-curie.212-227-153-4.plesk.page\/de\/wp-json\/wp\/v2\/types\/product"}],"replies":[{"embeddable":true,"href":"https:\/\/stoic-curie.212-227-153-4.plesk.page\/de\/wp-json\/wp\/v2\/comments?post=3434321"}],"version-history":[{"count":0,"href":"https:\/\/stoic-curie.212-227-153-4.plesk.page\/de\/wp-json\/wp\/v2\/product\/3434321\/revisions"}],"wp:featuredmedia":[{"embeddable":true,"href":"https:\/\/stoic-curie.212-227-153-4.plesk.page\/de\/wp-json\/wp\/v2\/media\/5946432"}],"wp:attachment":[{"href":"https:\/\/stoic-curie.212-227-153-4.plesk.page\/de\/wp-json\/wp\/v2\/media?parent=3434321"}],"wp:term":[{"taxonomy":"product_brand","embeddable":true,"href":"https:\/\/stoic-curie.212-227-153-4.plesk.page\/de\/wp-json\/wp\/v2\/product_brand?post=3434321"},{"taxonomy":"product_cat","embeddable":true,"href":"https:\/\/stoic-curie.212-227-153-4.plesk.page\/de\/wp-json\/wp\/v2\/product_cat?post=3434321"},{"taxonomy":"product_tag","embeddable":true,"href":"https:\/\/stoic-curie.212-227-153-4.plesk.page\/de\/wp-json\/wp\/v2\/product_tag?post=3434321"}],"curies":[{"name":"wp","href":"https:\/\/api.w.org\/{rel}","templated":true}]}}