{"id":3434389,"date":"2025-10-09T22:59:16","date_gmt":"2025-10-10T02:59:16","guid":{"rendered":"https:\/\/stoic-curie.212-227-153-4.plesk.page\/product\/jg-speedfit-schlauchanschluss-15mm-x-1-2-id\/"},"modified":"2026-02-24T23:35:15","modified_gmt":"2026-02-24T23:35:15","slug":"jg-speedfit-schlauchanschluss-15mm-x-1-2-id","status":"publish","type":"product","link":"https:\/\/stoic-curie.212-227-153-4.plesk.page\/de\/product\/jg-speedfit-schlauchanschluss-15mm-x-1-2-id\/","title":{"rendered":"JG Speedfit Schlauchanschluss (15mm x 1\/2&#8243; ID)"},"content":{"rendered":"<p>JG Speedfit Schlauchanschluss (15mm x 1\/2&#8243; ID) &#8211; <\/p>\n<div class=\"col-24 col-md-15\">\n<p>Der JG Speedfit Schlauchverbinder NC448 ist ein einfach zu verwendender Push-Fit-Adapter, der 15 mm Schlauch mit 1\/2&#8243; BSP-Rohr aus Kunststoff oder Kupfer verbindet. Dr\u00fccken Sie einfach das Push-Fit-Fitting auf das Rohr. Um die Verbindung zu demontieren, dr\u00fccken Sie die Kolbenklemme in Richtung des K\u00f6rpers des Push-Fit-Fittings und ziehen Sie das Rohr heraus, um es zu l\u00f6sen.<\/p>\n<p>Der JG Speedfit Schlauchverbinder l\u00e4sst sich bis zu 40 % schneller installieren als herk\u00f6mmliche Methoden und ist einfacher in engen R\u00e4umen zu verwenden, da kein hei\u00dfes Arbeiten und keine Werkzeuge erforderlich sind. Entwickelt, hergestellt und montiert im Vereinigten K\u00f6nigreich.<\/p>\n<p>Eigenschaften:<\/p>\n<p>Sofortige Push-Fit-Verbindung<\/p>\n<p>Installation und Demontage in Sekundenschnelle ohne Werkzeuge<\/p>\n<p>Sichere, flammenfreie Installation, ohne hei\u00dfes Arbeiten, Kleber oder Flussmittel<\/p>\n<p>Grip &#038; Seal-Kolben mit Edelstahlz\u00e4hnen und Haupt-O-Ring-Dichtung<\/p>\n<p>Ungiftig, korrosionsbest\u00e4ndig und kein Skalierungsaufbau<\/p>\n<p>Kompatibel mit Speedfit PEX- und Polybutylenrohr (Eins\u00e4tze erforderlich) sowie Kupferrohr<\/p>\n<p>Nur f\u00fcr Warm- und Kaltwasser geeignet (nicht geeignet f\u00fcr Heizungsanlagen)<\/p>\n<\/p><\/div>\n<p><\/p>\n<table class=\"table\">\n<tbody>\n<tr>\n<td><strong>Marke<\/strong><\/td>\n<td>JG Speedfit<\/td>\n<\/tr>\n<tr>\n<td><strong>Fitting<\/strong><\/td>\n<td>Push-Fit-Fitting|Schlauchanschluss<\/td>\n<\/tr>\n<tr>\n<td><strong>Schlauchanschlussgr\u00f6\u00dfe<\/strong><\/td>\n<td>15 mm \/ 19\/32&#8243;<\/td>\n<\/tr>\n<tr>\n<td><strong>Prim\u00e4re Konstruktion<\/strong><\/td>\n<td>Kunststoff<\/td>\n<\/tr>\n<tr>\n<td><strong>Ursprungsland<\/strong><\/td>\n<td>Vereinigtes K\u00f6nigreich<\/td>\n<\/tr>\n<\/tbody>\n<\/table>\n","protected":false},"excerpt":{"rendered":"<p>JG Speedfit Schlauchanschluss (15mm x 1\/2&#8243; ID) &#8211; Der JG Speedfit Schlauchverbinder NC448 ist ein einfach zu verwendender Push-Fit-Adapter, der<\/p>\n","protected":false},"featured_media":5946443,"comment_status":"closed","ping_status":"closed","template":"","meta":[],"product_brand":[3425],"product_cat":[1374],"product_tag":[],"class_list":{"0":"post-3434389","1":"product","2":"type-product","3":"status-publish","4":"has-post-thumbnail","6":"product_brand-speedfit-de","7":"product_cat-kunststoff-wasserinstallationsarmaturen","9":"first","10":"instock","11":"shipping-taxable","12":"purchasable","13":"product-type-simple"},"_links":{"self":[{"href":"https:\/\/stoic-curie.212-227-153-4.plesk.page\/de\/wp-json\/wp\/v2\/product\/3434389","targetHints":{"allow":["GET"]}}],"collection":[{"href":"https:\/\/stoic-curie.212-227-153-4.plesk.page\/de\/wp-json\/wp\/v2\/product"}],"about":[{"href":"https:\/\/stoic-curie.212-227-153-4.plesk.page\/de\/wp-json\/wp\/v2\/types\/product"}],"replies":[{"embeddable":true,"href":"https:\/\/stoic-curie.212-227-153-4.plesk.page\/de\/wp-json\/wp\/v2\/comments?post=3434389"}],"version-history":[{"count":0,"href":"https:\/\/stoic-curie.212-227-153-4.plesk.page\/de\/wp-json\/wp\/v2\/product\/3434389\/revisions"}],"wp:featuredmedia":[{"embeddable":true,"href":"https:\/\/stoic-curie.212-227-153-4.plesk.page\/de\/wp-json\/wp\/v2\/media\/5946443"}],"wp:attachment":[{"href":"https:\/\/stoic-curie.212-227-153-4.plesk.page\/de\/wp-json\/wp\/v2\/media?parent=3434389"}],"wp:term":[{"taxonomy":"product_brand","embeddable":true,"href":"https:\/\/stoic-curie.212-227-153-4.plesk.page\/de\/wp-json\/wp\/v2\/product_brand?post=3434389"},{"taxonomy":"product_cat","embeddable":true,"href":"https:\/\/stoic-curie.212-227-153-4.plesk.page\/de\/wp-json\/wp\/v2\/product_cat?post=3434389"},{"taxonomy":"product_tag","embeddable":true,"href":"https:\/\/stoic-curie.212-227-153-4.plesk.page\/de\/wp-json\/wp\/v2\/product_tag?post=3434389"}],"curies":[{"name":"wp","href":"https:\/\/api.w.org\/{rel}","templated":true}]}}