{"id":3434393,"date":"2025-10-09T22:59:17","date_gmt":"2025-10-10T02:59:17","guid":{"rendered":"https:\/\/stoic-curie.212-227-153-4.plesk.page\/product\/star-brite-ultimativer-xtreme-reiniger-fuer-alle-oberflaechen-entfetter-650-ml\/"},"modified":"2026-02-24T23:35:15","modified_gmt":"2026-02-24T23:35:15","slug":"star-brite-ultimativer-xtreme-reiniger-fuer-alle-oberflaechen-entfetter-650-ml","status":"publish","type":"product","link":"https:\/\/stoic-curie.212-227-153-4.plesk.page\/de\/product\/star-brite-ultimativer-xtreme-reiniger-fuer-alle-oberflaechen-entfetter-650-ml\/","title":{"rendered":"Star Brite Ultimativer Xtreme Reiniger f\u00fcr alle Oberfl\u00e4chen Entfetter (650 ml)"},"content":{"rendered":"<p>Star Brite Ultimativer Xtreme Reiniger f\u00fcr alle Oberfl\u00e4chen Entfetter (650 ml) &#8211; Star brite&#8217;s Ultimate Xtreme Clean ist mit den neuesten technologischen Inhaltsstoffen formuliert, um der h\u00e4rteste Schmutzbeseitiger aller Zeiten zu sein. Die speziellen chelatorischen Mittel greifen Stra\u00dfenverunreinigungen, Insektenreste, Vogelausscheidungen, fettige Flecken und mehr an, indem sie die Bindung, die sie an der Oberfl\u00e4che h\u00e4lt, aufbrechen, sodass sie ohne starkes Schrubben abgewischt werden k\u00f6nnen. Im Gegensatz zu den meisten Allzweckreinigern, die billige, aggressive Inhaltsstoffe verwenden, enth\u00e4lt Xtreme Clean keine \u00e4tzenden, gef\u00e4hrlichen Chemikalien, die die Oberfl\u00e4che besch\u00e4digen k\u00f6nnen. Xtreme Clean ist sicher f\u00fcr die Verwendung auf allen Metall-, Fiberglas-, Kunststoff-, Chrom-, Edelstahl-, Folien-, Leder- und Gumm Obergfl\u00e4chen.<\/p>\n","protected":false},"excerpt":{"rendered":"<p>Star Brite Ultimativer Xtreme Reiniger f\u00fcr alle Oberfl\u00e4chen Entfetter (650 ml) &#8211; Star brite&#8217;s Ultimate Xtreme Clean ist mit den<\/p>\n","protected":false},"featured_media":5946444,"comment_status":"closed","ping_status":"closed","template":"","meta":[],"product_brand":[3435],"product_cat":[1341],"product_tag":[],"class_list":{"0":"post-3434393","1":"product","2":"type-product","3":"status-publish","4":"has-post-thumbnail","6":"product_brand-starbrite-de","7":"product_cat-produkte-zur-reinigung","9":"first","10":"instock","11":"shipping-taxable","12":"purchasable","13":"product-type-simple"},"_links":{"self":[{"href":"https:\/\/stoic-curie.212-227-153-4.plesk.page\/de\/wp-json\/wp\/v2\/product\/3434393","targetHints":{"allow":["GET"]}}],"collection":[{"href":"https:\/\/stoic-curie.212-227-153-4.plesk.page\/de\/wp-json\/wp\/v2\/product"}],"about":[{"href":"https:\/\/stoic-curie.212-227-153-4.plesk.page\/de\/wp-json\/wp\/v2\/types\/product"}],"replies":[{"embeddable":true,"href":"https:\/\/stoic-curie.212-227-153-4.plesk.page\/de\/wp-json\/wp\/v2\/comments?post=3434393"}],"version-history":[{"count":0,"href":"https:\/\/stoic-curie.212-227-153-4.plesk.page\/de\/wp-json\/wp\/v2\/product\/3434393\/revisions"}],"wp:featuredmedia":[{"embeddable":true,"href":"https:\/\/stoic-curie.212-227-153-4.plesk.page\/de\/wp-json\/wp\/v2\/media\/5946444"}],"wp:attachment":[{"href":"https:\/\/stoic-curie.212-227-153-4.plesk.page\/de\/wp-json\/wp\/v2\/media?parent=3434393"}],"wp:term":[{"taxonomy":"product_brand","embeddable":true,"href":"https:\/\/stoic-curie.212-227-153-4.plesk.page\/de\/wp-json\/wp\/v2\/product_brand?post=3434393"},{"taxonomy":"product_cat","embeddable":true,"href":"https:\/\/stoic-curie.212-227-153-4.plesk.page\/de\/wp-json\/wp\/v2\/product_cat?post=3434393"},{"taxonomy":"product_tag","embeddable":true,"href":"https:\/\/stoic-curie.212-227-153-4.plesk.page\/de\/wp-json\/wp\/v2\/product_tag?post=3434393"}],"curies":[{"name":"wp","href":"https:\/\/api.w.org\/{rel}","templated":true}]}}