{"id":3434414,"date":"2025-10-09T22:59:18","date_gmt":"2025-10-10T02:59:18","guid":{"rendered":"https:\/\/stoic-curie.212-227-153-4.plesk.page\/product\/reinigungsbuersten-star-brite-deluxe-blau-mittel\/"},"modified":"2026-02-24T23:35:15","modified_gmt":"2026-02-24T23:35:15","slug":"reinigungsbuersten-star-brite-deluxe-blau-mittel","status":"publish","type":"product","link":"https:\/\/stoic-curie.212-227-153-4.plesk.page\/de\/product\/reinigungsbuersten-star-brite-deluxe-blau-mittel\/","title":{"rendered":"Reinigungsb\u00fcrsten Star Brite Deluxe (blau, mittel)"},"content":{"rendered":"<p>Reinigungsb\u00fcrsten Star Brite Deluxe (blau, mittel) &#8211; <\/p>\n<p>Star-Prene-Faserb\u00fcrsten mit synthetischem Holzgriff und Sto\u00dfschutz. 3 verschiedene Farb- und Faserarten je nach Verwendung: <br \/> Gelb &#8211; weiche Art: h\u00e4lt Wasser und ist perfekt zum Fenster- und Glasfaseroberfl\u00e4chenwaschen. <br \/> Blau &#8211; mittlere Art: perfekt f\u00fcr allgemeine Reinigungsarbeiten. <br \/> Wei\u00df &#8211; harte Art: perfekt zum Waschen von Decks, rauen und besonders schmutzigen Oberfl\u00e4chen. <br \/> Sie passen perfekt zu allen ausziehbaren Star Brite Griffen.<\/p>\n","protected":false},"excerpt":{"rendered":"<p>Reinigungsb\u00fcrsten Star Brite Deluxe (blau, mittel) &#8211; Star-Prene-Faserb\u00fcrsten mit synthetischem Holzgriff und Sto\u00dfschutz. 3 verschiedene Farb- und Faserarten je nach<\/p>\n","protected":false},"featured_media":5946454,"comment_status":"closed","ping_status":"closed","template":"","meta":[],"product_brand":[3435],"product_cat":[1346],"product_tag":[],"class_list":{"0":"post-3434414","1":"product","2":"type-product","3":"status-publish","4":"has-post-thumbnail","6":"product_brand-starbrite-de","7":"product_cat-reinigungsbuersten","9":"first","10":"instock","11":"shipping-taxable","12":"purchasable","13":"product-type-simple"},"_links":{"self":[{"href":"https:\/\/stoic-curie.212-227-153-4.plesk.page\/de\/wp-json\/wp\/v2\/product\/3434414","targetHints":{"allow":["GET"]}}],"collection":[{"href":"https:\/\/stoic-curie.212-227-153-4.plesk.page\/de\/wp-json\/wp\/v2\/product"}],"about":[{"href":"https:\/\/stoic-curie.212-227-153-4.plesk.page\/de\/wp-json\/wp\/v2\/types\/product"}],"replies":[{"embeddable":true,"href":"https:\/\/stoic-curie.212-227-153-4.plesk.page\/de\/wp-json\/wp\/v2\/comments?post=3434414"}],"version-history":[{"count":0,"href":"https:\/\/stoic-curie.212-227-153-4.plesk.page\/de\/wp-json\/wp\/v2\/product\/3434414\/revisions"}],"wp:featuredmedia":[{"embeddable":true,"href":"https:\/\/stoic-curie.212-227-153-4.plesk.page\/de\/wp-json\/wp\/v2\/media\/5946454"}],"wp:attachment":[{"href":"https:\/\/stoic-curie.212-227-153-4.plesk.page\/de\/wp-json\/wp\/v2\/media?parent=3434414"}],"wp:term":[{"taxonomy":"product_brand","embeddable":true,"href":"https:\/\/stoic-curie.212-227-153-4.plesk.page\/de\/wp-json\/wp\/v2\/product_brand?post=3434414"},{"taxonomy":"product_cat","embeddable":true,"href":"https:\/\/stoic-curie.212-227-153-4.plesk.page\/de\/wp-json\/wp\/v2\/product_cat?post=3434414"},{"taxonomy":"product_tag","embeddable":true,"href":"https:\/\/stoic-curie.212-227-153-4.plesk.page\/de\/wp-json\/wp\/v2\/product_tag?post=3434414"}],"curies":[{"name":"wp","href":"https:\/\/api.w.org\/{rel}","templated":true}]}}