{"id":3434525,"date":"2025-10-09T22:59:22","date_gmt":"2025-10-10T02:59:22","guid":{"rendered":"https:\/\/stoic-curie.212-227-153-4.plesk.page\/product\/amc-blade-sicherungskasten-8-sicherungen-seitenanschluesse\/"},"modified":"2026-02-24T23:35:15","modified_gmt":"2026-02-24T23:35:15","slug":"amc-blade-sicherungskasten-8-sicherungen-seitenanschluesse","status":"publish","type":"product","link":"https:\/\/stoic-curie.212-227-153-4.plesk.page\/de\/product\/amc-blade-sicherungskasten-8-sicherungen-seitenanschluesse\/","title":{"rendered":"AMC Blade Sicherungskasten 8 Sicherungen Seitenanschl\u00fcsse"},"content":{"rendered":"<p>AMC Blade Sicherungskasten 8 Sicherungen Seitenanschl\u00fcsse &#8211; AMC Blade-Sicherungskasten mit 8 Sicherungs-Seiteneing\u00e4ngen<\/p>\n","protected":false},"excerpt":{"rendered":"<p>AMC Blade Sicherungskasten 8 Sicherungen Seitenanschl\u00fcsse &#8211; AMC Blade-Sicherungskasten mit 8 Sicherungs-Seiteneing\u00e4ngen<\/p>\n","protected":false},"featured_media":5946488,"comment_status":"closed","ping_status":"closed","template":"","meta":[],"product_brand":[2830],"product_cat":[1453],"product_tag":[],"class_list":{"0":"post-3434525","1":"product","2":"type-product","3":"status-publish","4":"has-post-thumbnail","6":"product_brand-blue-sea-systems-de","7":"product_cat-elektrozubehoer","9":"first","10":"instock","11":"shipping-taxable","12":"purchasable","13":"product-type-simple"},"_links":{"self":[{"href":"https:\/\/stoic-curie.212-227-153-4.plesk.page\/de\/wp-json\/wp\/v2\/product\/3434525","targetHints":{"allow":["GET"]}}],"collection":[{"href":"https:\/\/stoic-curie.212-227-153-4.plesk.page\/de\/wp-json\/wp\/v2\/product"}],"about":[{"href":"https:\/\/stoic-curie.212-227-153-4.plesk.page\/de\/wp-json\/wp\/v2\/types\/product"}],"replies":[{"embeddable":true,"href":"https:\/\/stoic-curie.212-227-153-4.plesk.page\/de\/wp-json\/wp\/v2\/comments?post=3434525"}],"version-history":[{"count":0,"href":"https:\/\/stoic-curie.212-227-153-4.plesk.page\/de\/wp-json\/wp\/v2\/product\/3434525\/revisions"}],"wp:featuredmedia":[{"embeddable":true,"href":"https:\/\/stoic-curie.212-227-153-4.plesk.page\/de\/wp-json\/wp\/v2\/media\/5946488"}],"wp:attachment":[{"href":"https:\/\/stoic-curie.212-227-153-4.plesk.page\/de\/wp-json\/wp\/v2\/media?parent=3434525"}],"wp:term":[{"taxonomy":"product_brand","embeddable":true,"href":"https:\/\/stoic-curie.212-227-153-4.plesk.page\/de\/wp-json\/wp\/v2\/product_brand?post=3434525"},{"taxonomy":"product_cat","embeddable":true,"href":"https:\/\/stoic-curie.212-227-153-4.plesk.page\/de\/wp-json\/wp\/v2\/product_cat?post=3434525"},{"taxonomy":"product_tag","embeddable":true,"href":"https:\/\/stoic-curie.212-227-153-4.plesk.page\/de\/wp-json\/wp\/v2\/product_tag?post=3434525"}],"curies":[{"name":"wp","href":"https:\/\/api.w.org\/{rel}","templated":true}]}}