{"id":3434611,"date":"2025-10-09T22:59:26","date_gmt":"2025-10-10T02:59:26","guid":{"rendered":"https:\/\/stoic-curie.212-227-153-4.plesk.page\/product\/jg-speedfit-15mm-gleiches-t-stueck\/"},"modified":"2026-02-24T23:35:15","modified_gmt":"2026-02-24T23:35:15","slug":"jg-speedfit-15mm-gleiches-t-stueck","status":"publish","type":"product","link":"https:\/\/stoic-curie.212-227-153-4.plesk.page\/de\/product\/jg-speedfit-15mm-gleiches-t-stueck\/","title":{"rendered":"JG Speedfit 15mm Gleiches T-St\u00fcck"},"content":{"rendered":"<p>JG Speedfit 15mm Gleiches T-St\u00fcck &#8211; <\/p>\n<div>\n<p>Das John Guest Speedfit Druckpassst\u00fcck aus Kunststoff ist ideal f\u00fcr den Anschluss von Kunststoff- oder Kupferrohren in Heizungs- oder Wassersystemen. Das gleichwertige T-St\u00fcck verf\u00fcgt \u00fcber 3 gleichwertige Speedfit-Anschl\u00fcsse f\u00fcr 15-mm-Rohre. Diese Druckpassung hat eine bleifreie und ungiftige Bauweise und ist frei von Kalkablagerungen und Korrosion.<\/p>\n<p>Um die Installation durchzuf\u00fchren, dr\u00fccken Sie das Bauteil vollst\u00e4ndig auf das Rohr und drehen die Kunststoffmutter im Uhrzeigersinn, um es zu fixieren. Um die Verbindung zu l\u00f6sen, entriegeln Sie die Mutter und dr\u00fccken den H\u00fclsenring in Richtung des K\u00f6rpers des Bauteils, um das Rohr freizugeben. Die Druckpassung erleichtert die Installation an engen Stellen und reduziert die Installationszeit um bis zu 40 % im Vergleich zu herk\u00f6mmlichen Befestigungsmethoden.<\/p>\n<\/div>\n","protected":false},"excerpt":{"rendered":"<p>JG Speedfit 15mm Gleiches T-St\u00fcck &#8211; Das John Guest Speedfit Druckpassst\u00fcck aus Kunststoff ist ideal f\u00fcr den Anschluss von Kunststoff-<\/p>\n","protected":false},"featured_media":5946504,"comment_status":"closed","ping_status":"closed","template":"","meta":[],"product_brand":[3425],"product_cat":[1374],"product_tag":[],"class_list":{"0":"post-3434611","1":"product","2":"type-product","3":"status-publish","4":"has-post-thumbnail","6":"product_brand-speedfit-de","7":"product_cat-kunststoff-wasserinstallationsarmaturen","9":"first","10":"instock","11":"shipping-taxable","12":"purchasable","13":"product-type-simple"},"_links":{"self":[{"href":"https:\/\/stoic-curie.212-227-153-4.plesk.page\/de\/wp-json\/wp\/v2\/product\/3434611","targetHints":{"allow":["GET"]}}],"collection":[{"href":"https:\/\/stoic-curie.212-227-153-4.plesk.page\/de\/wp-json\/wp\/v2\/product"}],"about":[{"href":"https:\/\/stoic-curie.212-227-153-4.plesk.page\/de\/wp-json\/wp\/v2\/types\/product"}],"replies":[{"embeddable":true,"href":"https:\/\/stoic-curie.212-227-153-4.plesk.page\/de\/wp-json\/wp\/v2\/comments?post=3434611"}],"version-history":[{"count":0,"href":"https:\/\/stoic-curie.212-227-153-4.plesk.page\/de\/wp-json\/wp\/v2\/product\/3434611\/revisions"}],"wp:featuredmedia":[{"embeddable":true,"href":"https:\/\/stoic-curie.212-227-153-4.plesk.page\/de\/wp-json\/wp\/v2\/media\/5946504"}],"wp:attachment":[{"href":"https:\/\/stoic-curie.212-227-153-4.plesk.page\/de\/wp-json\/wp\/v2\/media?parent=3434611"}],"wp:term":[{"taxonomy":"product_brand","embeddable":true,"href":"https:\/\/stoic-curie.212-227-153-4.plesk.page\/de\/wp-json\/wp\/v2\/product_brand?post=3434611"},{"taxonomy":"product_cat","embeddable":true,"href":"https:\/\/stoic-curie.212-227-153-4.plesk.page\/de\/wp-json\/wp\/v2\/product_cat?post=3434611"},{"taxonomy":"product_tag","embeddable":true,"href":"https:\/\/stoic-curie.212-227-153-4.plesk.page\/de\/wp-json\/wp\/v2\/product_tag?post=3434611"}],"curies":[{"name":"wp","href":"https:\/\/api.w.org\/{rel}","templated":true}]}}