{"id":3434632,"date":"2025-10-09T22:59:27","date_gmt":"2025-10-10T02:59:27","guid":{"rendered":"https:\/\/stoic-curie.212-227-153-4.plesk.page\/product\/jg-speedfit-15mm-x-3-4-bsp-gerader-hahnanschluss\/"},"modified":"2026-02-24T23:35:15","modified_gmt":"2026-02-24T23:35:15","slug":"jg-speedfit-15mm-x-3-4-bsp-gerader-hahnanschluss","status":"publish","type":"product","link":"https:\/\/stoic-curie.212-227-153-4.plesk.page\/de\/product\/jg-speedfit-15mm-x-3-4-bsp-gerader-hahnanschluss\/","title":{"rendered":"JG Speedfit 15mm x 3\/4&#8243; BSP Gerader Hahnanschluss"},"content":{"rendered":"<p>JG Speedfit 15mm x 3\/4&#8243; BSP Gerader Hahnanschluss &#8211; <\/p>\n<div>\n<p>Die John Guest Speedfit Druckkonstruktion ist geeignet, um Kunststoff- oder Kupferrohre in Warm- oder Kaltwassersystemen zu verbinden. Der Wasserhahnanschluss verf\u00fcgt \u00fcber einen 3\/4&#8243; BSP Innenanschluss und einen Speedfit-Anschluss f\u00fcr 15 mm Rohre. Dieser Druckanschluss hat eine bleifrei und ungiftige Konstruktion und ist frei von Kalkablagerungen und Korrosion.<\/p>\n<p>Um die Verbindung herzustellen, schieben Sie das Fitting vollst\u00e4ndig auf das Rohr und drehen die Kunststoffmutter im Uhrzeigersinn, um sie zu verriegeln. Um die Verbindung zu l\u00f6sen, entriegeln Sie die Mutter, dr\u00fccken die \u00dcberwurfmutter in Richtung des K\u00f6rpers des Fittings und ziehen das Rohr heraus, um es zu l\u00f6sen. Das Druckfitting erleichtert die Installation an beengten Stellen und die Installationszeit kann im Vergleich zu herk\u00f6mmlichen Befestigungsmethoden um etwa 40 % reduziert werden.<\/p>\n<\/div>\n","protected":false},"excerpt":{"rendered":"<p>JG Speedfit 15mm x 3\/4&#8243; BSP Gerader Hahnanschluss &#8211; Die John Guest Speedfit Druckkonstruktion ist geeignet, um Kunststoff- oder Kupferrohre<\/p>\n","protected":false},"featured_media":5946509,"comment_status":"closed","ping_status":"closed","template":"","meta":[],"product_brand":[3425],"product_cat":[1374],"product_tag":[],"class_list":{"0":"post-3434632","1":"product","2":"type-product","3":"status-publish","4":"has-post-thumbnail","6":"product_brand-speedfit-de","7":"product_cat-kunststoff-wasserinstallationsarmaturen","9":"first","10":"instock","11":"shipping-taxable","12":"purchasable","13":"product-type-simple"},"_links":{"self":[{"href":"https:\/\/stoic-curie.212-227-153-4.plesk.page\/de\/wp-json\/wp\/v2\/product\/3434632","targetHints":{"allow":["GET"]}}],"collection":[{"href":"https:\/\/stoic-curie.212-227-153-4.plesk.page\/de\/wp-json\/wp\/v2\/product"}],"about":[{"href":"https:\/\/stoic-curie.212-227-153-4.plesk.page\/de\/wp-json\/wp\/v2\/types\/product"}],"replies":[{"embeddable":true,"href":"https:\/\/stoic-curie.212-227-153-4.plesk.page\/de\/wp-json\/wp\/v2\/comments?post=3434632"}],"version-history":[{"count":0,"href":"https:\/\/stoic-curie.212-227-153-4.plesk.page\/de\/wp-json\/wp\/v2\/product\/3434632\/revisions"}],"wp:featuredmedia":[{"embeddable":true,"href":"https:\/\/stoic-curie.212-227-153-4.plesk.page\/de\/wp-json\/wp\/v2\/media\/5946509"}],"wp:attachment":[{"href":"https:\/\/stoic-curie.212-227-153-4.plesk.page\/de\/wp-json\/wp\/v2\/media?parent=3434632"}],"wp:term":[{"taxonomy":"product_brand","embeddable":true,"href":"https:\/\/stoic-curie.212-227-153-4.plesk.page\/de\/wp-json\/wp\/v2\/product_brand?post=3434632"},{"taxonomy":"product_cat","embeddable":true,"href":"https:\/\/stoic-curie.212-227-153-4.plesk.page\/de\/wp-json\/wp\/v2\/product_cat?post=3434632"},{"taxonomy":"product_tag","embeddable":true,"href":"https:\/\/stoic-curie.212-227-153-4.plesk.page\/de\/wp-json\/wp\/v2\/product_tag?post=3434632"}],"curies":[{"name":"wp","href":"https:\/\/api.w.org\/{rel}","templated":true}]}}